{"id":122429,"date":"2026-04-08T00:00:00","date_gmt":"2026-04-07T22:00:00","guid":{"rendered":"https:\/\/gpl-love.com\/fr\/produit\/admin-columns-pro-jetengine\/"},"modified":"2026-04-09T00:30:15","modified_gmt":"2026-04-08T22:30:15","slug":"admin-columns-pro-jetengine","status":"publish","type":"product","link":"https:\/\/gpl-love.com\/fr\/produit\/admin-columns-pro-jetengine\/","title":{"rendered":"Admin Columns Pro Jet Engine 1.1.3"},"content":{"rendered":"<h3>Admin Columns Pro Jet Engine Traits<\/h3>\n<p>Admin Columns Pro Jet Engine, un outil tr\u00e8s efficace con\u00e7u pour am\u00e9liorer l&rsquo;exp\u00e9rience utilisateur des administrateurs de sites WordPress, propose une vaste gamme de fonctionnalit\u00e9s. Ce module compl\u00e9mentaire remarquable facilite la gestion et la personnalisation sans effort des colonnes dans le panneau d&rsquo;administration WordPress. Les utilisateurs peuvent sans effort ajouter, supprimer et r\u00e9organiser les colonnes via une interface de glisser-d\u00e9poser par les utilisateurs. De plus, cet outil exceptionnel permet aux utilisateurs de filtrer et de trier les donn\u00e9es en temps r\u00e9el, acc\u00e9l\u00e9rant consid\u00e9rablement le processus de localisation d&rsquo;informations sp\u00e9cifiques. B\u00e9n\u00e9ficiant d&rsquo;une int\u00e9gration transparente avec des plugins populaires comme WooCommerce et des champs personnalis\u00e9s avanc\u00e9s, les colonnes d&rsquo;administration Pro Jet Engine deviennent un atout indispensable pour les individus visant \u00e0 optimiser leur flux de travail et \u00e0 renforcer la productivit\u00e9. En conclusion, l&rsquo;immense valeur fournie par les colonnes d&rsquo;administration Pro Jet Engine rend la t\u00e2che de gestion des sites WordPress une brise absolue.<\/p>\n<ul>\n<li>Admin Columns Pro Jet Engine est un plugin puissant pour WordPress qui vous permet de personnaliser vos colonnes d&rsquo;administration et d&rsquo;am\u00e9liorer votre flux de travail.<\/li>\n<li>Il est livr\u00e9 avec une interface conviviale qui permet de g\u00e9rer facilement vos colonnes et de les personnaliser en fonction de vos besoins.<\/li>\n<li>Le plugin vous permet d&rsquo;ajouter ou de supprimer les colonnes, de modifier leur commande et de modifier leur contenu sans aucune connaissance de codage.<\/li>\n<li>De plus, Admin Columns Pro Jet Engine propose une gamme de fonctionnalit\u00e9s pour les utilisateurs avanc\u00e9s, y compris les filtres personnalis\u00e9s, les options de tri et les outils d&rsquo;\u00e9dition par lots.<\/li>\n<li>Avec ce plugin, vous pouvez gagner du temps et am\u00e9liorer votre productivit\u00e9 en rationalisant votre tableau de bord d&rsquo;administration et en le rendant plus efficace.<\/li>\n<li>Il est \u00e9galement con\u00e7u avec une flexibilit\u00e9 \u00e0 l&rsquo;esprit, vous permettant de personnaliser vos colonnes en fonction de diff\u00e9rents types de publication, des r\u00f4les des utilisateurs et des taxonomies.<\/li>\n<li>Admin Columns Pro Jet Engine est compatible avec une large gamme de plugins et de th\u00e8mes, ce qui en fait un outil polyvalent pour tout site WordPress.<\/li>\n<li>Il est livr\u00e9 avec un support d\u00e9di\u00e9 et des mises \u00e0 jour r\u00e9guli\u00e8res, en vous assurant que vous avez toujours acc\u00e8s aux derni\u00e8res fonctionnalit\u00e9s et fonctionnalit\u00e9s.<\/li>\n<li>Que vous soyez un utilisateur de WordPress d\u00e9butant ou exp\u00e9riment\u00e9, les colonnes d&rsquo;administration Pro Jet Engine peuvent vous aider \u00e0 optimiser votre tableau de bord d&rsquo;administration et \u00e0 simplifier votre flux de travail.<\/li>\n<\/ul>\n","protected":false},"excerpt":{"rendered":"<p>Admin Columns Pro Jet Engine Plugin est un plugin WordPress centr\u00e9 sur l&rsquo;utilisateur qui apporte une efficacit\u00e9 remarquable \u00e0 l&rsquo;interface de votre site Web. Ce plugin WordPress robuste est bien connu pour am\u00e9liorer l&rsquo;efficacit\u00e9 du site Web en fournissant une personnalisation efficace des colonnes d&rsquo;administration. L&rsquo;adaptation de l&rsquo;apparence des colonnes d&rsquo;administration \u00e0 vos pr\u00e9f\u00e9rences est une fonctionnalit\u00e9 cl\u00e9 des colonnes d&rsquo;administration Pro Jet Engine.<\/p>\n<p>Son influence b\u00e9n\u00e9fique s&rsquo;\u00e9tend aux propri\u00e9taires d&rsquo;entreprise, aux d\u00e9veloppeurs Web et aux blogueurs, leur offrant un outil unique pour am\u00e9liorer leur interface utilisateur WordPress. Avec ce plugin, vous pouvez rationaliser le flux de travail avec des plugins et gagner un temps consid\u00e9rable. Il offre la possibilit\u00e9 d&rsquo;organiser vos donn\u00e9es avec des colonnes d&rsquo;administration PRO, permettant un acc\u00e8s rapide dans WordPress et l&rsquo;activation des modifications en vrac avec Jet Engine.<\/p>\n<p>Les avantages des colonnes d&rsquo;administration Pro Jet Engine sont d&rsquo;innombrables, ce qui en fait un outil essentiel pour les processus de flux de travail WordPress. Il s&rsquo;agit d&rsquo;un plugin WordPress qui sauve le temps qui am\u00e9liore consid\u00e9rablement les capacit\u00e9s op\u00e9rationnelles de votre site. Que vous soyez un propri\u00e9taire d&rsquo;entreprise entreprenant utilisant des outils WordPress, un d\u00e9veloppeur Web chevronn\u00e9 utilisant des plugins WordPress, ou un blogueur passionn\u00e9 rationalisant votre flux de travail, Admin Columns Pro Jet<\/p>\n","protected":false},"featured_media":143029,"comment_status":"open","ping_status":"open","template":"","meta":[],"product_brand":[2442],"product_cat":[1189,1181,1186],"product_tag":[1185],"class_list":{"0":"post-122429","1":"product","2":"type-product","3":"status-publish","4":"has-post-thumbnail","6":"product_brand-admin-columns-pro","7":"product_cat-personnalisation","8":"product_cat-plugins","9":"product_cat-wordpress-plugins","10":"product_tag-admin-columns-pro","11":"member-discount","12":"discount-restricted","14":"first","15":"instock","16":"sale","17":"downloadable","18":"virtual","19":"sold-individually","20":"purchasable","21":"product-type-simple"},"_links":{"self":[{"href":"https:\/\/gpl-love.com\/fr\/wp-json\/wp\/v2\/product\/122429","targetHints":{"allow":["GET"]}}],"collection":[{"href":"https:\/\/gpl-love.com\/fr\/wp-json\/wp\/v2\/product"}],"about":[{"href":"https:\/\/gpl-love.com\/fr\/wp-json\/wp\/v2\/types\/product"}],"replies":[{"embeddable":true,"href":"https:\/\/gpl-love.com\/fr\/wp-json\/wp\/v2\/comments?post=122429"}],"wp:featuredmedia":[{"embeddable":true,"href":"https:\/\/gpl-love.com\/fr\/wp-json\/wp\/v2\/media\/143029"}],"wp:attachment":[{"href":"https:\/\/gpl-love.com\/fr\/wp-json\/wp\/v2\/media?parent=122429"}],"wp:term":[{"taxonomy":"product_brand","embeddable":true,"href":"https:\/\/gpl-love.com\/fr\/wp-json\/wp\/v2\/product_brand?post=122429"},{"taxonomy":"product_cat","embeddable":true,"href":"https:\/\/gpl-love.com\/fr\/wp-json\/wp\/v2\/product_cat?post=122429"},{"taxonomy":"product_tag","embeddable":true,"href":"https:\/\/gpl-love.com\/fr\/wp-json\/wp\/v2\/product_tag?post=122429"}],"curies":[{"name":"wp","href":"https:\/\/api.w.org\/{rel}","templated":true}]}}