{"id":122427,"date":"2026-03-06T00:00:00","date_gmt":"2026-03-05T23:00:00","guid":{"rendered":"https:\/\/gpl-love.com\/fr\/produit\/automatorwp-presto-player\/"},"modified":"2026-03-20T22:55:29","modified_gmt":"2026-03-20T21:55:29","slug":"automatorwp-presto-player","status":"publish","type":"product","link":"https:\/\/gpl-love.com\/fr\/produit\/automatorwp-presto-player\/","title":{"rendered":"AutomatorWP Presto Player 1.0.4"},"content":{"rendered":"<h3>AutomatorWP Presto Player Traits<\/h3>\n<p>Automatorwp Presto Player, un outil robuste, sert de moyen efficace de g\u00e9n\u00e9rer et d&rsquo;exposer du contenu vid\u00e9o de premier ordre sur votre site Web WordPress. Ce plugin remarquable vous accorde la capacit\u00e9 transparente \u00e0 int\u00e9grer de mani\u00e8re transparente Presto Player dans votre site Web, vous offrant la possibilit\u00e9 de pr\u00e9senter vos vid\u00e9os de mani\u00e8re professionnelle et conviviale. Tirant parti de son interface intuitive et conviviale, vous \u00eates autoris\u00e9 \u00e0 adapter votre lecteur vid\u00e9o \u00e0 s&rsquo;harmoniser avec l&rsquo;esth\u00e9tique globale de votre site Web. De plus, AutomatorWP Presto Player poss\u00e8de des capacit\u00e9s d&rsquo;automatisation avanc\u00e9es, facilitant la rationalisation des flux de travail vid\u00e9o et la r\u00e9duction du temps consacr\u00e9 aux t\u00e2ches manuelles laborieuses. Que vous soyez un cr\u00e9ateur de contenu accompli ou un propri\u00e9taire d&rsquo;entreprise astucieux, AutomatorWP Presto Player repr\u00e9sente une solution in\u00e9branlable et tr\u00e8s efficace pour toutes vos exigences li\u00e9es \u00e0 la vid\u00e9o.<\/p>\n<ul>\n<li>Int\u00e9gration transparente entre Automatorwp et Presto Player<\/li>\n<li>Permet des actions personnalis\u00e9es bas\u00e9es sur l&rsquo;engagement des utilisateurs avec Presto Player<\/li>\n<li>Automatise diverses t\u00e2ches li\u00e9es au lecteur pr\u00e9-le joueur, comme le d\u00e9marrage et l&rsquo;arr\u00eat des vid\u00e9os \u00e0 des moments pr\u00e9cis<\/li>\n<li>Facile \u00e0 utiliser et \u00e0 configurer sans aucune connaissance de codage requise<\/li>\n<li>Am\u00e9liore l&rsquo;exp\u00e9rience utilisateur en cr\u00e9ant une exp\u00e9rience vid\u00e9o plus personnalis\u00e9e et interactive<\/li>\n<li>Aide \u00e0 augmenter la r\u00e9tention des utilisateurs et \u00e0 entra\u00eener plus de conversions gr\u00e2ce \u00e0 des interactions vid\u00e9o cibl\u00e9es<\/li>\n<li>Augmente l&rsquo;efficacit\u00e9 en automatisant les t\u00e2ches r\u00e9p\u00e9titives, lib\u00e9rant du temps pour des t\u00e2ches plus importantes<\/li>\n<li>Compatible avec WordPress et d&rsquo;autres plates-formes de site Web populaires<\/li>\n<li>Mises \u00e0 jour r\u00e9guli\u00e8res et soutien du d\u00e9veloppeur pour assurer une fonctionnalit\u00e9 continue et une compatibilit\u00e9 avec les nouvelles technologies.<\/li>\n<\/ul>\n","protected":false},"excerpt":{"rendered":"<p>Automatorwp Presto Player est un lecteur vid\u00e9o de pointe qui am\u00e9liore les performances vid\u00e9o de votre site Web en un instant. Ce lecteur dynamique offre une flexibilit\u00e9 in\u00e9gal\u00e9e et un engagement des utilisateurs, vous permettant de cr\u00e9er des exp\u00e9riences vid\u00e9o personnalis\u00e9es pour votre public. Avec Presto Player, vous pouvez int\u00e9grer de mani\u00e8re transparente des vid\u00e9os dans votre site Web, offrant une exp\u00e9rience de lecture en douceur et sans tampon. Il est compatible avec AutomatorWP, un puissant plugin d&rsquo;automatisation qui permet une gestion efficace des sites Web. Automatorwp Presto Player propose \u00e9galement des fonctionnalit\u00e9s avanc\u00e9es telles que le contr\u00f4le de vitesse, les marqueurs de chapitre et les couleurs personnalisables du lecteur. Le processus de configuration facile et l&rsquo;interface conviviale en font un choix pr\u00e9cieux pour tout propri\u00e9taire de site Web. D\u00e9couvrez les meilleures performances vid\u00e9o et l&rsquo;automatisation avec AutomatorWP Presto Player.<\/p>\n","protected":false},"featured_media":143187,"comment_status":"open","ping_status":"open","template":"","meta":[],"product_brand":[2464],"product_cat":[1189,1181,1186],"product_tag":[2260],"class_list":{"0":"post-122427","1":"product","2":"type-product","3":"status-publish","4":"has-post-thumbnail","6":"product_brand-automatorwp","7":"product_cat-personnalisation","8":"product_cat-plugins","9":"product_cat-wordpress-plugins","10":"product_tag-automatorwp","11":"member-discount","12":"discount-restricted","14":"first","15":"instock","16":"sale","17":"downloadable","18":"virtual","19":"sold-individually","20":"purchasable","21":"product-type-simple"},"_links":{"self":[{"href":"https:\/\/gpl-love.com\/fr\/wp-json\/wp\/v2\/product\/122427","targetHints":{"allow":["GET"]}}],"collection":[{"href":"https:\/\/gpl-love.com\/fr\/wp-json\/wp\/v2\/product"}],"about":[{"href":"https:\/\/gpl-love.com\/fr\/wp-json\/wp\/v2\/types\/product"}],"replies":[{"embeddable":true,"href":"https:\/\/gpl-love.com\/fr\/wp-json\/wp\/v2\/comments?post=122427"}],"wp:featuredmedia":[{"embeddable":true,"href":"https:\/\/gpl-love.com\/fr\/wp-json\/wp\/v2\/media\/143187"}],"wp:attachment":[{"href":"https:\/\/gpl-love.com\/fr\/wp-json\/wp\/v2\/media?parent=122427"}],"wp:term":[{"taxonomy":"product_brand","embeddable":true,"href":"https:\/\/gpl-love.com\/fr\/wp-json\/wp\/v2\/product_brand?post=122427"},{"taxonomy":"product_cat","embeddable":true,"href":"https:\/\/gpl-love.com\/fr\/wp-json\/wp\/v2\/product_cat?post=122427"},{"taxonomy":"product_tag","embeddable":true,"href":"https:\/\/gpl-love.com\/fr\/wp-json\/wp\/v2\/product_tag?post=122427"}],"curies":[{"name":"wp","href":"https:\/\/api.w.org\/{rel}","templated":true}]}}