{"id":122421,"date":"2024-12-14T00:00:00","date_gmt":"2024-12-13T23:00:00","guid":{"rendered":"https:\/\/gpl-love.com\/fr\/produit\/bolts-transport-trucking-logistic-et-cargo-theme\/"},"modified":"2026-03-20T22:56:36","modified_gmt":"2026-03-20T21:56:36","slug":"bolts-transport-trucking-logistic-et-cargo-theme","status":"publish","type":"product","link":"https:\/\/gpl-love.com\/fr\/produit\/bolts-transport-trucking-logistic-et-cargo-theme\/","title":{"rendered":"Bolts Transport Trucking Logistic et Cargo Theme 2.1.1"},"content":{"rendered":"<h3>Bolts Transport Trucking Logistic et Cargo Theme Traits<\/h3>\n<p>Le th\u00e8me logistique et cargaison du camionnage Bolts Transport est un ensemble global qui convient tr\u00e8s bien aux entreprises op\u00e9rant dans l&rsquo;industrie du transport et de la logistique. En mettant fortement l&rsquo;accent sur la gestion efficace et simple des transports, ce th\u00e8me offre une multitude de fonctionnalit\u00e9s sp\u00e9cialement con\u00e7ues pour optimiser et rationaliser vos processus op\u00e9rationnels. Notamment, ce th\u00e8me comprend un syst\u00e8me de suivi de fret avanc\u00e9, un outil complet de gestion des exp\u00e9ditions, ainsi qu&rsquo;un syst\u00e8me de r\u00e9servation pratique qui permet \u00e0 vos clients estim\u00e9s de planifier sans effort leurs livraisons. B\u00e9n\u00e9ficiant d&rsquo;un design contemporain et \u00e9l\u00e9gant, ce th\u00e8me est enti\u00e8rement personnalisable, vous permettant de l&rsquo;adapter \u00e0 vos exigences et pr\u00e9f\u00e9rences sp\u00e9cifiques, tout en pr\u00eatant simultan\u00e9ment une esth\u00e9tique polie et professionnelle de votre site Web. Sans aucun doute, le th\u00e8me logistique et cargaison du camionnage des boulons repr\u00e9sente un choix exceptionnel pour toute entreprise exigeante cherchant \u00e0 am\u00e9liorer ses op\u00e9rations logistiques et \u00e0 rationaliser sa pr\u00e9sence en ligne de mani\u00e8re tr\u00e8s efficace.<\/p>\n<ul>\n<li>Design professionnel de haute qualit\u00e9 avec un th\u00e8me de transport de boulons<\/li>\n<li>Enti\u00e8rement personnalisable pour r\u00e9pondre \u00e0 vos besoins et pr\u00e9f\u00e9rences sp\u00e9cifiques<\/li>\n<li>Sensible au mobile pour une visualisation optimale sur tous les appareils<\/li>\n<li>Disposages et mod\u00e8les de plusieurs pages au choix<\/li>\n<li>Fonctionnalit\u00e9s int\u00e9gr\u00e9es pour le suivi des exp\u00e9ditions et la gestion de la logistique<\/li>\n<li>Navigation et interface utilisateur faciles \u00e0 utiliser<\/li>\n<li>S\u00e9o pour am\u00e9liorer le classement des moteurs de recherche<\/li>\n<li>Int\u00e9gration avec des plateformes de commerce \u00e9lectronique populaires pour les ventes en ligne<\/li>\n<li>Options de prix et de paiement flexibles<\/li>\n<li>Support technique expert et service client.<\/li>\n<\/ul>\n","protected":false},"excerpt":{"rendered":"<p>Bolts Transport Trucking Logistic and Cargo Le th\u00e8me est une solution sp\u00e9cialement con\u00e7ue pour toute entreprise qui cherche \u00e0 rationaliser ses op\u00e9rations de transport et de logistique. Ce th\u00e8me puissant est parfait pour les soci\u00e9t\u00e9s de camionnage, de logistique et de fret, offrant un ensemble robuste de fonctionnalit\u00e9s pour vous assurer que votre entreprise fonctionne bien. Avec les boulons, vous pouvez facilement g\u00e9rer tous les aspects de votre entreprise de transport et de logistique, du routage et de la planification au suivi des cargaisons et au service client. La conception r\u00e9active garantit que votre site Web a fi\u00e8re allure sur tous les appareils, tandis que la fonction de suivi des cargaisons avanc\u00e9 tient vos clients inform\u00e9s de leurs exp\u00e9ditions en temps r\u00e9el. Avec des options de personnalisation faciles, le th\u00e8me logistique et cargaison du camionnage de transport des boulons peut \u00eatre adapt\u00e9 \u00e0 votre marque, assurant une pr\u00e9sence en ligne professionnelle. Avec les boulons, vous n&rsquo;investissez pas seulement dans un th\u00e8me, vous investissez dans un outil puissant pour votre entreprise.<\/p>\n","protected":false},"featured_media":143263,"comment_status":"open","ping_status":"open","template":"","meta":[],"product_brand":[2444],"product_cat":[1516,1212,1213],"product_tag":[2309],"class_list":{"0":"post-122421","1":"product","2":"type-product","3":"status-publish","4":"has-post-thumbnail","6":"product_brand-proteus","7":"product_cat-entreprise","8":"product_cat-themes","9":"product_cat-wordpress-themes","10":"product_tag-proteus","11":"member-discount","12":"discount-restricted","14":"first","15":"instock","16":"sale","17":"downloadable","18":"virtual","19":"sold-individually","20":"purchasable","21":"product-type-simple"},"_links":{"self":[{"href":"https:\/\/gpl-love.com\/fr\/wp-json\/wp\/v2\/product\/122421","targetHints":{"allow":["GET"]}}],"collection":[{"href":"https:\/\/gpl-love.com\/fr\/wp-json\/wp\/v2\/product"}],"about":[{"href":"https:\/\/gpl-love.com\/fr\/wp-json\/wp\/v2\/types\/product"}],"replies":[{"embeddable":true,"href":"https:\/\/gpl-love.com\/fr\/wp-json\/wp\/v2\/comments?post=122421"}],"wp:featuredmedia":[{"embeddable":true,"href":"https:\/\/gpl-love.com\/fr\/wp-json\/wp\/v2\/media\/143263"}],"wp:attachment":[{"href":"https:\/\/gpl-love.com\/fr\/wp-json\/wp\/v2\/media?parent=122421"}],"wp:term":[{"taxonomy":"product_brand","embeddable":true,"href":"https:\/\/gpl-love.com\/fr\/wp-json\/wp\/v2\/product_brand?post=122421"},{"taxonomy":"product_cat","embeddable":true,"href":"https:\/\/gpl-love.com\/fr\/wp-json\/wp\/v2\/product_cat?post=122421"},{"taxonomy":"product_tag","embeddable":true,"href":"https:\/\/gpl-love.com\/fr\/wp-json\/wp\/v2\/product_tag?post=122421"}],"curies":[{"name":"wp","href":"https:\/\/api.w.org\/{rel}","templated":true}]}}