{"id":122405,"date":"2025-05-06T00:00:00","date_gmt":"2025-05-05T22:00:00","guid":{"rendered":"https:\/\/gpl-love.com\/fr\/produit\/auto-wordpress-theme\/"},"modified":"2026-03-20T22:55:18","modified_gmt":"2026-03-20T21:55:18","slug":"auto-wordpress-theme","status":"publish","type":"product","link":"https:\/\/gpl-love.com\/fr\/produit\/auto-wordpress-theme\/","title":{"rendered":"Auto WordPress Theme 2.2.2"},"content":{"rendered":"<h3>Auto WordPress Theme Traits<\/h3>\n<p>Le th\u00e8me Auto WordPress est un choix exceptionnel pour les personnes cherchant \u00e0 concevoir un site Web automobile sophistiqu\u00e9 et visuellement captivant, avec une interface remarquable conviviale. Notamment, sa conception r\u00e9active garantit un affichage impeccable sur divers appareils, augment\u00e9 davantage par une pl\u00e9thore de fonctionnalit\u00e9s, englobant des couleurs et des polices personnalisables, un assortiment de mod\u00e8les de page, ainsi que des plugins influents comme le compositeur visuel et le curseur de r\u00e9volution. With the Auto WordPress Theme at one&rsquo;s disposal, users are granted the seamless opportunity to flaunt their extensive inventory, highlight their exceptional services, and proudly present customer testimonials, rendering it the ultimate preference for car dealerships, mechanics, or any affiliated professional yearning to establish Une pr\u00e9sence en ligne remarquable au sein de l&rsquo;industrie automobile vaste.<\/p>\n<ul>\n<li>Design \u00e9l\u00e9gant et moderne avec des options personnalisables pour s&rsquo;adapter \u00e0 n&rsquo;importe quelle marque ou entreprise<\/li>\n<li>Des fonctionnalit\u00e9s int\u00e9gr\u00e9es telles que l&rsquo;int\u00e9gration des m\u00e9dias sociaux, les formulaires de contact et les capacit\u00e9s de commerce \u00e9lectronique<\/li>\n<li>Optimisation du r\u00e9f\u00e9rencement pour une am\u00e9lioration de la visibilit\u00e9 et du trafic des moteurs de recherche<\/li>\n<li>Mobile r\u00e9actif pour une visualisation transparente sur tous les appareils<\/li>\n<li>Facile \u00e0 utiliser et \u00e0 naviguer pour le propri\u00e9taire du site Web et les visiteurs<\/li>\n<li>Mises \u00e0 jour r\u00e9guli\u00e8res et support pour l&rsquo;optimisation et les fonctionnalit\u00e9s continues<\/li>\n<li>Int\u00e9gration avec des plugins WordPress populaires pour une personnalisation et une fonctionnalit\u00e9 suppl\u00e9mentaires<\/li>\n<li>Compatible avec les derni\u00e8res versions et normes WordPress pour la s\u00e9curit\u00e9 et les performances<\/li>\n<li>Acc\u00e8s \u00e0 une communaut\u00e9 utile et solidaire d&rsquo;utilisateurs et de d\u00e9veloppeurs.<\/li>\n<\/ul>\n","protected":false},"excerpt":{"rendered":"<p>Mettez \u00e0 niveau votre site Web d&rsquo;entreprise avec le th\u00e8me Auto WordPress &#8211; parfait pour les concessionnaires automobiles, les m\u00e9caniciens et les professionnels de l&rsquo;industrie automobile. Profitez de la compatibilit\u00e9 transparente du th\u00e8me avec WordPress, ce qui facilite l&rsquo;installation et la configuration. Le th\u00e8me Auto WordPress dispose d&rsquo;une conception propre et r\u00e9active garantissant des performances optimales sur tous les appareils. Avec ses options de personnalisation intuitives, vous pouvez facilement ajuster la disposition et le jeu de couleurs pour correspondre \u00e0 l&rsquo;esth\u00e9tique de votre marque. De plus, le th\u00e8me est livr\u00e9 avec des outils de r\u00e9f\u00e9rencement int\u00e9gr\u00e9s pour une meilleure visibilit\u00e9 en ligne et l&rsquo;int\u00e9gration WooCommerce pour les transactions en ligne sans effort. Ce th\u00e8me est con\u00e7u pour donner \u00e0 votre entreprise automobile une pr\u00e9sence en ligne professionnelle, am\u00e9liorer l&rsquo;engagement des clients et augmenter les ventes. D\u00e9couvrez la commodit\u00e9 et l&rsquo;efficacit\u00e9 du th\u00e8me Auto WordPress aujourd&rsquo;hui.<\/p>\n","protected":false},"featured_media":143174,"comment_status":"open","ping_status":"open","template":"","meta":[],"product_brand":[2444],"product_cat":[1516,1212,1213],"product_tag":[2309],"class_list":{"0":"post-122405","1":"product","2":"type-product","3":"status-publish","4":"has-post-thumbnail","6":"product_brand-proteus","7":"product_cat-entreprise","8":"product_cat-themes","9":"product_cat-wordpress-themes","10":"product_tag-proteus","11":"member-discount","12":"discount-restricted","14":"first","15":"instock","16":"sale","17":"downloadable","18":"virtual","19":"sold-individually","20":"purchasable","21":"product-type-simple"},"_links":{"self":[{"href":"https:\/\/gpl-love.com\/fr\/wp-json\/wp\/v2\/product\/122405","targetHints":{"allow":["GET"]}}],"collection":[{"href":"https:\/\/gpl-love.com\/fr\/wp-json\/wp\/v2\/product"}],"about":[{"href":"https:\/\/gpl-love.com\/fr\/wp-json\/wp\/v2\/types\/product"}],"replies":[{"embeddable":true,"href":"https:\/\/gpl-love.com\/fr\/wp-json\/wp\/v2\/comments?post=122405"}],"wp:featuredmedia":[{"embeddable":true,"href":"https:\/\/gpl-love.com\/fr\/wp-json\/wp\/v2\/media\/143174"}],"wp:attachment":[{"href":"https:\/\/gpl-love.com\/fr\/wp-json\/wp\/v2\/media?parent=122405"}],"wp:term":[{"taxonomy":"product_brand","embeddable":true,"href":"https:\/\/gpl-love.com\/fr\/wp-json\/wp\/v2\/product_brand?post=122405"},{"taxonomy":"product_cat","embeddable":true,"href":"https:\/\/gpl-love.com\/fr\/wp-json\/wp\/v2\/product_cat?post=122405"},{"taxonomy":"product_tag","embeddable":true,"href":"https:\/\/gpl-love.com\/fr\/wp-json\/wp\/v2\/product_tag?post=122405"}],"curies":[{"name":"wp","href":"https:\/\/api.w.org\/{rel}","templated":true}]}}