{"id":122403,"date":"2025-04-18T00:00:00","date_gmt":"2025-04-17T22:00:00","guid":{"rendered":"https:\/\/gpl-love.com\/fr\/produit\/beauty-wordpress-theme\/"},"modified":"2026-03-20T22:56:00","modified_gmt":"2026-03-20T21:56:00","slug":"beauty-wordpress-theme","status":"publish","type":"product","link":"https:\/\/gpl-love.com\/fr\/produit\/beauty-wordpress-theme\/","title":{"rendered":"Beauty WordPress Theme 1.8.0"},"content":{"rendered":"<h3>Beauty WordPress Theme Traits<\/h3>\n<p>Le th\u00e8me de la beaut\u00e9 WordPress, un th\u00e8me caract\u00e9ris\u00e9 par son design \u00e9l\u00e9gant et \u00e9l\u00e9gant, a \u00e9t\u00e9 sp\u00e9cialement cr\u00e9\u00e9 pour r\u00e9pondre aux sites Web de beaut\u00e9 et de bien-\u00eatre. La vraie beaut\u00e9 de ce th\u00e8me r\u00e9side dans sa conception enti\u00e8rement r\u00e9active, garantissant qu&rsquo;il s&rsquo;adapte de mani\u00e8re transparente et appara\u00eet visuellement sur n&rsquo;importe quel appareil, que ce soit un ordinateur de bureau, une tablette ou un smartphone. De plus, ses options hautement personnalisables vous offrent la libert\u00e9 cr\u00e9ative de cr\u00e9er un site Web avec une apparence distincte et individualiste qui capture sans effort votre vision unique.<\/p>\n<p>Ce th\u00e8me poss\u00e8de un \u00e9ventail impressionnant de fonctionnalit\u00e9s, y compris un curseur, un portefeuille et des dispositions de blogs con\u00e7ues pour pr\u00e9senter efficacement votre travail et votre contenu. En utilisant ces dispositions \u00e0 leur plein potentiel, vous pouvez captiver et engager sans effort votre public, laissant une impression durable. En outre, le th\u00e8me de la beaut\u00e9 WordPress est \u00e9quip\u00e9 d&rsquo;un assortiment de widgets personnalis\u00e9s, tels que des ic\u00f4nes des m\u00e9dias sociaux et un formulaire d&rsquo;abonnement \u00e0 newsletter, qui s&rsquo;av\u00e8rent \u00eatre des outils inestimables pour \u00e9tablir et favoriser les connexions avec votre public. Gr\u00e2ce \u00e0 l&rsquo;int\u00e9gration de ces widgets, vous pouvez cultiver efficacement un sentiment de communaut\u00e9 et vous engager activement avec vos lecteurs, abonn\u00e9s et clients potentiels.<\/p>\n<p>Que vous vous identifiiez en tant que blogueur de beaut\u00e9, propri\u00e9taire de spa ou maquilleur, le th\u00e8me de la beaut\u00e9 WordPress sert de choix par excellence pour la cr\u00e9ation d&rsquo;un site Web vraiment remarquable et con\u00e7u par des professionnels. En choisissant d&rsquo;utiliser ce th\u00e8me, vous prenez une d\u00e9cision consciente de vous lancer dans un voyage num\u00e9rique qui est visuellement \u00e9tonnant, fonctionnellement transparent et ind\u00e9niablement captivant. Alors qu&rsquo;est-ce que tu attends? Faites le saut et laissez le th\u00e8me de la beaut\u00e9 WordPress vous guider vers la cr\u00e9ation d&rsquo;un site Web qui est tout simplement extraordinaire!<\/p>\n<ul>\n<li>Un design \u00e9l\u00e9gant et moderne parfait pour les blogueurs et les entreprises de beaut\u00e9<\/li>\n<li>Enti\u00e8rement personnalisable avec plusieurs options de disposition et sch\u00e9mas de couleurs<\/li>\n<li>Int\u00e9gration Instagram int\u00e9gr\u00e9e pour pr\u00e9senter vos derniers messages et augmenter vos m\u00e9dias sociaux apr\u00e8s<\/li>\n<li>La conception r\u00e9active garantit que votre site Web a fi\u00e8re allure sur n&rsquo;importe quel appareil<\/li>\n<li>Builder de pages faciles \u00e0 utiliser avec fonctionnalit\u00e9 de glisser-d\u00e9poser pour personnaliser vos pages<\/li>\n<li>Compatibilit\u00e9 WooCommerce pour vendre des produits ou des services directement \u00e0 partir de votre site Web<\/li>\n<li>SEO optimis\u00e9 pour aider votre site Web \u00e0 se classer plus haut dans les r\u00e9sultats des moteurs de recherche<\/li>\n<li>Compatible avec des plugins populaires comme Yoast SEO et le formulaire de contact 7<\/li>\n<li>R\u00e9guli\u00e8rement mis \u00e0 jour avec de nouvelles fonctionnalit\u00e9s et fonctionnalit\u00e9s pour garder votre site Web \u00e0 jour et moderne<\/li>\n<li>Documentation compl\u00e8te et \u00e9quipe de support d\u00e9di\u00e9e pour vous aider \u00e0 chaque \u00e9tape.<\/li>\n<\/ul>\n","protected":false},"excerpt":{"rendered":"<p>Pr\u00e9sentation de notre th\u00e8me WordPress Beauty WordPress de conception complexe, un v\u00e9ritable bijou pour les blogueurs de beaut\u00e9, les propri\u00e9taires de salon et les amateurs de bien-\u00eatre. Ce th\u00e8me est un m\u00e9lange parfait d&rsquo;\u00e9l\u00e9gance et de fonctionnalit\u00e9, offrant une plate-forme hautement personnalisable pour pr\u00e9senter vos services ou produits. La conception r\u00e9active garantit que votre site est magnifique sur n&rsquo;importe quel appareil, offrant une exp\u00e9rience utilisateur transparente. Le th\u00e8me Beauty WordPress est rempli de fonctionnalit\u00e9s telles qu&rsquo;un syst\u00e8me de r\u00e9servation de rendez-vous facile \u00e0 utiliser, des galeries de photos pour afficher votre travail et une section de blog pour partager les informations de l&rsquo;industrie ou les conseils de beaut\u00e9. Il poss\u00e8de \u00e9galement un codage convivial pour le r\u00e9f\u00e9rencement, garantissant que votre site se classe bien sur les moteurs de recherche. Pour couronner le tout, nous offrons un support client d\u00e9di\u00e9 pour vous aider \u00e0 tirer le meilleur parti de votre th\u00e8me. Donnez \u00e0 votre beaut\u00e9 la pr\u00e9sence en ligne qu&rsquo;elle m\u00e9rite avec notre th\u00e8me de beaut\u00e9 WordPress.<\/p>\n","protected":false},"featured_media":143223,"comment_status":"open","ping_status":"open","template":"","meta":[],"product_brand":[2444],"product_cat":[1242,1212,1213],"product_tag":[2309],"class_list":{"0":"post-122403","1":"product","2":"type-product","3":"status-publish","4":"has-post-thumbnail","6":"product_brand-proteus","7":"product_cat-creatif","8":"product_cat-themes","9":"product_cat-wordpress-themes","10":"product_tag-proteus","11":"member-discount","12":"discount-restricted","14":"first","15":"instock","16":"sale","17":"downloadable","18":"virtual","19":"sold-individually","20":"purchasable","21":"product-type-simple"},"_links":{"self":[{"href":"https:\/\/gpl-love.com\/fr\/wp-json\/wp\/v2\/product\/122403","targetHints":{"allow":["GET"]}}],"collection":[{"href":"https:\/\/gpl-love.com\/fr\/wp-json\/wp\/v2\/product"}],"about":[{"href":"https:\/\/gpl-love.com\/fr\/wp-json\/wp\/v2\/types\/product"}],"replies":[{"embeddable":true,"href":"https:\/\/gpl-love.com\/fr\/wp-json\/wp\/v2\/comments?post=122403"}],"wp:featuredmedia":[{"embeddable":true,"href":"https:\/\/gpl-love.com\/fr\/wp-json\/wp\/v2\/media\/143223"}],"wp:attachment":[{"href":"https:\/\/gpl-love.com\/fr\/wp-json\/wp\/v2\/media?parent=122403"}],"wp:term":[{"taxonomy":"product_brand","embeddable":true,"href":"https:\/\/gpl-love.com\/fr\/wp-json\/wp\/v2\/product_brand?post=122403"},{"taxonomy":"product_cat","embeddable":true,"href":"https:\/\/gpl-love.com\/fr\/wp-json\/wp\/v2\/product_cat?post=122403"},{"taxonomy":"product_tag","embeddable":true,"href":"https:\/\/gpl-love.com\/fr\/wp-json\/wp\/v2\/product_tag?post=122403"}],"curies":[{"name":"wp","href":"https:\/\/api.w.org\/{rel}","templated":true}]}}