{"id":122393,"date":"2024-12-14T00:00:00","date_gmt":"2024-12-13T23:00:00","guid":{"rendered":"https:\/\/gpl-love.com\/fr\/produit\/structurepress-wordpress-theme\/"},"modified":"2026-03-20T23:37:21","modified_gmt":"2026-03-20T22:37:21","slug":"structurepress-wordpress-theme","status":"publish","type":"product","link":"https:\/\/gpl-love.com\/fr\/produit\/structurepress-wordpress-theme\/","title":{"rendered":"StructurePress WordPress Theme 1.11.6"},"content":{"rendered":"<h3>StructurePress WordPress Theme Traits<\/h3>\n<p>Le th\u00e8me WordPress StructurePress, avec sa diversit\u00e9 de fonctionnalit\u00e9s et d&rsquo;adaptabilit\u00e9, a \u00e9t\u00e9 con\u00e7u de mani\u00e8re experte pour r\u00e9pondre sp\u00e9cifiquement aux exigences des entreprises de construction, des cabinets d&rsquo;architecture et des entrepreneurs en construction. Non seulement il offre une gamme d&rsquo;options personnalisables, mais elle garantit \u00e9galement que votre site Web poss\u00e8de non seulement une apparence esth\u00e9tique, mais aussi un niveau \u00e9lev\u00e9 de fonctionnalit\u00e9 et de convivialit\u00e9. Gr\u00e2ce \u00e0 sa conception r\u00e9active, votre site Web sera en mesure de maintenir son attrait visuel sur tous les appareils, tandis que l&rsquo;inclusion de l&rsquo;outil puissant du g\u00e9n\u00e9rateur de pages simplifie le processus de g\u00e9n\u00e9ration de dispositions et de conceptions uniques. En outre, le th\u00e8me poss\u00e8de des fonctionnalit\u00e9s suppl\u00e9mentaires, telles que les types de publication personnalis\u00e9s pour les projets et les services, un panneau d&rsquo;options de th\u00e8me robuste et la compatibilit\u00e9 avec des plugins largement utilis\u00e9s comme le formulaire de contact 7 et WooCommerce. Que vous d\u00e9veloppez un site Web pour une entreprise de construction modeste ou un vaste cabinet d&rsquo;architecture, le th\u00e8me WordPress StructurePress vous offre tous les outils n\u00e9cessaires pour \u00e9tablir une pr\u00e9sence en ligne poli et captivante.<\/p>\n<ul>\n<li>Un th\u00e8me WordPress \u00e9l\u00e9gant et moderne con\u00e7u sp\u00e9cifiquement pour les entreprises de construction et d&rsquo;architecture<\/li>\n<li>Fonctionnalit\u00e9s int\u00e9gr\u00e9es pour pr\u00e9senter des projets et des portefeuilles, tels que des galeries de photos et des curseurs<\/li>\n<li>Page d&rsquo;accueil personnalisable avec plusieurs options de disposition et sections pour mettre en \u00e9vidence les services et les t\u00e9moignages<\/li>\n<li>Builder de page de glisser-d\u00e9poser facile \u00e0 utiliser pour cr\u00e9er des pages et des dispositions personnalis\u00e9es sans aucune connaissance de codage<\/li>\n<li>Int\u00e9gration avec WooCommerce pour cr\u00e9er une boutique en ligne enti\u00e8rement fonctionnelle pour vendre des produits et services<\/li>\n<li>Conception r\u00e9active qui a fi\u00e8re allure sur tous les appareils, y compris les ordinateurs de bureau, les tablettes et les smartphones<\/li>\n<li>Formulaire de contact int\u00e9gr\u00e9 et int\u00e9gration Google Maps pour faciliter que les visiteurs entrent en contact et trouvent facilement votre emplacement commercial<\/li>\n<li>Documentation approfondie et ressources de soutien pour vous aider \u00e0 tirer le meilleur parti du th\u00e8me<\/li>\n<li>Mises \u00e0 jour et am\u00e9liorations r\u00e9guli\u00e8res pour vous assurer que votre site Web reste \u00e0 jour avec les derni\u00e8res normes et tendances WordPress.<\/li>\n<\/ul>\n","protected":false},"excerpt":{"rendered":"<p>StructurePress est un th\u00e8me WordPress qui r\u00e9pond aux besoins des professionnels des industries de l&rsquo;architecture, de l&rsquo;ing\u00e9nierie et de la construction. Il offre une large gamme d&rsquo;options de personnalisation et de fonctionnalit\u00e9s pour am\u00e9liorer l&rsquo;apparence et les fonctionnalit\u00e9s de votre site Web. Con\u00e7u avec une esth\u00e9tique \u00e9l\u00e9gante et moderne, ce th\u00e8me permet aux utilisateurs de pr\u00e9senter efficacement leur travail et leurs services d&rsquo;une mani\u00e8re \u00e0 la fois impressionnante et professionnelle. De plus, il fournit des outils de personnalisation faciles \u00e0 utiliser pour des \u00e9l\u00e9ments tels que les logos, les couleurs et les polices, vous permettant de personnaliser votre site Web en fonction de vos pr\u00e9f\u00e9rences. De plus, sa conception r\u00e9active garantit que votre site Web semblera visuellement attrayant et fonctionnera en douceur sur divers appareils et tailles d&rsquo;\u00e9cran. En termes d&rsquo;optimisation, le th\u00e8me est convivial, ce qui signifie qu&rsquo;il est con\u00e7u pour am\u00e9liorer la visibilit\u00e9 et le classement de votre site Web dans les r\u00e9sultats des moteurs de recherche. De plus, il est optimis\u00e9 pour une vitesse de chargement rapide, en vous garantissant que votre site Web se charge rapidement et efficacement. En utilisant StructurePress, vous pouvez cr\u00e9er une pr\u00e9sence en ligne remarquable qui laissera une impression durable sur vos clients. De plus, il a le potentiel de stimuler la croissance globale de votre entreprise en attirant plus de clients et en \u00e9largissant votre port\u00e9e dans le paysage num\u00e9rique.<\/p>\n","protected":false},"featured_media":145346,"comment_status":"open","ping_status":"open","template":"","meta":[],"product_brand":[2444],"product_cat":[1242,1212,1213],"product_tag":[2309],"class_list":{"0":"post-122393","1":"product","2":"type-product","3":"status-publish","4":"has-post-thumbnail","6":"product_brand-proteus","7":"product_cat-creatif","8":"product_cat-themes","9":"product_cat-wordpress-themes","10":"product_tag-proteus","11":"member-discount","12":"discount-restricted","14":"first","15":"instock","16":"sale","17":"downloadable","18":"virtual","19":"sold-individually","20":"purchasable","21":"product-type-simple"},"_links":{"self":[{"href":"https:\/\/gpl-love.com\/fr\/wp-json\/wp\/v2\/product\/122393","targetHints":{"allow":["GET"]}}],"collection":[{"href":"https:\/\/gpl-love.com\/fr\/wp-json\/wp\/v2\/product"}],"about":[{"href":"https:\/\/gpl-love.com\/fr\/wp-json\/wp\/v2\/types\/product"}],"replies":[{"embeddable":true,"href":"https:\/\/gpl-love.com\/fr\/wp-json\/wp\/v2\/comments?post=122393"}],"wp:featuredmedia":[{"embeddable":true,"href":"https:\/\/gpl-love.com\/fr\/wp-json\/wp\/v2\/media\/145346"}],"wp:attachment":[{"href":"https:\/\/gpl-love.com\/fr\/wp-json\/wp\/v2\/media?parent=122393"}],"wp:term":[{"taxonomy":"product_brand","embeddable":true,"href":"https:\/\/gpl-love.com\/fr\/wp-json\/wp\/v2\/product_brand?post=122393"},{"taxonomy":"product_cat","embeddable":true,"href":"https:\/\/gpl-love.com\/fr\/wp-json\/wp\/v2\/product_cat?post=122393"},{"taxonomy":"product_tag","embeddable":true,"href":"https:\/\/gpl-love.com\/fr\/wp-json\/wp\/v2\/product_tag?post=122393"}],"curies":[{"name":"wp","href":"https:\/\/api.w.org\/{rel}","templated":true}]}}