{"id":122391,"date":"2024-12-14T00:00:00","date_gmt":"2024-12-13T23:00:00","guid":{"rendered":"https:\/\/gpl-love.com\/fr\/produit\/woondershop-woocommerce-theme-pour-ecommerce-professionals\/"},"modified":"2026-03-20T23:48:47","modified_gmt":"2026-03-20T22:48:47","slug":"woondershop-woocommerce-theme-pour-ecommerce-professionals","status":"publish","type":"product","link":"https:\/\/gpl-love.com\/fr\/produit\/woondershop-woocommerce-theme-pour-ecommerce-professionals\/","title":{"rendered":"WoonderShop WooCommerce Th\u00e8me pour eCommerce Professionals 4.2.0"},"content":{"rendered":"<h3>WoonderShop WooCommerce Th\u00e8me pour eCommerce Professionals Traits<\/h3>\n<p>Woondershop, un th\u00e8me WooCommerce exceptionnel m\u00e9ticuleusement con\u00e7u pour les praticiens comp\u00e9tents du commerce \u00e9lectronique, s&rsquo;av\u00e8re \u00eatre la solution ultime pour ceux qui aspirent \u00e0 \u00e9tablir un emporium en ligne \u00e9tonnamment professionnel et visuellement s\u00e9duisant. Ce th\u00e8me pr\u00e9sente une vaste gamme de fonctionnalit\u00e9s personnalisables, permettant la cr\u00e9ation d&rsquo;une apparence et d&rsquo;une ambiance vraiment distinctes pour votre magasin. \u00c0 l&rsquo;aide de Woondershop, pr\u00e9sentez sans effort votre assortiment, g\u00e9rez m\u00e9ticuleusement les stocks et surveillez sans effort vos ventes. De plus, ce th\u00e8me poss\u00e8de une r\u00e9activit\u00e9 compl\u00e8te, garantissant une pr\u00e9sentation impeccable de votre magasin sur tous les appareils. Que vous poss\u00e9diez une vaste exp\u00e9rience dans le domaine du commerce \u00e9lectronique ou que vous vous lanciez dans un voyage naissant, Woondershop sert d&rsquo;instrument par excellence pour acc\u00e9l\u00e9rer la croissance de votre entreprise en ligne.<\/p>\n<ul>\n<li>Th\u00e8me WooCommerce hautement personnalisable con\u00e7u pour les professionnels du commerce \u00e9lectronique<\/li>\n<li>Construit avec des performances \u00e0 l&rsquo;esprit pour des temps de chargement de page plus rapides et une meilleure exp\u00e9rience utilisateur<\/li>\n<li>Options de mise en page flexibles qui peuvent \u00eatre adapt\u00e9es pour s&rsquo;adapter \u00e0 tout type de boutique en ligne<\/li>\n<li>Comprend de puissantes fonctionnalit\u00e9s de commerce \u00e9lectronique telles que Add to Cart, Checkout et Payment Integration<\/li>\n<li>Optimis\u00e9 pour les moteurs de recherche avec des outils SEO int\u00e9gr\u00e9s<\/li>\n<li>Facile \u00e0 utiliser avec un constructeur de page de glisser-d\u00e9poser et une documentation \u00e9tendue<\/li>\n<li>Compatible avec les plugins WordPress populaires pour des fonctionnalit\u00e9s suppl\u00e9mentaires<\/li>\n<li>Mises \u00e0 jour r\u00e9guli\u00e8res et support client fourni par des d\u00e9veloppeurs exp\u00e9riment\u00e9s<\/li>\n<li>Parfait pour les magasins de mode en ligne, les produits de beaut\u00e9, l&rsquo;\u00e9lectronique et plus encore<\/li>\n<li>Mobile et tablette r\u00e9actif pour l&rsquo;exp\u00e9rience utilisateur transparent sur tous les appareils.<\/li>\n<\/ul>\n","protected":false},"excerpt":{"rendered":"<p>Woondershop, qui est un th\u00e8me WooCommerce \u00e9l\u00e9gamment con\u00e7u adapt\u00e9 aux professionnels du commerce \u00e9lectronique, propose une solution transparente et contemporaine. Gr\u00e2ce \u00e0 son constructeur de pages convivial, ses dispositions adaptables et ses fonctionnalit\u00e9s de pointe, le processus d&rsquo;\u00e9tablissement de votre magasin virtuel n&rsquo;a jamais \u00e9t\u00e9 aussi sans effort. Lib\u00e9rez votre cr\u00e9ativit\u00e9 en fa\u00e7onnant une rencontre de shopping personnalis\u00e9e pour votre client\u00e8le \u00e0 l&rsquo;aide de pages de produits personnalisables, une multitude de mod\u00e8les de page d&rsquo;accueil et une pl\u00e9thore de puissantes alternatives de recherche et filtrage. De plus, Woondershop int\u00e8gre des capacit\u00e9s de m\u00e9dias sociaux int\u00e9gr\u00e9es, un syst\u00e8me de caisse sans tracas et des outils d&rsquo;optimisation des moteurs de recherche (SEO) qui vous permettent d&rsquo;am\u00e9liorer votre visibilit\u00e9 en ligne et d&rsquo;augmenter vos chiffres de vente. Que vous soyez propri\u00e9taire d&rsquo;une entreprise \u00e0 petite \u00e9chelle ou d&rsquo;un marchand num\u00e9rique chevronn\u00e9, Woondershop sert de plate-forme id\u00e9ale pour manifester une vitrine virtuelle polie et captivante.<\/p>\n","protected":false},"featured_media":146089,"comment_status":"open","ping_status":"open","template":"","meta":[],"product_brand":[2444],"product_cat":[1238,1851,1212],"product_tag":[2309],"class_list":{"0":"post-122391","1":"product","2":"type-product","3":"status-publish","4":"has-post-thumbnail","6":"product_brand-proteus","7":"product_cat-commerce-electronique-themes","8":"product_cat-entreprise-commerce-electronique-themes","9":"product_cat-themes","10":"product_tag-proteus","11":"member-discount","12":"discount-restricted","14":"first","15":"instock","16":"sale","17":"downloadable","18":"virtual","19":"sold-individually","20":"purchasable","21":"product-type-simple"},"_links":{"self":[{"href":"https:\/\/gpl-love.com\/fr\/wp-json\/wp\/v2\/product\/122391","targetHints":{"allow":["GET"]}}],"collection":[{"href":"https:\/\/gpl-love.com\/fr\/wp-json\/wp\/v2\/product"}],"about":[{"href":"https:\/\/gpl-love.com\/fr\/wp-json\/wp\/v2\/types\/product"}],"replies":[{"embeddable":true,"href":"https:\/\/gpl-love.com\/fr\/wp-json\/wp\/v2\/comments?post=122391"}],"wp:featuredmedia":[{"embeddable":true,"href":"https:\/\/gpl-love.com\/fr\/wp-json\/wp\/v2\/media\/146089"}],"wp:attachment":[{"href":"https:\/\/gpl-love.com\/fr\/wp-json\/wp\/v2\/media?parent=122391"}],"wp:term":[{"taxonomy":"product_brand","embeddable":true,"href":"https:\/\/gpl-love.com\/fr\/wp-json\/wp\/v2\/product_brand?post=122391"},{"taxonomy":"product_cat","embeddable":true,"href":"https:\/\/gpl-love.com\/fr\/wp-json\/wp\/v2\/product_cat?post=122391"},{"taxonomy":"product_tag","embeddable":true,"href":"https:\/\/gpl-love.com\/fr\/wp-json\/wp\/v2\/product_tag?post=122391"}],"curies":[{"name":"wp","href":"https:\/\/api.w.org\/{rel}","templated":true}]}}