{"id":122389,"date":"2026-04-21T00:00:00","date_gmt":"2026-04-20T22:00:00","guid":{"rendered":"https:\/\/gpl-love.com\/fr\/produit\/listivo-classified-ads-et-directory-listing-theme\/"},"modified":"2026-04-21T18:30:33","modified_gmt":"2026-04-21T16:30:33","slug":"listivo-classified-ads-et-directory-listing-theme","status":"publish","type":"product","link":"https:\/\/gpl-love.com\/fr\/produit\/listivo-classified-ads-et-directory-listing-theme\/","title":{"rendered":"Listivo Classified Ads et Directory Listing Theme 2.3.83"},"content":{"rendered":"<h3>Listivo Classified Ads et Directory Listing Theme Traits<\/h3>\n<p>Le th\u00e8me des annonces et des annonces de r\u00e9pertoires classifi\u00e9s Listvo est un th\u00e8me WordPress impressionnant et multiforme qui a \u00e9t\u00e9 m\u00e9ticuleusement con\u00e7u pour vous aider dans la cr\u00e9ation d&rsquo;un site Web exceptionnellement professionnel et tr\u00e8s impactant, sp\u00e9cifiquement d\u00e9di\u00e9 \u00e0 la liste des publicit\u00e9s et r\u00e9pertoires classifi\u00e9s. En raison de son interface remarquablement conviviale et de ses attributs hautement personnalisables, Listvoo vous permet sans effort de fa\u00e7onner un site Web qui est pr\u00e9cis\u00e9ment align\u00e9 avec vos besoins et aspirations uniques. Que votre intention soit d&rsquo;\u00e9riger un r\u00e9pertoire simple pr\u00e9sentant des entreprises locales ou de construire une plate-forme en ligne vraiment compl\u00e8te, remplie de fonctionnalit\u00e9s de recherche de pointe et d&rsquo;options de filtrage avanc\u00e9es, Listvoa r\u00e9pond \u00e0 toutes vos exigences et bien plus encore. B\u00e9n\u00e9ficiant d&rsquo;un \u00e9ventail impressionnant de fonctionnalit\u00e9s, notamment la possibilit\u00e9 d&rsquo;int\u00e9grer des champs personnalis\u00e9s, la capacit\u00e9 d&rsquo;afficher des annonces sp\u00e9cifiques \u00e0 la localisation et un syst\u00e8me de soutien multi-langues complet, Listvo repr\u00e9sente sans \u00e9quivoque l&rsquo;\u00e9cartement du succ\u00e8s dans le domaine du d\u00e9veloppement commercial en ligne. Alors pourquoi en tarder davantage? Commencez votre voyage vers le triomphe retentissant aujourd&rsquo;hui et t\u00e9moigne de la simplicit\u00e9 et de la puissance in\u00e9branlables et de la puissance que Listivo offre sans faillite!<\/p>\n<ul>\n<li>Design de th\u00e8me \u00e9l\u00e9gant et moderne parfait pour les annonces classifi\u00e9es et les annonces de r\u00e9pertoires.<\/li>\n<li>Interface conviviale qui est facile pour les visiteurs pour naviguer et trouver ce qu&rsquo;ils recherchent.<\/li>\n<li>Disposition de page d&rsquo;accueil personnalisable avec six sections diff\u00e9rentes qui vous donnent la flexibilit\u00e9 de mettre en \u00e9vidence diff\u00e9rents types d&rsquo;annonces.<\/li>\n<li>Int\u00e9gration avec des passerelles de paiement populaires afin que vous puissiez facturer les listes ou les pr\u00e9senter sur la page d&rsquo;accueil.<\/li>\n<li>Plusieurs types d&rsquo;inscription, y compris les \u00e9v\u00e9nements, les produits, les services, etc.<\/li>\n<li>Fonctionnalit\u00e9 de recherche bas\u00e9e sur la localisation qui permet aux visiteurs de trouver des listes \u00e0 proximit\u00e9.<\/li>\n<li>Des formulaires de g\u00e9n\u00e9ration de leads int\u00e9gr\u00e9s qui permettent aux visiteurs de contacter facilement les propri\u00e9taires de listes et d&rsquo;engager une conversation.<\/li>\n<li>Des options de filtrage avanc\u00e9es qui aident les visiteurs \u00e0 affiner leurs r\u00e9sultats de recherche en fonction des crit\u00e8res comme la cat\u00e9gorie, la gamme de prix et l&#8217;emplacement.<\/li>\n<li>Design convivial pour le r\u00e9f\u00e9rencement optimis\u00e9 pour les classements des moteurs de recherche et garantit que votre site Web est facilement d\u00e9couvrable par les clients potentiels.<\/li>\n<li>Conception r\u00e9active qui a fi\u00e8re allure sur les ordinateurs de bureau, les tablettes et les appareils mobiles.<\/li>\n<\/ul>\n","protected":false},"excerpt":{"rendered":"<p>Le th\u00e8me des publicit\u00e9s et des annonces de r\u00e9pertoires classifi\u00e9s Listvo est un th\u00e8me WordPress incroyablement polyvalent et multiforme qui a \u00e9t\u00e9 con\u00e7u de mani\u00e8re experte dans l&rsquo;intention d&rsquo;aider les utilisateurs \u00e0 la cr\u00e9ation de sites Web de annonces et de r\u00e9pertoires classifi\u00e9s professionnelles et hautement personnalisables. B\u00e9n\u00e9ficiant d&rsquo;une \u00e9ventail de fonctionnalit\u00e9s conviviales et d&rsquo;une int\u00e9gration sans effort sans transparence avec certains des plugins les plus populaires actuellement disponibles, Listvoo garantit non seulement que le processus de cr\u00e9ation d&rsquo;une pr\u00e9sence en ligne puissante et percutante est consid\u00e9rablement facilit\u00e9, mais fournit \u00e9galement une solution incroyablement intuitive qui est Convient aux entreprises et aux particuliers. Que votre objectif soit de compiler une base de donn\u00e9es compl\u00e8te et compl\u00e8te des entreprises locales, de g\u00e9rer efficacement un conseil d&rsquo;administration ou de vendre et promouvoir de mani\u00e8re transparente un large \u00e9ventail de produits et de services, Listvo garantit que le r\u00e9sultat final sera un exceptionnellement r\u00e9actif et visuellement frappant visuellement site Web aussi dynamique que fonctionnel.<\/p>\n","protected":false},"featured_media":144387,"comment_status":"open","ping_status":"open","template":"","meta":[],"product_brand":[2433],"product_cat":[1242,1212,1213],"product_tag":[1366],"class_list":{"0":"post-122389","1":"product","2":"type-product","3":"status-publish","4":"has-post-thumbnail","6":"product_brand-themeforest","7":"product_cat-creatif","8":"product_cat-themes","9":"product_cat-wordpress-themes","10":"product_tag-themeforest","11":"member-discount","12":"discount-restricted","14":"first","15":"instock","16":"sale","17":"downloadable","18":"virtual","19":"sold-individually","20":"purchasable","21":"product-type-simple"},"_links":{"self":[{"href":"https:\/\/gpl-love.com\/fr\/wp-json\/wp\/v2\/product\/122389","targetHints":{"allow":["GET"]}}],"collection":[{"href":"https:\/\/gpl-love.com\/fr\/wp-json\/wp\/v2\/product"}],"about":[{"href":"https:\/\/gpl-love.com\/fr\/wp-json\/wp\/v2\/types\/product"}],"replies":[{"embeddable":true,"href":"https:\/\/gpl-love.com\/fr\/wp-json\/wp\/v2\/comments?post=122389"}],"wp:featuredmedia":[{"embeddable":true,"href":"https:\/\/gpl-love.com\/fr\/wp-json\/wp\/v2\/media\/144387"}],"wp:attachment":[{"href":"https:\/\/gpl-love.com\/fr\/wp-json\/wp\/v2\/media?parent=122389"}],"wp:term":[{"taxonomy":"product_brand","embeddable":true,"href":"https:\/\/gpl-love.com\/fr\/wp-json\/wp\/v2\/product_brand?post=122389"},{"taxonomy":"product_cat","embeddable":true,"href":"https:\/\/gpl-love.com\/fr\/wp-json\/wp\/v2\/product_cat?post=122389"},{"taxonomy":"product_tag","embeddable":true,"href":"https:\/\/gpl-love.com\/fr\/wp-json\/wp\/v2\/product_tag?post=122389"}],"curies":[{"name":"wp","href":"https:\/\/api.w.org\/{rel}","templated":true}]}}