{"id":122345,"date":"2023-06-13T00:00:00","date_gmt":"2023-06-12T22:00:00","guid":{"rendered":"https:\/\/gpl-love.com\/fr\/produit\/automatorwp-fluent-crm-2\/"},"modified":"2026-03-20T22:55:25","modified_gmt":"2026-03-20T21:55:25","slug":"automatorwp-fluent-crm-2","status":"publish","type":"product","link":"https:\/\/gpl-love.com\/fr\/produit\/automatorwp-fluent-crm-2\/","title":{"rendered":"AutomatorWP Groundhogg 1.0.7"},"content":{"rendered":"<h3>AutomatorWP Groundhogg Traits<\/h3>\n<p>Automatorwp Groundhogg est un outil d&rsquo;automatisation extr\u00eamement robuste qui vous offre la possibilit\u00e9 d&rsquo;automatiser efficacement vos flux de travail CRM Groundhogg. En vertu de cette int\u00e9gration transparente, vous pouvez cr\u00e9er et automatiser sans effort vos campagnes marketing, vos entonnoirs de vente et vos voyages clients. La beaut\u00e9 de cette int\u00e9gration r\u00e9side dans le fait que vous pouvez cr\u00e9er des workflows complexes qui d\u00e9clenchent de mani\u00e8re transparente des actions sp\u00e9cifiques lors de la survenue d&rsquo;un \u00e9v\u00e9nement d\u00e9sign\u00e9, tel que le transfert d&rsquo;un e-mail ou la modification du statut d&rsquo;un contact. Cet outil ing\u00e9nieux vous permet de rationaliser vos processus CRM et d&rsquo;am\u00e9liorer vos niveaux de productivit\u00e9 en m\u00e9cannant les t\u00e2ches de routine. Gr\u00e2ce aux capacit\u00e9s remarquables de Automatorwp Groundhogg, vous pouvez canaliser vos \u00e9nergies vers l&rsquo;expansion des entreprises et la fourniture d&rsquo;un service client de haut niveau, en sachant que les t\u00e2ches banales et longues sont g\u00e9r\u00e9es par cet outil d&rsquo;automatisation extraordinaire.<\/p>\n<ul>\n<li>Automatorwp Grondhogg est un plugin puissant con\u00e7u pour int\u00e9grer votre site WordPress avec Groundhogg, un puissant outil d&rsquo;automatisation marketing<\/li>\n<li>Avec Automatorwp Groundhogg, vous pouvez facilement automatiser des t\u00e2ches comme la cr\u00e9ation de contacts, l&rsquo;ajout d&rsquo;\u00e9tiquettes, l&rsquo;envoi d&rsquo;e-mails et plus<\/li>\n<li>Le plugin est livr\u00e9 avec une vari\u00e9t\u00e9 de d\u00e9clencheurs et d&rsquo;actions pr\u00e9d\u00e9finies que vous pouvez m\u00e9langer et assortir pour cr\u00e9er des workflows personnalis\u00e9s pour votre site<\/li>\n<li>Vous pouvez \u00e9galement utiliser les fonctionnalit\u00e9s avanc\u00e9es de segmentation et de rapport de Groundhogg pour suivre et analyser vos efforts de marketing<\/li>\n<li>AutomatorWP Groundhogg est facile \u00e0 utiliser et ne n\u00e9cessite aucune connaissance de codage ni expertise technique. Installez simplement le plugin, connectez-le \u00e0 votre compte Groundhogg et commencez \u00e0 automatiser vos t\u00e2ches de marketing<\/li>\n<li>Le plugin est hautement personnalisable et peut \u00eatre configur\u00e9 pour r\u00e9pondre aux besoins et aux exigences sp\u00e9cifiques de votre entreprise<\/li>\n<li>Automatorwp Groundhogg est r\u00e9guli\u00e8rement mis \u00e0 jour avec de nouvelles fonctionnalit\u00e9s et am\u00e9liorations en fonction des commentaires de nos utilisateurs<\/li>\n<li>Le plugin est \u00e9galement enti\u00e8rement soutenu par notre \u00e9quipe de d\u00e9veloppeurs experts, qui sont disponibles pour vous aider avec toutes les questions ou probl\u00e8mes que vous pourriez avoir.<\/li>\n<\/ul>\n","protected":false},"excerpt":{"rendered":"<p>Automatorwp Groundhogg est un outil d&rsquo;automatisation innovant et puissant con\u00e7u pour rationaliser et am\u00e9liorer votre site commercial WordPress. Ce plugin robuste s&rsquo;int\u00e8gre parfaitement \u00e0 Groundhogg, une plate-forme d&rsquo;automatisation marketing de premier plan, pour offrir une exp\u00e9rience efficace et conviviale. Avec AutomatorWP Groundhogg, vous pouvez automatiser des t\u00e2ches comme l&rsquo;envoi de courriels cibl\u00e9s, la gestion des contacts et le suivi de l&rsquo;engagement des utilisateurs, lib\u00e9rant votre temps et vos ressources. Non seulement il offre des options de personnalisation approfondies pour r\u00e9pondre aux besoins sp\u00e9cifiques de l&rsquo;entreprise, mais il est \u00e9galement incroyablement facile \u00e0 utiliser, m\u00eame pour les d\u00e9butants. De plus, sa compatibilit\u00e9 avec une large gamme d&rsquo;autres plugins et outils en fait un ajout polyvalent \u00e0 votre bo\u00eete \u00e0 outils WordPress. D\u00e9couvrez la commodit\u00e9 et l&rsquo;efficacit\u00e9 de Automatorwp Groundhogg aujourd&rsquo;hui et portez votre entreprise au niveau sup\u00e9rieur.<\/p>\n","protected":false},"featured_media":143183,"comment_status":"open","ping_status":"open","template":"","meta":[],"product_brand":[2464],"product_cat":[1189,1181,1186],"product_tag":[2260],"class_list":{"0":"post-122345","1":"product","2":"type-product","3":"status-publish","4":"has-post-thumbnail","6":"product_brand-automatorwp","7":"product_cat-personnalisation","8":"product_cat-plugins","9":"product_cat-wordpress-plugins","10":"product_tag-automatorwp","11":"member-discount","12":"discount-restricted","14":"first","15":"instock","16":"sale","17":"downloadable","18":"virtual","19":"sold-individually","20":"purchasable","21":"product-type-simple"},"_links":{"self":[{"href":"https:\/\/gpl-love.com\/fr\/wp-json\/wp\/v2\/product\/122345","targetHints":{"allow":["GET"]}}],"collection":[{"href":"https:\/\/gpl-love.com\/fr\/wp-json\/wp\/v2\/product"}],"about":[{"href":"https:\/\/gpl-love.com\/fr\/wp-json\/wp\/v2\/types\/product"}],"replies":[{"embeddable":true,"href":"https:\/\/gpl-love.com\/fr\/wp-json\/wp\/v2\/comments?post=122345"}],"wp:featuredmedia":[{"embeddable":true,"href":"https:\/\/gpl-love.com\/fr\/wp-json\/wp\/v2\/media\/143183"}],"wp:attachment":[{"href":"https:\/\/gpl-love.com\/fr\/wp-json\/wp\/v2\/media?parent=122345"}],"wp:term":[{"taxonomy":"product_brand","embeddable":true,"href":"https:\/\/gpl-love.com\/fr\/wp-json\/wp\/v2\/product_brand?post=122345"},{"taxonomy":"product_cat","embeddable":true,"href":"https:\/\/gpl-love.com\/fr\/wp-json\/wp\/v2\/product_cat?post=122345"},{"taxonomy":"product_tag","embeddable":true,"href":"https:\/\/gpl-love.com\/fr\/wp-json\/wp\/v2\/product_tag?post=122345"}],"curies":[{"name":"wp","href":"https:\/\/api.w.org\/{rel}","templated":true}]}}