{"id":122343,"date":"2024-09-10T00:00:00","date_gmt":"2024-09-09T22:00:00","guid":{"rendered":"https:\/\/gpl-love.com\/fr\/produit\/automatorwp-fluent-crm\/"},"modified":"2026-03-20T22:55:24","modified_gmt":"2026-03-20T21:55:24","slug":"automatorwp-fluent-crm","status":"publish","type":"product","link":"https:\/\/gpl-love.com\/fr\/produit\/automatorwp-fluent-crm\/","title":{"rendered":"AutomatorWP Fluent CRM 1.1.2"},"content":{"rendered":"<h3>AutomatorWP Fluent CRM Traits<\/h3>\n<p>Automatorwp CLUENT CRM est un outil d&rsquo;automatisation incroyablement robuste qui s&rsquo;int\u00e8gre de mani\u00e8re transparente \u00e0 CRM courant, facilitant ainsi la rationalisation de vos efforts de marketing. En tirant parti de cet outil, vous pouvez automatiser sans effort divers aspects de votre strat\u00e9gie marketing, notamment le marketing par e-mail, la g\u00e9n\u00e9ration de leads et les campagnes d&rsquo;engagement client. Ce qui distingue CRM Automatorwp CRM, c&rsquo;est sa vaste collection de workflows d&rsquo;automatisation pr\u00e9d\u00e9finis, qui peuvent \u00eatre facilement personnalis\u00e9s pour r\u00e9pondre \u00e0 vos besoins sp\u00e9cifiques. De plus, cet outil vous permet de suivre et de surveiller l&rsquo;activit\u00e9 des utilisateurs, d\u00e9clenchant par la suite des actions en fonction de leur comportement. En substance, Automatorwp CLM CRM vous fait non seulement gagner du temps et des efforts inestimables, mais maximise \u00e9galement l&rsquo;efficacit\u00e9 de vos efforts de marketing. Que vous soyez un propri\u00e9taire d&rsquo;une petite entreprise ou un professionnel de marketing chevronn\u00e9, cet outil indispensable est garanti pour propulser la croissance de votre entreprise \u00e0 de nouveaux sommets.<\/p>\n<ul>\n<li>Automatisation puissante et efficace pour votre CRM fluide<\/li>\n<li>Interface facile \u00e0 utiliser pour la construction d&rsquo;automations complexes en quelques clics<\/li>\n<li>Mod\u00e8les d&rsquo;automatisation pr\u00eats \u00e0 l&#8217;emploi pour vous faire gagner du temps et des efforts<\/li>\n<li>Int\u00e9grez avec plus de 300 applications et services, notamment WordPress, WooCommerce et Zapier<\/li>\n<li>Automatisez vos campagnes marketing, vos processus de vente, votre support client et plus encore<\/li>\n<li>D\u00e9clencheurs avanc\u00e9s et conditions pour cr\u00e9er des automatisations personnalis\u00e9es en fonction du comportement du client<\/li>\n<li>Analyse et journaux en temps r\u00e9el pour suivre les performances et les probl\u00e8mes de d\u00e9pannage<\/li>\n<li>Plans de prix abordables pour les entreprises de toutes tailles<\/li>\n<\/ul>\n","protected":false},"excerpt":{"rendered":"<p>Automatorwp Cluent CRM est un outil avanc\u00e9 con\u00e7u pour rationaliser votre processus de gestion de la relation client. Avec Fluent CRM, vous pouvez automatiser vos t\u00e2ches de marketing, de vente et de service client, lib\u00e9rant un temps et des ressources pr\u00e9cieux. Que vous envoyiez des e-mails personnalis\u00e9s, que vous suiviez les interactions des clients ou que vous g\u00e9riez votre pipeline de vente, l&rsquo;interface intuitive de CRM Fluent le rend simple et efficace. Les caract\u00e9ristiques cl\u00e9s incluent des analyses d\u00e9taill\u00e9es, des mod\u00e8les personnalisables et une int\u00e9gration transparente avec vos syst\u00e8mes existants. B\u00e9n\u00e9ficiez d&rsquo;un moyen plus intelligent et plus efficace de g\u00e9rer vos relations avec les clients avec Automatorwp Fluent CRM.<\/p>\n","protected":false},"featured_media":143181,"comment_status":"open","ping_status":"open","template":"","meta":[],"product_brand":[2464],"product_cat":[1189,1181,1186],"product_tag":[2260],"class_list":{"0":"post-122343","1":"product","2":"type-product","3":"status-publish","4":"has-post-thumbnail","6":"product_brand-automatorwp","7":"product_cat-personnalisation","8":"product_cat-plugins","9":"product_cat-wordpress-plugins","10":"product_tag-automatorwp","11":"member-discount","12":"discount-restricted","14":"first","15":"instock","16":"sale","17":"downloadable","18":"virtual","19":"sold-individually","20":"purchasable","21":"product-type-simple"},"_links":{"self":[{"href":"https:\/\/gpl-love.com\/fr\/wp-json\/wp\/v2\/product\/122343","targetHints":{"allow":["GET"]}}],"collection":[{"href":"https:\/\/gpl-love.com\/fr\/wp-json\/wp\/v2\/product"}],"about":[{"href":"https:\/\/gpl-love.com\/fr\/wp-json\/wp\/v2\/types\/product"}],"replies":[{"embeddable":true,"href":"https:\/\/gpl-love.com\/fr\/wp-json\/wp\/v2\/comments?post=122343"}],"wp:featuredmedia":[{"embeddable":true,"href":"https:\/\/gpl-love.com\/fr\/wp-json\/wp\/v2\/media\/143181"}],"wp:attachment":[{"href":"https:\/\/gpl-love.com\/fr\/wp-json\/wp\/v2\/media?parent=122343"}],"wp:term":[{"taxonomy":"product_brand","embeddable":true,"href":"https:\/\/gpl-love.com\/fr\/wp-json\/wp\/v2\/product_brand?post=122343"},{"taxonomy":"product_cat","embeddable":true,"href":"https:\/\/gpl-love.com\/fr\/wp-json\/wp\/v2\/product_cat?post=122343"},{"taxonomy":"product_tag","embeddable":true,"href":"https:\/\/gpl-love.com\/fr\/wp-json\/wp\/v2\/product_tag?post=122343"}],"curies":[{"name":"wp","href":"https:\/\/api.w.org\/{rel}","templated":true}]}}