{"id":122181,"date":"2026-03-26T00:00:00","date_gmt":"2026-03-25T23:00:00","guid":{"rendered":"https:\/\/gpl-love.com\/fr\/produit\/paid-memberships-pro\/"},"modified":"2026-04-10T18:35:52","modified_gmt":"2026-04-10T16:35:52","slug":"paid-memberships-pro","status":"publish","type":"product","link":"https:\/\/gpl-love.com\/fr\/produit\/paid-memberships-pro\/","title":{"rendered":"Paid Memberships Pro 3.7.1"},"content":{"rendered":"<h3>Paid Memberships Pro Traits<\/h3>\n<p>Pay\u00e9 Adhips Pro est un plugin d&rsquo;adh\u00e9sion tr\u00e8s robuste et multiforme qui a \u00e9t\u00e9 sp\u00e9cifiquement d\u00e9velopp\u00e9 pour aider les propri\u00e9taires de sites Web \u00e0 transformer leurs sites Web en entreprises en ligne r\u00e9ussies et lucratives. En utilisant son \u00e9ventail avanc\u00e9 de fonctionnalit\u00e9s, le plugin autorise les propri\u00e9taires de sites Web \u00e0 g\u00e9n\u00e9rer et \u00e0 g\u00e9rer sans effort divers niveaux d&rsquo;adh\u00e9sion, \u00e0 \u00e9tablir et \u00e0 configurer des plans d&rsquo;abonnement, \u00e0 s&rsquo;int\u00e9grer de mani\u00e8re transparente aux passerelles de paiement et \u00e0 prot\u00e9ger efficacement le contenu pr\u00e9cieux derri\u00e8re un mur d&rsquo;adh\u00e9sion s\u00e9curis\u00e9. Le plugin fournit un niveau de contr\u00f4le in\u00e9gal\u00e9 sur les facettes complexes de la gestion des membres, englobant des \u00e9l\u00e9ments indispensables tels que les profils des membres, les formulaires d&rsquo;enregistrement et les rappels de renouvellement en temps opportun. B\u00e9n\u00e9ficiant d&rsquo;une exp\u00e9rience utilisateur impeccable, les membres payants PRO peuvent \u00eatre enti\u00e8rement adapt\u00e9s et personnalis\u00e9s pour s&rsquo;aligner parfaitement sur la marque et la conception uniques de tout site Web donn\u00e9. En outre, le plugin repr\u00e9sente un processus de configuration remarquablement simple et sans tracas, compl\u00e9t\u00e9 par une assistance exceptionnelle et une documentation compl\u00e8te, permettant ainsi aux propri\u00e9taires de sites Web de tirer parti de mani\u00e8re optimale de leur potentiel de revenus d&rsquo;adh\u00e9sion. Par cons\u00e9quent, avec la mise en \u0153uvre inestimable des adh\u00e9sions payantes Pro, les propri\u00e9taires de sites Web peuvent capitaliser rapidement sur la rentabilit\u00e9 de leur site Web, culminant dans la cr\u00e9ation d&rsquo;un flux de revenus perp\u00e9tuel et durable pour leur entreprise estim\u00e9e.<\/p>\n<ul>\n<li>Plugin WordPress complet qui permet aux propri\u00e9taires de sites Web de cr\u00e9er et de g\u00e9rer les abonnements payants<\/li>\n<li>Interface facile \u00e0 utiliser qui permet une configuration et une personnalisation simples<\/li>\n<li>Offre des options de tarification flexibles et la possibilit\u00e9 de cr\u00e9er plusieurs niveaux d&rsquo;adh\u00e9sion<\/li>\n<li>Fournit diverses int\u00e9grations de passerelle de paiement, y compris PayPal et Stripe<\/li>\n<li>Permet la gestion des membres, y compris la cr\u00e9ation de compte, le renouvellement et l&rsquo;annulation<\/li>\n<li>Comprend des fonctionnalit\u00e9s de rapports et d&rsquo;analyse robustes pour suivre la croissance des membres et des revenus<\/li>\n<li>Offre des fonctionnalit\u00e9s avanc\u00e9es, telles que les pages de connexion personnalis\u00e9es et les r\u00e9pertoires membres, avec des extensions compl\u00e9mentaires<\/li>\n<li>Fournit un excellent support client et une communaut\u00e9 robuste d&rsquo;utilisateurs pour aider \u00e0 toute question ou probl\u00e8me.<\/li>\n<\/ul>\n","protected":false},"excerpt":{"rendered":"<p>Les membres payants Pay Pro sont un plugin d&rsquo;adh\u00e9sion exceptionnellement robuste et tr\u00e8s efficace sp\u00e9cialement con\u00e7u pour WordPress, vous offrant une vaste gamme de fonctionnalit\u00e9s pour cr\u00e9er et g\u00e9rer efficacement sans effort le contenu premium, les plans d&rsquo;abonnement et les profils des membres. En int\u00e9grant de mani\u00e8re transparente les int\u00e9grations de paiement int\u00e9gr\u00e9es, ce plugin remarquable vous permet de facturer sans effort et sans effort pour l&rsquo;acc\u00e8s \u00e0 votre contenu pr\u00e9cieux et exclusif tout en conservant sans effort un enregistrement pr\u00e9cis et complet de donn\u00e9es clients essentielles. De plus, avec un assortiment impressionnant de fonctionnalit\u00e9s personnalisables, des adh\u00e9sions payantes, Pro vous permet \u00e0 l&rsquo;adaptation parfaitement et avec pr\u00e9cision de votre site Web d&rsquo;adh\u00e9sion \u00e0 s&rsquo;aligner parfaitement et \u00e0 r\u00e9pondre \u00e0 vos exigences et objectifs commerciaux distinctifs et in\u00e9gal\u00e9s.<\/p>\n","protected":false},"featured_media":144911,"comment_status":"open","ping_status":"open","template":"","meta":[],"product_brand":[2620],"product_cat":[1300,1181,1186],"product_tag":[2307],"class_list":{"0":"post-122181","1":"product","2":"type-product","3":"status-publish","4":"has-post-thumbnail","6":"product_brand-paid-memberships-pro","7":"product_cat-adhesion","8":"product_cat-plugins","9":"product_cat-wordpress-plugins","10":"product_tag-paid-memberships-pro","11":"member-discount","12":"discount-restricted","14":"first","15":"instock","16":"sale","17":"downloadable","18":"virtual","19":"sold-individually","20":"purchasable","21":"product-type-simple"},"_links":{"self":[{"href":"https:\/\/gpl-love.com\/fr\/wp-json\/wp\/v2\/product\/122181","targetHints":{"allow":["GET"]}}],"collection":[{"href":"https:\/\/gpl-love.com\/fr\/wp-json\/wp\/v2\/product"}],"about":[{"href":"https:\/\/gpl-love.com\/fr\/wp-json\/wp\/v2\/types\/product"}],"replies":[{"embeddable":true,"href":"https:\/\/gpl-love.com\/fr\/wp-json\/wp\/v2\/comments?post=122181"}],"wp:featuredmedia":[{"embeddable":true,"href":"https:\/\/gpl-love.com\/fr\/wp-json\/wp\/v2\/media\/144911"}],"wp:attachment":[{"href":"https:\/\/gpl-love.com\/fr\/wp-json\/wp\/v2\/media?parent=122181"}],"wp:term":[{"taxonomy":"product_brand","embeddable":true,"href":"https:\/\/gpl-love.com\/fr\/wp-json\/wp\/v2\/product_brand?post=122181"},{"taxonomy":"product_cat","embeddable":true,"href":"https:\/\/gpl-love.com\/fr\/wp-json\/wp\/v2\/product_cat?post=122181"},{"taxonomy":"product_tag","embeddable":true,"href":"https:\/\/gpl-love.com\/fr\/wp-json\/wp\/v2\/product_tag?post=122181"}],"curies":[{"name":"wp","href":"https:\/\/api.w.org\/{rel}","templated":true}]}}