{"id":122167,"date":"2026-01-24T00:00:00","date_gmt":"2026-01-23T23:00:00","guid":{"rendered":"https:\/\/gpl-love.com\/fr\/produit\/paid-memberships-pro-address-for-free-levels-addon\/"},"modified":"2026-04-10T18:35:54","modified_gmt":"2026-04-10T16:35:54","slug":"paid-memberships-pro-address-for-free-levels-addon","status":"publish","type":"product","link":"https:\/\/gpl-love.com\/fr\/produit\/paid-memberships-pro-address-for-free-levels-addon\/","title":{"rendered":"Paid Memberships Pro Address For Free Levels Addon 0.6.2"},"content":{"rendered":"<h3>Paid Memberships Pro Address For Free Levels Addon Traits<\/h3>\n<p>L&rsquo;adresse des adh\u00e9sions payantes payantes pour des niveaux gratuits addon est un outil extr\u00eamement puissant qui accorde aux propri\u00e9taires de sites Web la possibilit\u00e9 d&rsquo;offrir des abonnements compl\u00e9mentaires tout en collectant simultan\u00e9ment les informations d&rsquo;adresse cruciale de leurs membres estim\u00e9s. Sp\u00e9cialement con\u00e7ue pour s&rsquo;int\u00e9grer de mani\u00e8re transparente au plugin Programmes des membres payants, cet addon offre aux propri\u00e9taires de sites Web un moyen rationalis\u00e9 et sans effort d&rsquo;amasser et de conserver en toute s\u00e9curit\u00e9 les donn\u00e9es d&rsquo;adresse vitale relatives \u00e0 leurs membres ch\u00e9ris. Arm\u00e9s de cet addon inestimable, les propri\u00e9taires de sites Web sont habilit\u00e9s \u00e0 g\u00e9rer et \u00e0 exploiter habilement les informations d&rsquo;adresse de leurs membres \u00e0 des fins de plusieurs fins, y compris, mais sans s&rsquo;y limiter, la r\u00e9partition exp\u00e9di\u00e9e des produits et la diffusion transparente des newsletters. De plus, cet addon poss\u00e8de un processus d&rsquo;installation et de configuration convivial, compl\u00e9t\u00e9 par une gamme diversifi\u00e9e d&rsquo;options de personnalisation qui sont m\u00e9ticuleusement adapt\u00e9es pour r\u00e9pondre aux exigences uniques de divers sites Web. En totalit\u00e9, l&rsquo;adresse des abonnements payants payants pour des niveaux gratuits, appara\u00eet sans \u00e9quivoque comme un outil indispensable pour chaque propri\u00e9taire de site Web exigeant qui aspire \u00e0 recueillir et \u00e0 rassembler consciencieusement les informations d&rsquo;adresse de leurs membres estim\u00e9s.<\/p>\n<ul>\n<li>Offre une solution simple et efficace pour offrir des niveaux d&rsquo;adh\u00e9sion gratuits aux membres de votre site Web<\/li>\n<li>S&rsquo;int\u00e8gre en douceur aux membres payants PRO PRO, l&rsquo;un des principaux plugins d&rsquo;adh\u00e9sion de WordPress<\/li>\n<li>Vous permet de cr\u00e9er un niveau d&rsquo;adh\u00e9sion gratuit et de restreindre l&rsquo;acc\u00e8s \u00e0 certains contenus sur votre site pour les utilisateurs gratuits<\/li>\n<li>Fournit une interface facile \u00e0 utiliser pour g\u00e9rer votre niveau d&rsquo;adh\u00e9sion gratuit, y compris la mise en place de formulaires d&rsquo;inscription et la personnalisation de l&rsquo;exp\u00e9rience des membres<\/li>\n<li>Vous permet d&rsquo;offrir des avantages sp\u00e9ciaux et des avantages sociaux \u00e0 vos membres gratuits afin de les inciter \u00e0 passer \u00e0 des abonnements payants<\/li>\n<li>Comprend des fonctionnalit\u00e9s de rapport int\u00e9gr\u00e9es qui vous permettent de suivre les utilisateurs qui se sont inscrits \u00e0 votre niveau d&rsquo;adh\u00e9sion gratuit et comment ils interagissent avec votre site<\/li>\n<li>Id\u00e9al pour quiconque cherche \u00e0 construire une communaut\u00e9 autour de son site Web ou \u00e0 offrir un contenu exclusif \u00e0 son public.<\/li>\n<\/ul>\n","protected":false},"excerpt":{"rendered":"<p>L&rsquo;adresse des abonnements payants payants pour les niveaux gratuits addon sert de solution impeccable et inestimable pour les entreprises qui souhaitent fournir des abonnements compl\u00e9mentaires tout en acqu\u00e9rant simultan\u00e9ment les d\u00e9tails de l&rsquo;adresse utilisateur, le tout de mani\u00e8re transparente. En utilisant cet addon tr\u00e8s avantageux, les entreprises peuvent inviter les utilisateurs sans effort \u00e0 saisir leurs informations d&rsquo;adresse dans le cadre du processus d&rsquo;enregistrement, qui peut ensuite \u00eatre en toute s\u00e9curit\u00e9 pr\u00e9serv\u00e9 pour une utilisation future. Cet outil est ind\u00e9niablement indispensable aux entreprises qui aspirent \u00e0 \u00e9tendre leurs listes de diffusion, \u00e0 ciblent g\u00e9ographiquement des r\u00e9gions sp\u00e9cifiques ou \u00e0 amasser simplement de pr\u00e9cieuses donn\u00e9es utilisateur. Remarquablement, avec l&rsquo;utilisation de l&rsquo;adresse des abonnements payants payants pour des niveaux gratuits, les entreprises peuvent garantir une exp\u00e9rience utilisateur exceptionnelle, tout en amassant efficacement des donn\u00e9es essentielles pour cultiver et am\u00e9liorer leur entreprise.<\/p>\n","protected":false},"featured_media":144913,"comment_status":"open","ping_status":"open","template":"","meta":[],"product_brand":[2620],"product_cat":[1207,1181,1186],"product_tag":[2307],"class_list":{"0":"post-122167","1":"product","2":"type-product","3":"status-publish","4":"has-post-thumbnail","6":"product_brand-paid-memberships-pro","7":"product_cat-commercialisation-wordpress-plugins","8":"product_cat-plugins","9":"product_cat-wordpress-plugins","10":"product_tag-paid-memberships-pro","11":"member-discount","12":"discount-restricted","14":"first","15":"instock","16":"sale","17":"downloadable","18":"virtual","19":"sold-individually","20":"purchasable","21":"product-type-simple"},"_links":{"self":[{"href":"https:\/\/gpl-love.com\/fr\/wp-json\/wp\/v2\/product\/122167","targetHints":{"allow":["GET"]}}],"collection":[{"href":"https:\/\/gpl-love.com\/fr\/wp-json\/wp\/v2\/product"}],"about":[{"href":"https:\/\/gpl-love.com\/fr\/wp-json\/wp\/v2\/types\/product"}],"replies":[{"embeddable":true,"href":"https:\/\/gpl-love.com\/fr\/wp-json\/wp\/v2\/comments?post=122167"}],"wp:featuredmedia":[{"embeddable":true,"href":"https:\/\/gpl-love.com\/fr\/wp-json\/wp\/v2\/media\/144913"}],"wp:attachment":[{"href":"https:\/\/gpl-love.com\/fr\/wp-json\/wp\/v2\/media?parent=122167"}],"wp:term":[{"taxonomy":"product_brand","embeddable":true,"href":"https:\/\/gpl-love.com\/fr\/wp-json\/wp\/v2\/product_brand?post=122167"},{"taxonomy":"product_cat","embeddable":true,"href":"https:\/\/gpl-love.com\/fr\/wp-json\/wp\/v2\/product_cat?post=122167"},{"taxonomy":"product_tag","embeddable":true,"href":"https:\/\/gpl-love.com\/fr\/wp-json\/wp\/v2\/product_tag?post=122167"}],"curies":[{"name":"wp","href":"https:\/\/api.w.org\/{rel}","templated":true}]}}