{"id":122163,"date":"2026-03-25T00:00:00","date_gmt":"2026-03-24T23:00:00","guid":{"rendered":"https:\/\/gpl-love.com\/fr\/produit\/paid-memberships-pro-approvals-addon\/"},"modified":"2026-04-10T18:35:55","modified_gmt":"2026-04-10T16:35:55","slug":"paid-memberships-pro-approvals-addon","status":"publish","type":"product","link":"https:\/\/gpl-love.com\/fr\/produit\/paid-memberships-pro-approvals-addon\/","title":{"rendered":"Paid Memberships Pro Approvals Addon 1.7"},"content":{"rendered":"<h3>Paid Memberships Pro Approvals Addon Traits<\/h3>\n<p>L&rsquo;addition des abonnements payants payants est un outil tr\u00e8s robuste et efficace qui offre aux propri\u00e9taires de sites Web la capacit\u00e9 d&rsquo;examiner et d&rsquo;autoriser manuellement les nouvelles adh\u00e9sions avant de leur accorder l&rsquo;acc\u00e8s au site. Cet addon remarquable s&rsquo;int\u00e8gre de mani\u00e8re transparente au plugin Paye Bedups Pro, facilitant ainsi la gestion sans effort des applications d&rsquo;adh\u00e9sion et garantissant que seules les personnes \u00e9ligibles sont accord\u00e9es de privil\u00e8ges d&rsquo;acc\u00e8s. En utilisant cet addon, les propri\u00e9taires de sites Web sont autoris\u00e9s \u00e0 adapter le processus d&rsquo;approbation conform\u00e9ment \u00e0 leurs exigences sp\u00e9cifiques, \u00e0 \u00e9tablir des notifications par e-mail personnalis\u00e9es et \u00e0 acc\u00e9der \u00e0 des rapports complets concernant l&rsquo;activit\u00e9 d&rsquo;adh\u00e9sion. Dans son int\u00e9gralit\u00e9, les adh\u00e9sions payantes PRO Approvales Addon sert d&rsquo;actif indispensable pour tout propri\u00e9taire de site Web cherchant \u00e0 optimiser leur proc\u00e9dure de gestion des membres et \u00e0 garantir la plus grande s\u00e9curit\u00e9 de leur site.<\/p>\n<ul>\n<li>Rationalise le processus d&rsquo;approbation des membres pour les adh\u00e9sions payantes pro<\/li>\n<li>Permet aux administrateurs de sites d&rsquo;approuver ou de rejeter facilement les demandes d&rsquo;adh\u00e9sion<\/li>\n<li>Fonctionnalit\u00e9s des e-mails d&rsquo;approbation personnalisables pour une touche plus professionnelle et personnalis\u00e9e<\/li>\n<li>Permet la cr\u00e9ation de formulaires de demande d&rsquo;adh\u00e9sion personnalis\u00e9s pour des niveaux d&rsquo;adh\u00e9sion sp\u00e9cifiques<\/li>\n<li>Offre la possibilit\u00e9 de poser des questions personnalis\u00e9es pendant le processus de demande d&rsquo;adh\u00e9sion<\/li>\n<li>Permet aux administrateurs de mettre en place l&rsquo;approbation automatique pour certains niveaux ou r\u00f4les d&rsquo;adh\u00e9sion<\/li>\n<li>Fournit une am\u00e9lioration de la gestion des membres en fournissant un aper\u00e7u des membres en attente et approuv\u00e9s<\/li>\n<li>Offre une int\u00e9gration transparente avec les abonnements payants et ses passerelles de paiement<\/li>\n<li>\u00c9limine le besoin d&rsquo;approbation manuelle et fournit un processus de demande d&rsquo;adh\u00e9sion sans tracas<\/li>\n<li>Aide \u00e0 garantir que seuls les membres les plus qualifi\u00e9s et les plus pertinents ont acc\u00e8s \u00e0 un contenu premium sur un site Web ou un blog.<\/li>\n<\/ul>\n","protected":false},"excerpt":{"rendered":"<p>Les adh\u00e9sions r\u00e9mun\u00e9r\u00e9es PRO approbaient Addon, un plugin innovant, a \u00e9t\u00e9 sp\u00e9cifiquement d\u00e9velopp\u00e9 pour am\u00e9liorer et acc\u00e9l\u00e9rer la proc\u00e9dure d&rsquo;approbation des inscriptions de nouveaux membres. En incorporant cet addon pratique, les administrateurs de sites sont autoris\u00e9s \u00e0 \u00e9valuer et \u00e0 autoriser ou \u00e0 refuser sans effort de nouvelles demandes d&rsquo;adh\u00e9sion, leur accordant ainsi une autorit\u00e9 am\u00e9lior\u00e9e dans la r\u00e9glementation de l&rsquo;acc\u00e8s \u00e0 des contenus ou des services exclusifs. De plus, l&rsquo;addon facilite la personnalisation des notifications par courrier \u00e9lectronique, pour s&rsquo;adresser \u00e0 la fois aux applications approuv\u00e9es et rejet\u00e9es, rationalisant ainsi la communication avec les membres potentiels et garantissant la plus grande efficacit\u00e9. Si vous vous retrouvez \u00e0 rechercher une solution pour rationaliser le processus d&rsquo;approbation et renforcer la gestion de votre site d&rsquo;adh\u00e9sion, ne cherchez pas plus loin que les adh\u00e9sions payantes \u00e0 l&rsquo;approbation de l&rsquo;approbation, car il est sans aucun doute un choix exceptionnel.<\/p>\n","protected":false},"featured_media":144915,"comment_status":"open","ping_status":"open","template":"","meta":[],"product_brand":[2620],"product_cat":[1187,1181,1186],"product_tag":[2307],"class_list":{"0":"post-122163","1":"product","2":"type-product","3":"status-publish","4":"has-post-thumbnail","6":"product_brand-paid-memberships-pro","7":"product_cat-administration-wordpress-plugins","8":"product_cat-plugins","9":"product_cat-wordpress-plugins","10":"product_tag-paid-memberships-pro","11":"member-discount","12":"discount-restricted","14":"first","15":"instock","16":"sale","17":"downloadable","18":"virtual","19":"sold-individually","20":"purchasable","21":"product-type-simple"},"_links":{"self":[{"href":"https:\/\/gpl-love.com\/fr\/wp-json\/wp\/v2\/product\/122163","targetHints":{"allow":["GET"]}}],"collection":[{"href":"https:\/\/gpl-love.com\/fr\/wp-json\/wp\/v2\/product"}],"about":[{"href":"https:\/\/gpl-love.com\/fr\/wp-json\/wp\/v2\/types\/product"}],"replies":[{"embeddable":true,"href":"https:\/\/gpl-love.com\/fr\/wp-json\/wp\/v2\/comments?post=122163"}],"wp:featuredmedia":[{"embeddable":true,"href":"https:\/\/gpl-love.com\/fr\/wp-json\/wp\/v2\/media\/144915"}],"wp:attachment":[{"href":"https:\/\/gpl-love.com\/fr\/wp-json\/wp\/v2\/media?parent=122163"}],"wp:term":[{"taxonomy":"product_brand","embeddable":true,"href":"https:\/\/gpl-love.com\/fr\/wp-json\/wp\/v2\/product_brand?post=122163"},{"taxonomy":"product_cat","embeddable":true,"href":"https:\/\/gpl-love.com\/fr\/wp-json\/wp\/v2\/product_cat?post=122163"},{"taxonomy":"product_tag","embeddable":true,"href":"https:\/\/gpl-love.com\/fr\/wp-json\/wp\/v2\/product_tag?post=122163"}],"curies":[{"name":"wp","href":"https:\/\/api.w.org\/{rel}","templated":true}]}}