{"id":122161,"date":"2025-02-12T00:00:00","date_gmt":"2025-02-11T23:00:00","guid":{"rendered":"https:\/\/gpl-love.com\/fr\/produit\/paid-memberships-pro-auto-renewal-checkbox\/"},"modified":"2026-04-10T18:35:56","modified_gmt":"2026-04-10T16:35:56","slug":"paid-memberships-pro-auto-renewal-checkbox","status":"publish","type":"product","link":"https:\/\/gpl-love.com\/fr\/produit\/paid-memberships-pro-auto-renewal-checkbox\/","title":{"rendered":"Paid Memberships Pro Auto Renewal Checkbox 0.4.1"},"content":{"rendered":"<h3>Paid Memberships Pro Auto Renewal Checkbox Traits<\/h3>\n<p>L&rsquo;inclusion de la case \u00e0 cocher Pays Adhips Pro Auto Renewal est une n\u00e9cessit\u00e9 imp\u00e9rative pour les entreprises en ligne qui fournissent des services bas\u00e9s sur des abonnements. Il offre aux membres la commodit\u00e9 de s&rsquo;inscrire \u00e0 des renouvellements automatiques pour leurs adh\u00e9sions, \u00e9liminant ainsi les inconv\u00e9nients associ\u00e9s aux renouvellements manuels. En mettant en \u0153uvre cette fonctionnalit\u00e9, les membres peuvent savourer un acc\u00e8s ininterrompu \u00e0 vos offres sans le fardeau de renouveler constamment leurs abonnements \u00e0 l&rsquo;expiration. De plus, cela attribue les entreprises \u00e0 freiner l&rsquo;attrition des clients et \u00e0 renforcer leurs revenus car il garantit que les membres ne perdent pas par inadvertance acc\u00e8s \u00e0 leurs abonnements en raison de la surveillance de leur renouvellement. Dans l&rsquo;ensemble, l&rsquo;achat de la case \u00e0 cocher Pays Adhips Pro Auto Renewal est un investissement louable pour les entreprises qui cherchent \u00e0 rationaliser leurs proc\u00e9dures d&rsquo;abonnement et \u00e0 am\u00e9liorer leur exp\u00e9rience client.<\/p>\n<ul>\n<li>Permet le renouvellement automatique des membres pour les membres payants<\/li>\n<li>R\u00e9duit la friction dans le processus de renouvellement des membres<\/li>\n<li>Assure un acc\u00e8s ininterrompu \u00e0 un contenu ou \u00e0 des services exclusifs pour les membres<\/li>\n<li>Fournit une commodit\u00e9 aux membres qui souhaitent continuer leur adh\u00e9sion<\/li>\n<li>Gave du temps et des efforts pour les membres et les administrateurs de sites<\/li>\n<li>Compatible avec les membres payants Plugin Pro, l&rsquo;une des solutions d&rsquo;adh\u00e9sion les plus populaires pour les sites Web WordPress<\/li>\n<li>Facile \u00e0 configurer et \u00e0 personnaliser pour diff\u00e9rents niveaux et dur\u00e9es d&rsquo;adh\u00e9sion<\/li>\n<li>Livr\u00e9 avec une documentation d\u00e9taill\u00e9e et un support du d\u00e9veloppeur du plugin<\/li>\n<li>Prix \u200b\u200babordables avec une option de paiement unique<\/li>\n<li>Stimule les taux de r\u00e9tention des membres et les revenus r\u00e9currents pour les entreprises en ligne<\/li>\n<\/ul>\n","protected":false},"excerpt":{"rendered":"<p>La case \u00e0 cocher Auto Renewal offerte par les adh\u00e9sions payantes Pay est une fonctionnalit\u00e9 extr\u00eamement pr\u00e9cieuse et pratique qui enl\u00e8ve les membres de l&rsquo;onus pour renouveler manuellement leur abonnement une fois qu&rsquo;il aura atteint sa date d&rsquo;expiration. Avec une simple tique de cette case \u00e0 cocher, les membres peuvent garantir sans effort un acc\u00e8s ininterrompu \u00e0 un contenu exclusif et de haute qualit\u00e9, ainsi qu&rsquo;une myriade d&rsquo;avantages d&rsquo;accompagnement. Cet attribut convivial et \u00e9conome en temps garantit non seulement une exp\u00e9rience transparente et sans tracas pour les utilisateurs, mais joue \u00e9galement un r\u00f4le central dans l&rsquo;augmentation de la fid\u00e9lit\u00e9 des clients et des niveaux de satisfaction globale.<\/p>\n","protected":false},"featured_media":144916,"comment_status":"open","ping_status":"open","template":"","meta":[],"product_brand":[2620],"product_cat":[1300,1181,1186],"product_tag":[2307],"class_list":{"0":"post-122161","1":"product","2":"type-product","3":"status-publish","4":"has-post-thumbnail","6":"product_brand-paid-memberships-pro","7":"product_cat-adhesion","8":"product_cat-plugins","9":"product_cat-wordpress-plugins","10":"product_tag-paid-memberships-pro","11":"member-discount","12":"discount-restricted","14":"first","15":"instock","16":"sale","17":"downloadable","18":"virtual","19":"sold-individually","20":"purchasable","21":"product-type-simple"},"_links":{"self":[{"href":"https:\/\/gpl-love.com\/fr\/wp-json\/wp\/v2\/product\/122161","targetHints":{"allow":["GET"]}}],"collection":[{"href":"https:\/\/gpl-love.com\/fr\/wp-json\/wp\/v2\/product"}],"about":[{"href":"https:\/\/gpl-love.com\/fr\/wp-json\/wp\/v2\/types\/product"}],"replies":[{"embeddable":true,"href":"https:\/\/gpl-love.com\/fr\/wp-json\/wp\/v2\/comments?post=122161"}],"wp:featuredmedia":[{"embeddable":true,"href":"https:\/\/gpl-love.com\/fr\/wp-json\/wp\/v2\/media\/144916"}],"wp:attachment":[{"href":"https:\/\/gpl-love.com\/fr\/wp-json\/wp\/v2\/media?parent=122161"}],"wp:term":[{"taxonomy":"product_brand","embeddable":true,"href":"https:\/\/gpl-love.com\/fr\/wp-json\/wp\/v2\/product_brand?post=122161"},{"taxonomy":"product_cat","embeddable":true,"href":"https:\/\/gpl-love.com\/fr\/wp-json\/wp\/v2\/product_cat?post=122161"},{"taxonomy":"product_tag","embeddable":true,"href":"https:\/\/gpl-love.com\/fr\/wp-json\/wp\/v2\/product_tag?post=122161"}],"curies":[{"name":"wp","href":"https:\/\/api.w.org\/{rel}","templated":true}]}}