{"id":122159,"date":"2022-03-17T00:00:00","date_gmt":"2022-03-16T23:00:00","guid":{"rendered":"https:\/\/gpl-love.com\/fr\/produit\/paid-memberships-pro-avatax-addon\/"},"modified":"2026-04-10T18:35:57","modified_gmt":"2026-04-10T16:35:57","slug":"paid-memberships-pro-avatax-addon","status":"publish","type":"product","link":"https:\/\/gpl-love.com\/fr\/produit\/paid-memberships-pro-avatax-addon\/","title":{"rendered":"Paid Memberships Pro AvaTax Addon 0.1"},"content":{"rendered":"<h3>Paid Memberships Pro AvaTax Addon Traits<\/h3>\n<p>L&rsquo;addition des membres payants Pro Avatax est un outil exceptionnellement puissant m\u00e9ticuleusement con\u00e7u pour aider les entreprises \u00e0 rationaliser leur processus de conformit\u00e9 fiscale, r\u00e9pondant \u00e0 la nature en constante \u00e9volution des lois fiscales. En tirant parti de cet addon, les utilisateurs sont autoris\u00e9s \u00e0 calculer et \u00e0 appliquer sans effort la taxe de vente \u00e0 leurs frais et transactions d&rsquo;adh\u00e9sion, garantissant ainsi leur adh\u00e9sion in\u00e9branlable aux r\u00e9glementations fiscales. L&rsquo;int\u00e9gration d&rsquo;Avatax accorde aux entreprises la possibilit\u00e9 d&rsquo;automatiser leurs calculs d&rsquo;imp\u00f4t, simplifiant ainsi la gestion et minimisant consid\u00e9rablement la probabilit\u00e9 d&rsquo;erreurs. En outre, cet addon poss\u00e8de une pl\u00e9thore d&rsquo;attributs avanc\u00e9s, y compris, mais sans s&rsquo;y limiter, la gestion de l&rsquo;exon\u00e9ration, la validation d&rsquo;adresses et les rapports, ce qui le rend un actif indispensable pour toute entreprise cherchant \u00e0 rationaliser ses op\u00e9rations de conformit\u00e9 fiscale. En vertu des adh\u00e9sions r\u00e9mun\u00e9r\u00e9es Pro Avatax Addon, les entreprises ont la possibilit\u00e9 d&rsquo;\u00e9conomiser du temps et des ressources pr\u00e9cieux tout en maintenant une stricte conformit\u00e9 aux lois fiscales.<\/p>\n<ul>\n<li>Active le calcul de l&rsquo;imp\u00f4t automatique pour les adh\u00e9sions payantes Pro transactions<\/li>\n<li>S&rsquo;int\u00e8gre au logiciel Avatax d&rsquo;Avalara, une solution de conformit\u00e9 fiscale largement fiable et couramment utilis\u00e9e<\/li>\n<li>Peut \u00eatre configur\u00e9 pour g\u00e9rer les r\u00e8gles fiscales complexes, y compris des taux d&rsquo;imposition variables en fonction de l&#8217;emplacement et du type de produit<\/li>\n<li>Fournit des calculs d&rsquo;imp\u00f4t en temps r\u00e9el pour les transactions, r\u00e9duisant le risque d&rsquo;erreurs ou de non-conformit\u00e9<\/li>\n<li>Applique automatiquement les imp\u00f4ts aux transactions, en r\u00e9duisant le fardeau administratif de la gestion des imp\u00f4ts manuellement<\/li>\n<li>Offre des options d&rsquo;exon\u00e9ration flexibles fiscales, permettant aux organisations d&rsquo;exempter des membres ou des transactions sp\u00e9cifiques des taxes au besoin<\/li>\n<li>Peut g\u00e9n\u00e9rer des rapports fiscaux d\u00e9taill\u00e9s et des sentiers d&rsquo;audit \u00e0 des fins de conformit\u00e9 et de comptabilit\u00e9<\/li>\n<li>Fournit des fonctionnalit\u00e9s de s\u00e9curit\u00e9 am\u00e9lior\u00e9es pour prot\u00e9ger les informations sensibles des clients et des transactions<\/li>\n<li>Comprend un support d\u00e9di\u00e9 et des mises \u00e0 jour en cours pour assurer un calcul et une conformit\u00e9 fiscales coh\u00e9rents et fiables.<\/li>\n<li>Compatible avec le plugin WordPress et les adh\u00e9sions payantes, et ne n\u00e9cessite aucune connaissance de codage pour configurer et utiliser.<\/li>\n<\/ul>\n","protected":false},"excerpt":{"rendered":"<p>L&rsquo;addition des membres payants Pro Avatax, \u00e9quip\u00e9 de ses capacit\u00e9s robustes, a pour objectif de faciliter la rationalisation de votre processus de gestion fiscale. En s&rsquo;int\u00e9grant de mani\u00e8re transparente \u00e0 votre compte d&rsquo;adh\u00e9sion payante payante, cet addon profite de la plate-forme Avalara Avatax pour calculer automatiquement votre taxe de vente. Cette fonctionnalit\u00e9 vous assure de rester constamment conforme aux lois fiscales les plus r\u00e9centes, tout en r\u00e9duisant consid\u00e9rablement le temps et les efforts que vous auriez autrement \u00e0 investir dans la gestion de vos imp\u00f4ts. Que vous soyez exploit\u00e9 une entreprise de taille modeste ou que vous supervisiez les op\u00e9rations d&rsquo;un site d&rsquo;adh\u00e9sion substantiel, les membres payants PRO Avatax se pr\u00e9sentent comme la solution id\u00e9ale pour simplifier votre processus fiscal.<\/p>\n","protected":false},"featured_media":144917,"comment_status":"open","ping_status":"open","template":"","meta":[],"product_brand":[2620],"product_cat":[1187,1181,1186],"product_tag":[2307],"class_list":{"0":"post-122159","1":"product","2":"type-product","3":"status-publish","4":"has-post-thumbnail","6":"product_brand-paid-memberships-pro","7":"product_cat-administration-wordpress-plugins","8":"product_cat-plugins","9":"product_cat-wordpress-plugins","10":"product_tag-paid-memberships-pro","11":"member-discount","12":"discount-restricted","14":"first","15":"instock","16":"sale","17":"downloadable","18":"virtual","19":"sold-individually","20":"purchasable","21":"product-type-simple"},"_links":{"self":[{"href":"https:\/\/gpl-love.com\/fr\/wp-json\/wp\/v2\/product\/122159","targetHints":{"allow":["GET"]}}],"collection":[{"href":"https:\/\/gpl-love.com\/fr\/wp-json\/wp\/v2\/product"}],"about":[{"href":"https:\/\/gpl-love.com\/fr\/wp-json\/wp\/v2\/types\/product"}],"replies":[{"embeddable":true,"href":"https:\/\/gpl-love.com\/fr\/wp-json\/wp\/v2\/comments?post=122159"}],"wp:featuredmedia":[{"embeddable":true,"href":"https:\/\/gpl-love.com\/fr\/wp-json\/wp\/v2\/media\/144917"}],"wp:attachment":[{"href":"https:\/\/gpl-love.com\/fr\/wp-json\/wp\/v2\/media?parent=122159"}],"wp:term":[{"taxonomy":"product_brand","embeddable":true,"href":"https:\/\/gpl-love.com\/fr\/wp-json\/wp\/v2\/product_brand?post=122159"},{"taxonomy":"product_cat","embeddable":true,"href":"https:\/\/gpl-love.com\/fr\/wp-json\/wp\/v2\/product_cat?post=122159"},{"taxonomy":"product_tag","embeddable":true,"href":"https:\/\/gpl-love.com\/fr\/wp-json\/wp\/v2\/product_tag?post=122159"}],"curies":[{"name":"wp","href":"https:\/\/api.w.org\/{rel}","templated":true}]}}