{"id":122155,"date":"2025-03-22T00:00:00","date_gmt":"2025-03-21T23:00:00","guid":{"rendered":"https:\/\/gpl-love.com\/fr\/produit\/paid-memberships-pro-gift-levels-addon\/"},"modified":"2026-04-10T18:36:00","modified_gmt":"2026-04-10T16:36:00","slug":"paid-memberships-pro-gift-levels-addon","status":"publish","type":"product","link":"https:\/\/gpl-love.com\/fr\/produit\/paid-memberships-pro-gift-levels-addon\/","title":{"rendered":"Paid Memberships Pro Gift Levels Addon 1.1.1"},"content":{"rendered":"<h3>Paid Memberships Pro Gift Levels Addon Traits<\/h3>\n<p>Les adh\u00e9sions payantes PRO PRO Gift Level Addon se pr\u00e9sente comme un instrument extr\u00eamement pr\u00e9cieux pour les entreprises qui aspirent \u00e0 am\u00e9liorer leur fid\u00e9lit\u00e9 et leur r\u00e9tention de client\u00e8le. Ce plugin extr\u00eamement puissant accorde aux propri\u00e9taires de sites Web la capacit\u00e9 de concevoir divers niveaux de cadeaux pour leurs membres, leur permettant ainsi de accorder des r\u00e9compenses et des privil\u00e8ges distinctifs sur les personnes qui d\u00e9montrent une all\u00e9geance in\u00e9branlable \u00e0 la marque. Que ce soit l&rsquo;intention de fournir des marchandises compl\u00e9mentaires, du contenu exclusif ou un acc\u00e8s \u00e0 des fonctionnalit\u00e9s premium, les niveaux de cadeaux composent le processus d&rsquo;\u00e9tablissement et de supervision de tous ces aspects via un tableau de bord singulier et consolid\u00e9. Avec son interface remarquablement conviviale et ses fonctionnalit\u00e9s exceptionnellement robustes, cet addon suppose incontestablement le statut d&rsquo;un actif incontournable pour toute entreprise s&rsquo;effor\u00e7ant de propulser son engagement client \u00e0 des hauteurs sans pr\u00e9c\u00e9dent.<\/p>\n<ul>\n<li>Permet aux propri\u00e9taires de sites Web de cr\u00e9er des niveaux de cadeaux diff\u00e9rents pour leurs abonnements r\u00e9mun\u00e9r\u00e9s<\/li>\n<li>Offre une flexibilit\u00e9 en termes de tarification des cadeaux et d&rsquo;avantages<\/li>\n<li>Peut \u00eatre utilis\u00e9 pour inciter les membres \u00e0 mettre \u00e0 niveau leur niveau d&rsquo;abonnement ou \u00e0 attirer de nouveaux abonn\u00e9s<\/li>\n<li>Les niveaux de cadeaux peuvent \u00eatre personnalis\u00e9s pour r\u00e9pondre aux exigences sp\u00e9cifiques du propri\u00e9taire du site Web<\/li>\n<li>Peut \u00eatre int\u00e9gr\u00e9 de mani\u00e8re transparente avec les abonnements payants PRO et la passerelle de paiement du site Web<\/li>\n<li>Peut \u00eatre utilis\u00e9 conjointement avec d&rsquo;autres adh\u00e9sions r\u00e9mun\u00e9r\u00e9es dans des addons pour maximiser les revenus d&rsquo;abonnement du site Web<\/li>\n<li>Fournit des rapports et des analyses d\u00e9taill\u00e9s sur l&rsquo;utilisation du niveau des cadeaux et la g\u00e9n\u00e9ration de revenus<\/li>\n<li>Offre un excellent support client et documentation pour une configuration et une maintenance faciles<\/li>\n<li>Fournit une exp\u00e9rience utilisateur fluide aux abonn\u00e9s qui souhaitent acheter un niveau de cadeau et pour les propri\u00e9taires de sites Web qui souhaitent g\u00e9rer les niveaux de cadeaux offerts.<\/li>\n<\/ul>\n","protected":false},"excerpt":{"rendered":"<p>L&rsquo;addon de cadeaux de cadeaux de cadeaux payants est un outil incroyablement robuste et multiforme, sp\u00e9cialement con\u00e7u pour vous permettre de cr\u00e9er des niveaux de cadeaux divers et distinctifs pour les utilisateurs estim\u00e9s de votre site Web. Avec l&rsquo;incorporation de cet addon remarquable, vous aurez la capacit\u00e9 d&rsquo;augmenter consid\u00e9rablement l&rsquo;engagement et les taux de r\u00e9tention des utilisateurs en leur accordant un assortiment de cadeaux d&rsquo;adh\u00e9sion exclusifs et personnalis\u00e9s. En \u00e9tablissant diff\u00e9rents niveaux de cadeaux, vous pouvez les relier de mani\u00e8re transparente \u00e0 des niveaux d&rsquo;adh\u00e9sion sp\u00e9cifiques, accordant ainsi aux utilisateurs la possibilit\u00e9 de mettre \u00e0 niveau sans effort leurs adh\u00e9sions et d&rsquo;acqu\u00e9rir des cadeaux sur mesure qui r\u00e9pondent impeccablement \u00e0 leurs pr\u00e9f\u00e9rences et exigences individuelles. De plus, les administrateurs de sites recevront une interface remarquablement conviviale qui leur permet de surveiller et de suivre sans effort les achats de cadeaux, de parcourir l&rsquo;historique complet des rachats de cadeaux et m\u00eame d&rsquo;offrir des r\u00e9ductions all\u00e9chantes sur les achats futurs aux personnes de chance qui ont \u00e9t\u00e9 accord\u00e9es avec un cadeau. Poser plus de temps et saisir l&rsquo;opportunit\u00e9 de se procurer les adh\u00e9sions r\u00e9mun\u00e9r\u00e9es dans les niveaux de cadeaux de cadeaux aujourd&rsquo;hui, vous permettant de fournir \u00e0 vos utilisateurs pr\u00e9cieux une exp\u00e9rience d&rsquo;adh\u00e9sion in\u00e9gal\u00e9e et vraiment m\u00e9morable qui laissera sans aucun doute une impression ind\u00e9pendante dans leur esprit.<\/p>\n","protected":false},"featured_media":144922,"comment_status":"open","ping_status":"open","template":"","meta":[],"product_brand":[2620],"product_cat":[1300,1181,1186],"product_tag":[2307],"class_list":{"0":"post-122155","1":"product","2":"type-product","3":"status-publish","4":"has-post-thumbnail","6":"product_brand-paid-memberships-pro","7":"product_cat-adhesion","8":"product_cat-plugins","9":"product_cat-wordpress-plugins","10":"product_tag-paid-memberships-pro","11":"member-discount","12":"discount-restricted","14":"first","15":"instock","16":"sale","17":"downloadable","18":"virtual","19":"sold-individually","20":"purchasable","21":"product-type-simple"},"_links":{"self":[{"href":"https:\/\/gpl-love.com\/fr\/wp-json\/wp\/v2\/product\/122155","targetHints":{"allow":["GET"]}}],"collection":[{"href":"https:\/\/gpl-love.com\/fr\/wp-json\/wp\/v2\/product"}],"about":[{"href":"https:\/\/gpl-love.com\/fr\/wp-json\/wp\/v2\/types\/product"}],"replies":[{"embeddable":true,"href":"https:\/\/gpl-love.com\/fr\/wp-json\/wp\/v2\/comments?post=122155"}],"wp:featuredmedia":[{"embeddable":true,"href":"https:\/\/gpl-love.com\/fr\/wp-json\/wp\/v2\/media\/144922"}],"wp:attachment":[{"href":"https:\/\/gpl-love.com\/fr\/wp-json\/wp\/v2\/media?parent=122155"}],"wp:term":[{"taxonomy":"product_brand","embeddable":true,"href":"https:\/\/gpl-love.com\/fr\/wp-json\/wp\/v2\/product_brand?post=122155"},{"taxonomy":"product_cat","embeddable":true,"href":"https:\/\/gpl-love.com\/fr\/wp-json\/wp\/v2\/product_cat?post=122155"},{"taxonomy":"product_tag","embeddable":true,"href":"https:\/\/gpl-love.com\/fr\/wp-json\/wp\/v2\/product_tag?post=122155"}],"curies":[{"name":"wp","href":"https:\/\/api.w.org\/{rel}","templated":true}]}}