{"id":122138,"date":"2022-03-16T00:00:00","date_gmt":"2022-03-15T23:00:00","guid":{"rendered":"https:\/\/gpl-love.com\/fr\/produit\/paid-member-subscriptions-invoices-addon\/"},"modified":"2026-04-10T18:35:46","modified_gmt":"2026-04-10T16:35:46","slug":"paid-member-subscriptions-invoices-addon","status":"publish","type":"product","link":"https:\/\/gpl-love.com\/fr\/produit\/paid-member-subscriptions-invoices-addon\/","title":{"rendered":"Paid Member Subscriptions Invoices Addon 1.2.4"},"content":{"rendered":"<h3>Paid Member Subscriptions Invoices Addon Traits<\/h3>\n<p>Les abonnements aux membres payants sont des factures Addon, qui est un outil tr\u00e8s puissant, offre aux propri\u00e9taires de sites Web un moyen transparent de g\u00e9n\u00e9rer et de g\u00e9rer sans effort des factures pour leurs abonnements \u00e0 l&rsquo;adh\u00e9sion. En utilisant cet addon, les utilisateurs ont la possibilit\u00e9 de cr\u00e9er sans effort des factures qui poss\u00e8dent une apparence professionnelle et englobent toutes les informations vitales telles que les d\u00e9tails des membres, les informations de paiement et les informations de facturation. De plus, cet addon poss\u00e8de une personnalisation compl\u00e8te, permettant ainsi aux utilisateurs de modeler les factures qui s&rsquo;alignent parfaitement avec leur marque et leur style unique. Pour am\u00e9liorer davantage son utilit\u00e9, les abonnements aux membres payants facturent parfaitement s&rsquo;int\u00e8gre parfaitement au plugin d&rsquo;abonnements des membres payants, servant ainsi d&rsquo;outil inestimable pour les personnes cherchant \u00e0 g\u00e9rer efficacement leurs abonnements \u00e0 l&rsquo;adh\u00e9sion. En substance, cet addon repr\u00e9sente ind\u00e9niablement un superbe choix pour ceux qui cherchent \u00e0 rationaliser leur processus de facturation et \u00e0 am\u00e9liorer par cons\u00e9quent l&rsquo;exp\u00e9rience utilisateur globale de leur site Web.<\/p>\n<ul>\n<li>G\u00e9n\u00e8re des factures pour les abonnements \u00e0 l&rsquo;adh\u00e9sion payants<\/li>\n<li>Permet la personnalisation des mod\u00e8les de facture<\/li>\n<li>Envoie automatiquement des factures aux membres par e-mail<\/li>\n<li>Suit les statuts de paiement et fournit des rappels de paiement<\/li>\n<li>G\u00e9n\u00e8re des rapports d\u00e9taill\u00e9s sur l&rsquo;activit\u00e9 de facturation<\/li>\n<li>Simplifie la comptabilit\u00e9 et la comptabilit\u00e9 des programmes d&rsquo;adh\u00e9sion<\/li>\n<li>Compatible avec les passerelles de paiement populaires et les plugins d&rsquo;adh\u00e9sion<\/li>\n<li>Fournit un processus de facturation professionnel et rationalis\u00e9 pour les administrateurs et les membres.<\/li>\n<\/ul>\n","protected":false},"excerpt":{"rendered":"<p>L&rsquo;addition de factures des abonnements aux membres payants est un outil tr\u00e8s b\u00e9n\u00e9fique qui permet aux utilisateurs de g\u00e9n\u00e9rer et de g\u00e9rer efficacement sans effort les factures directement dans les limites de leur site WordPress. Cet addon remarquable offre la capacit\u00e9 de facturer facilement vos abonn\u00e9s inestimables pour une gamme diversifi\u00e9e de services exceptionnels et de produits in\u00e9gal\u00e9s, tout en garantissant simultan\u00e9ment une surveillance transparente des paiements et des dates d&rsquo;\u00e9ch\u00e9ance. De plus, il vous accorde la capacit\u00e9 inestimable \u00e0 adapter vos factures \u00e0 s&rsquo;aligner impeccablement avec votre identit\u00e9 de marque individuelle, gracieuset\u00e9 de l&rsquo;inclusion de votre logo de marque tr\u00e8s r\u00e9nov\u00e9 et des champs personnalis\u00e9s personnellement con\u00e7us. En int\u00e9grant cet addon indispensable dans votre arsenal, vous pouvez simplifier et acc\u00e9l\u00e9rer sans effort votre processus de facturation ardu et rationaliser simultan\u00e9ment votre sch\u00e9ma de gestion des paiements complets, propulsant ainsi votre entreprise \u00e0 de nouveaux sommets de succ\u00e8s et de prosp\u00e9rit\u00e9.<\/p>\n","protected":false},"featured_media":144903,"comment_status":"open","ping_status":"open","template":"","meta":[],"product_brand":[2619],"product_cat":[1300,1181,1186],"product_tag":[2330],"class_list":{"0":"post-122138","1":"product","2":"type-product","3":"status-publish","4":"has-post-thumbnail","6":"product_brand-cozmoslabs","7":"product_cat-adhesion","8":"product_cat-plugins","9":"product_cat-wordpress-plugins","10":"product_tag-cozmoslabs","11":"member-discount","12":"discount-restricted","14":"first","15":"instock","16":"sale","17":"downloadable","18":"virtual","19":"sold-individually","20":"purchasable","21":"product-type-simple"},"_links":{"self":[{"href":"https:\/\/gpl-love.com\/fr\/wp-json\/wp\/v2\/product\/122138","targetHints":{"allow":["GET"]}}],"collection":[{"href":"https:\/\/gpl-love.com\/fr\/wp-json\/wp\/v2\/product"}],"about":[{"href":"https:\/\/gpl-love.com\/fr\/wp-json\/wp\/v2\/types\/product"}],"replies":[{"embeddable":true,"href":"https:\/\/gpl-love.com\/fr\/wp-json\/wp\/v2\/comments?post=122138"}],"wp:featuredmedia":[{"embeddable":true,"href":"https:\/\/gpl-love.com\/fr\/wp-json\/wp\/v2\/media\/144903"}],"wp:attachment":[{"href":"https:\/\/gpl-love.com\/fr\/wp-json\/wp\/v2\/media?parent=122138"}],"wp:term":[{"taxonomy":"product_brand","embeddable":true,"href":"https:\/\/gpl-love.com\/fr\/wp-json\/wp\/v2\/product_brand?post=122138"},{"taxonomy":"product_cat","embeddable":true,"href":"https:\/\/gpl-love.com\/fr\/wp-json\/wp\/v2\/product_cat?post=122138"},{"taxonomy":"product_tag","embeddable":true,"href":"https:\/\/gpl-love.com\/fr\/wp-json\/wp\/v2\/product_tag?post=122138"}],"curies":[{"name":"wp","href":"https:\/\/api.w.org\/{rel}","templated":true}]}}