{"id":122136,"date":"2022-03-16T00:00:00","date_gmt":"2022-03-15T23:00:00","guid":{"rendered":"https:\/\/gpl-love.com\/fr\/produit\/paid-member-subscriptions-multiple-subscriptions-per-user\/"},"modified":"2026-04-10T18:35:47","modified_gmt":"2026-04-10T16:35:47","slug":"paid-member-subscriptions-multiple-subscriptions-per-user","status":"publish","type":"product","link":"https:\/\/gpl-love.com\/fr\/produit\/paid-member-subscriptions-multiple-subscriptions-per-user\/","title":{"rendered":"Paid Member Subscriptions Multiple Subscriptions Per User 1.1.4"},"content":{"rendered":"<h3>Paid Member Subscriptions Multiple Subscriptions Per User Traits<\/h3>\n<p>En utilisant la fonctionnalit\u00e9 remarquable des abonnements \u00e0 membres payants plusieurs abonnements par plugin d&rsquo;utilisateur, vous \u00eates autoris\u00e9 \u00e0 accorder \u00e0 vos utilisateurs estim\u00e9s un niveau de flexibilit\u00e9 et de choix in\u00e9gal\u00e9, transcendant les limitations impos\u00e9es par les options d&rsquo;abonnement conventionnelles. Ce plugin de pointe permet \u00e0 vos utilisateurs de s&rsquo;abonner de mani\u00e8re transparente \u00e0 plusieurs plans simultan\u00e9ment, leur permettant ainsi d&rsquo;adapter m\u00e9ticuleusement leur parcours num\u00e9rique conform\u00e9ment \u00e0 leurs exigences uniques et individuelles. En outre, cette innovation technologique extraordinaire rationalise le processus de gestion intrins\u00e8quement complexe et qui prend du temps, vous offrant l&rsquo;occasion inestimable de surveiller et de superviser sans effort le vaste \u00e9ventail d&rsquo;abonnements et de paiements. Ind\u00e9pendamment de savoir si vous exploitez un site d&rsquo;adh\u00e9sion florissant, une illustre plate-forme de commerce \u00e9lectronique ou toute autre forme d&rsquo;entit\u00e9 en ligne qui repose fortement sur des transactions mon\u00e9taires r\u00e9currentes, les prouesses indomptables des abonnements aux membres payants sont des abonnements plusieurs abonnements par plugin utilisateur pour r\u00e9volutionner et r\u00e9volutionner et r\u00e9volutionner et r\u00e9volutionner et r\u00e9volution \u00c9levez l&rsquo;exp\u00e9rience utilisateur globale, \u00e0 la fois pour vous-m\u00eame et pour votre client\u00e8le estim\u00e9e.<\/p>\n<ul>\n<li>Les abonnements aux membres payants vous permettent de cr\u00e9er plusieurs niveaux d&rsquo;abonnement pour vos utilisateurs.<\/li>\n<li>Avec ce plugin, les utilisateurs peuvent acheter et g\u00e9rer plusieurs abonnements \u00e0 partir d&rsquo;un compte.<\/li>\n<li>Vous pouvez restreindre l&rsquo;acc\u00e8s au contenu en fonction du niveau d&rsquo;abonnement et cr\u00e9er des messages personnalis\u00e9s pour les utilisateurs qui n&rsquo;ont pas acc\u00e8s.<\/li>\n<li>Ce plugin s&rsquo;int\u00e8gre aux passerelles de paiement populaires comme PayPal et Stripe pour un traitement facile des paiements.<\/li>\n<li>Il offre \u00e9galement diverses extensions pour ajouter encore plus de fonctionnalit\u00e9s, telles que les paiements r\u00e9currents et les codes de r\u00e9duction.<\/li>\n<li>Vous contr\u00f4lez la gestion de l&rsquo;abonnement, y compris les rappels de renouvellement et les options d&rsquo;annulation.<\/li>\n<li>Le plugin est livr\u00e9 avec un tableau de bord de gestion des utilisateurs robuste pour garder une trace des abonn\u00e9s et de leur activit\u00e9.<\/li>\n<li>Vos utilisateurs peuvent \u00e9galement g\u00e9rer leurs abonnements, afficher l&rsquo;historique des paiements et modifier les niveaux d&rsquo;abonnement \u00e0 partir de leur propre page de compte.<\/li>\n<li>Des mod\u00e8les de prix multiples sont disponibles, y compris les paiements uniques, les paiements r\u00e9currents et les essais gratuits.<\/li>\n<li>Les abonnements aux membres payants offrent des options de personnalisation faciles pour correspondre \u00e0 la marque et \u00e0 la conception de votre site Web.<\/li>\n<\/ul>\n","protected":false},"excerpt":{"rendered":"<p>Abonnements aux membres payants plusieurs abonnements par utilisateur est un plugin incroyablement robuste qui vous accorde la capacit\u00e9 unique de fournir \u00e0 vos utilisateurs estim\u00e9s une vaste gamme de plans d&rsquo;abonnement. En exploitant le potentiel in\u00e9gal\u00e9 de ce plugin exceptionnel, vous pouvez fa\u00e7onner un nombre illimit\u00e9 de niveaux d&rsquo;abonnement, accordant ainsi \u00e0 vos abonn\u00e9s pr\u00e9cieux un degr\u00e9 de choix in\u00e9gal\u00e9. De plus, le plugin lui-m\u00eame est rempli d&rsquo;une abondance d&rsquo;options de personnalisation, vous offrant la libert\u00e9 in\u00e9gal\u00e9e d&rsquo;adapter vos abonnements d&rsquo;une mani\u00e8re parfaitement align\u00e9e sur votre identit\u00e9 de marque unique. De plus, l&rsquo;interface remarquablement intuitive du plugin rationalise de mani\u00e8re transparente le processus de gestion de vos abonnements et utilisateurs, en vous assurant que vous \u00eates en mesure de superviser et de maintenir sans effort le fonctionnement harmonieux de votre \u00e9cosyst\u00e8me d&rsquo;abonnement. En vous profitant des innombrables avantages conf\u00e9r\u00e9s par des abonnements aux membres payants plusieurs abonnements par utilisateur, vous pouvez optimiser efficacement vos sources de revenus, tout en accordant simultan\u00e9ment \u00e0 vos utilisateurs ch\u00e9ries une exp\u00e9rience d\u00e9pourvue de toutes les complications inutiles, \u00e9tablissant ainsi la base parfaite pour Satisfaction et fid\u00e9lit\u00e9 des utilisateurs durables.<\/p>\n","protected":false},"featured_media":144904,"comment_status":"open","ping_status":"open","template":"","meta":[],"product_brand":[2619],"product_cat":[1300,1181,1186],"product_tag":[2330],"class_list":{"0":"post-122136","1":"product","2":"type-product","3":"status-publish","4":"has-post-thumbnail","6":"product_brand-cozmoslabs","7":"product_cat-adhesion","8":"product_cat-plugins","9":"product_cat-wordpress-plugins","10":"product_tag-cozmoslabs","11":"member-discount","12":"discount-restricted","14":"first","15":"instock","16":"sale","17":"downloadable","18":"virtual","19":"sold-individually","20":"purchasable","21":"product-type-simple"},"_links":{"self":[{"href":"https:\/\/gpl-love.com\/fr\/wp-json\/wp\/v2\/product\/122136","targetHints":{"allow":["GET"]}}],"collection":[{"href":"https:\/\/gpl-love.com\/fr\/wp-json\/wp\/v2\/product"}],"about":[{"href":"https:\/\/gpl-love.com\/fr\/wp-json\/wp\/v2\/types\/product"}],"replies":[{"embeddable":true,"href":"https:\/\/gpl-love.com\/fr\/wp-json\/wp\/v2\/comments?post=122136"}],"wp:featuredmedia":[{"embeddable":true,"href":"https:\/\/gpl-love.com\/fr\/wp-json\/wp\/v2\/media\/144904"}],"wp:attachment":[{"href":"https:\/\/gpl-love.com\/fr\/wp-json\/wp\/v2\/media?parent=122136"}],"wp:term":[{"taxonomy":"product_brand","embeddable":true,"href":"https:\/\/gpl-love.com\/fr\/wp-json\/wp\/v2\/product_brand?post=122136"},{"taxonomy":"product_cat","embeddable":true,"href":"https:\/\/gpl-love.com\/fr\/wp-json\/wp\/v2\/product_cat?post=122136"},{"taxonomy":"product_tag","embeddable":true,"href":"https:\/\/gpl-love.com\/fr\/wp-json\/wp\/v2\/product_tag?post=122136"}],"curies":[{"name":"wp","href":"https:\/\/api.w.org\/{rel}","templated":true}]}}