{"id":122132,"date":"2024-09-29T00:00:00","date_gmt":"2024-09-28T22:00:00","guid":{"rendered":"https:\/\/gpl-love.com\/fr\/produit\/paid-memberships-pro-invite-only-addon\/"},"modified":"2026-04-10T18:36:02","modified_gmt":"2026-04-10T16:36:02","slug":"paid-memberships-pro-invite-only-addon","status":"publish","type":"product","link":"https:\/\/gpl-love.com\/fr\/produit\/paid-memberships-pro-invite-only-addon\/","title":{"rendered":"Paid Memberships Pro Invite Only Addon 0.4"},"content":{"rendered":"<h3>Paid Memberships Pro Invite Only Addon Traits<\/h3>\n<p>Les adh\u00e9sions payantes in invitent uniquement Addon, un outil tr\u00e8s robuste, vous permet de g\u00e9n\u00e9rer des abonnements strictement exclusifs \u00e0 votre site Web. Gr\u00e2ce \u00e0 l&rsquo;utilisation de cet addon, vous avez la possibilit\u00e9 d&rsquo;imposer des limites \u00e0 l&rsquo;accessibilit\u00e9 au contenu et aux fonctionnalit\u00e9s de votre site, ce qui l&rsquo;a rendu accessible uniquement aux personnes qui ont \u00e9t\u00e9 prolong\u00e9es \u00e0 rejoindre. Cela signifie que vous pouvez fabriquer un sens accru d&rsquo;exclusivit\u00e9 et de personnalisation pour vos membres, tout en leur donnant une valeur suppl\u00e9mentaire qu&rsquo;ils ne peuvent pas se procurer ailleurs. Les adh\u00e9sions payantes pro invitent uniquement l&rsquo;addon, non seulement conviviale, mais \u00e9galement enti\u00e8rement personnalisable, vous offre la possibilit\u00e9 de configurer votre programme d&rsquo;adh\u00e9sion d&rsquo;une mani\u00e8re qui s&rsquo;aligne pr\u00e9cis\u00e9ment avec vos pr\u00e9f\u00e9rences. Par cons\u00e9quent, il sert de solution id\u00e9ale pour les entreprises, les blogueurs et autres propri\u00e9taires de sites Web qui sont impatients de fournir \u00e0 leurs membres un contenu et des services in\u00e9gal\u00e9s.<\/p>\n<ul>\n<li>Vous aide \u00e0 cr\u00e9er une communaut\u00e9 exclusive et r\u00e9serv\u00e9e aux membres pour votre site<\/li>\n<li>Vous permet de restreindre l&rsquo;acc\u00e8s au contenu, aux fonctionnalit\u00e9s et aux sections de votre site<\/li>\n<li>Rend votre communaut\u00e9 plus s\u00e9curis\u00e9e en autorisant uniquement les membres invit\u00e9s \u00e0 se joindre<\/li>\n<li>Vous permet d&rsquo;envoyer des liens d&rsquo;invitation \u00e0 des membres potentiels<\/li>\n<li>Vous donne un contr\u00f4le total sur qui peut inviter de nouveaux membres<\/li>\n<li>Automate le processus d&rsquo;invitation et envoie des notifications par e-mail aux nouveaux membres<\/li>\n<li>Mod\u00e8les de messagerie d&rsquo;invitation personnalisables pour correspondre \u00e0 la marque de votre site<\/li>\n<li>Interface facile \u00e0 utiliser pour g\u00e9rer vos invitations et vos membres<\/li>\n<li>Vous aide \u00e0 construire une communaut\u00e9 plus engag\u00e9e et fid\u00e8le en permettant uniquement aux membres partageant les m\u00eames id\u00e9es \u00e0 rejoindre<\/li>\n<li>Compatible avec les membres payants PRO, le plugin d&rsquo;adh\u00e9sion populaire pour WordPress.<\/li>\n<\/ul>\n","protected":false},"excerpt":{"rendered":"<p>Les adh\u00e9sions payantes in invitent uniquement Addon, un outil extr\u00eamement puissant, poss\u00e8de la possibilit\u00e9 de g\u00e9n\u00e9rer des niveaux d&rsquo;adh\u00e9sion exclusifs qui peuvent \u00eatre accessibles via l&rsquo;invitation. \u00c9quip\u00e9 de cet addon extraordinaire, on peut exercer un contr\u00f4le sur les personnes qui ont le privil\u00e8ge d&rsquo;acc\u00e9der \u00e0 leur contenu premium, garantissant ainsi que seuls les membres les plus m\u00e9ritants et les plus qualifi\u00e9s sont accord\u00e9s d&rsquo;un tel acc\u00e8s. Cette caract\u00e9ristique remarquable s&rsquo;av\u00e8re \u00eatre un ajustement impeccable pour les entreprises, les organisations et les communaut\u00e9s souhaitant offrir un degr\u00e9 d&rsquo;exclusivit\u00e9 et d&rsquo;intimit\u00e9 in\u00e9gal\u00e9 \u00e0 leurs membres estim\u00e9s.<\/p>\n","protected":false},"featured_media":144924,"comment_status":"open","ping_status":"open","template":"","meta":[],"product_brand":[2620],"product_cat":[1300,1181,1186],"product_tag":[2307],"class_list":{"0":"post-122132","1":"product","2":"type-product","3":"status-publish","4":"has-post-thumbnail","6":"product_brand-paid-memberships-pro","7":"product_cat-adhesion","8":"product_cat-plugins","9":"product_cat-wordpress-plugins","10":"product_tag-paid-memberships-pro","11":"member-discount","12":"discount-restricted","14":"first","15":"instock","16":"sale","17":"downloadable","18":"virtual","19":"sold-individually","20":"purchasable","21":"product-type-simple"},"_links":{"self":[{"href":"https:\/\/gpl-love.com\/fr\/wp-json\/wp\/v2\/product\/122132","targetHints":{"allow":["GET"]}}],"collection":[{"href":"https:\/\/gpl-love.com\/fr\/wp-json\/wp\/v2\/product"}],"about":[{"href":"https:\/\/gpl-love.com\/fr\/wp-json\/wp\/v2\/types\/product"}],"replies":[{"embeddable":true,"href":"https:\/\/gpl-love.com\/fr\/wp-json\/wp\/v2\/comments?post=122132"}],"wp:featuredmedia":[{"embeddable":true,"href":"https:\/\/gpl-love.com\/fr\/wp-json\/wp\/v2\/media\/144924"}],"wp:attachment":[{"href":"https:\/\/gpl-love.com\/fr\/wp-json\/wp\/v2\/media?parent=122132"}],"wp:term":[{"taxonomy":"product_brand","embeddable":true,"href":"https:\/\/gpl-love.com\/fr\/wp-json\/wp\/v2\/product_brand?post=122132"},{"taxonomy":"product_cat","embeddable":true,"href":"https:\/\/gpl-love.com\/fr\/wp-json\/wp\/v2\/product_cat?post=122132"},{"taxonomy":"product_tag","embeddable":true,"href":"https:\/\/gpl-love.com\/fr\/wp-json\/wp\/v2\/product_tag?post=122132"}],"curies":[{"name":"wp","href":"https:\/\/api.w.org\/{rel}","templated":true}]}}