{"id":122130,"date":"2022-03-16T00:00:00","date_gmt":"2022-03-15T23:00:00","guid":{"rendered":"https:\/\/gpl-love.com\/fr\/produit\/paid-memberships-pro-goal-progress-bar-addon\/"},"modified":"2026-04-10T18:36:01","modified_gmt":"2026-04-10T16:36:01","slug":"paid-memberships-pro-goal-progress-bar-addon","status":"publish","type":"product","link":"https:\/\/gpl-love.com\/fr\/produit\/paid-memberships-pro-goal-progress-bar-addon\/","title":{"rendered":"Paid Memberships Pro Goal Progress Bar Addon 1.1"},"content":{"rendered":"<h3>Paid Memberships Pro Goal Progress Bar Addon Traits<\/h3>\n<p>L&rsquo;addition de progression de l&rsquo;adh\u00e9sion \u00e0 l&rsquo;adh\u00e9sion \u00e0 l&rsquo;objectif, un outil tr\u00e8s robuste, a \u00e9t\u00e9 m\u00e9ticuleusement con\u00e7u pour offrir aux utilisateurs une repr\u00e9sentation visuelle exceptionnelle de leur avancement d&rsquo;adh\u00e9sion. Cet addon ing\u00e9nieux incite les utilisateurs \u00e0 \u00e9tablir des objectifs d&rsquo;adh\u00e9sion et \u00e0 surveiller sans effort leurs progr\u00e8s, le tout en temps r\u00e9el. En engageant, la fonctionnalit\u00e9 de la barre de progr\u00e8s pr\u00e9sente le pourcentage pr\u00e9cis de l&rsquo;objectif qui a \u00e9t\u00e9 atteint, inculquant ainsi efficacement la motivation chez les membres et les propulsant pour r\u00e9ussir leurs aspirations d&rsquo;adh\u00e9sion. En outre, cet addon remarquable am\u00e9liore davantage la commodit\u00e9 des utilisateurs en fournissant un widget de tableau de bord pratique, ainsi qu&rsquo;un shortcode, pour pr\u00e9senter sans effort la barre de progr\u00e8s. Avec l&rsquo;inclusion des adh\u00e9sions payantes PRO PROGRAD PROGRESD BAR Addon, les utilisateurs se lancent dans un voyage de motivation in\u00e9branlable, les permettant de conqu\u00e9rir triomphalement leurs objectifs d&rsquo;adh\u00e9sion et d&rsquo;\u00e9lever leur exp\u00e9rience utilisateur globale \u00e0 des hauteurs in\u00e9gal\u00e9es.<\/p>\n<ul>\n<li>Suivi des progr\u00e8s de l&rsquo;objectif visuel pour les abonnements payants<\/li>\n<li>Personnalisez la conception de la barre de progression des objectifs pour correspondre \u00e0 votre marque et \u00e0 votre site Web<\/li>\n<li>Suivre et afficher facilement les progr\u00e8s de plusieurs objectifs, tels que la r\u00e9alisation du cours ou les objectifs de collecte de fonds<\/li>\n<li>Option pour afficher la barre de progression sur le frontend ou uniquement dans le tableau de bord pour les membres<\/li>\n<li>Int\u00e9gration avec les fonctionnalit\u00e9s de gestion des membres et de rapports des membres Pay Pro<\/li>\n<li>Conception r\u00e9active et conviviale pour une visualisation optimale sur n&rsquo;importe quel appareil<\/li>\n<li>Processus de configuration et d&rsquo;installation simple pour une mise en \u0153uvre facile dans votre site d&rsquo;adh\u00e9sion payante<\/li>\n<\/ul>\n","protected":false},"excerpt":{"rendered":"<p>Les adh\u00e9sions r\u00e9mun\u00e9r\u00e9es PRO OBJECT PROGRESS BAR Addon, un outil remarquablement puissant, permet aux propri\u00e9taires de sites Web de montrer une barre de progression subordonn\u00e9e \u00e0 la r\u00e9alisation des objectifs de leurs membres. Gr\u00e2ce \u00e0 l&rsquo;utilisation de cet addon, les utilisateurs peuvent surveiller avec diligence leurs progr\u00e8s vers leurs aspirations d&rsquo;adh\u00e9sion individuelles, favorisant ainsi un sentiment accru de motivation et de pers\u00e9v\u00e9rance dans la poursuite de leurs cibles. En outre, la barre de progression est enti\u00e8rement personnalisable, offrant aux propri\u00e9taires de sites de site Web de cueillir \u00e0 la main les teintes, les animations et la conception globale de la barre afin de s&rsquo;harmoniser de mani\u00e8re transparente avec l&rsquo;esth\u00e9tique visuelle de leur site. Incontestablement, cet addon repr\u00e9sente une solution id\u00e9ale pour les sites Web bas\u00e9s sur les membres qui aspirent \u00e0 stimuler le d\u00e9vouement des utilisateurs \u00e0 r\u00e9pondre \u00e0 leurs besoins de membres et \u00e0 favoriser un sentiment continu de participation au sein de leur communaut\u00e9 en ligne.<\/p>\n","protected":false},"featured_media":144923,"comment_status":"open","ping_status":"open","template":"","meta":[],"product_brand":[2620],"product_cat":[1300,1181,1186],"product_tag":[2307],"class_list":{"0":"post-122130","1":"product","2":"type-product","3":"status-publish","4":"has-post-thumbnail","6":"product_brand-paid-memberships-pro","7":"product_cat-adhesion","8":"product_cat-plugins","9":"product_cat-wordpress-plugins","10":"product_tag-paid-memberships-pro","11":"member-discount","12":"discount-restricted","14":"first","15":"instock","16":"sale","17":"downloadable","18":"virtual","19":"sold-individually","20":"purchasable","21":"product-type-simple"},"_links":{"self":[{"href":"https:\/\/gpl-love.com\/fr\/wp-json\/wp\/v2\/product\/122130","targetHints":{"allow":["GET"]}}],"collection":[{"href":"https:\/\/gpl-love.com\/fr\/wp-json\/wp\/v2\/product"}],"about":[{"href":"https:\/\/gpl-love.com\/fr\/wp-json\/wp\/v2\/types\/product"}],"replies":[{"embeddable":true,"href":"https:\/\/gpl-love.com\/fr\/wp-json\/wp\/v2\/comments?post=122130"}],"wp:featuredmedia":[{"embeddable":true,"href":"https:\/\/gpl-love.com\/fr\/wp-json\/wp\/v2\/media\/144923"}],"wp:attachment":[{"href":"https:\/\/gpl-love.com\/fr\/wp-json\/wp\/v2\/media?parent=122130"}],"wp:term":[{"taxonomy":"product_brand","embeddable":true,"href":"https:\/\/gpl-love.com\/fr\/wp-json\/wp\/v2\/product_brand?post=122130"},{"taxonomy":"product_cat","embeddable":true,"href":"https:\/\/gpl-love.com\/fr\/wp-json\/wp\/v2\/product_cat?post=122130"},{"taxonomy":"product_tag","embeddable":true,"href":"https:\/\/gpl-love.com\/fr\/wp-json\/wp\/v2\/product_tag?post=122130"}],"curies":[{"name":"wp","href":"https:\/\/api.w.org\/{rel}","templated":true}]}}