{"id":122128,"date":"2024-10-21T00:00:00","date_gmt":"2024-10-20T22:00:00","guid":{"rendered":"https:\/\/gpl-love.com\/fr\/produit\/paid-memberships-pro-gift-aid\/"},"modified":"2026-03-20T23:30:45","modified_gmt":"2026-03-20T22:30:45","slug":"paid-memberships-pro-gift-aid","status":"publish","type":"product","link":"https:\/\/gpl-love.com\/fr\/produit\/paid-memberships-pro-gift-aid\/","title":{"rendered":"Paid Memberships Pro Gift Aid 0.2"},"content":{"rendered":"<h3>Paid Memberships Pro Gift Aid Traits<\/h3>\n<p>Les membres payants Pro Gift Aid sont un plugin tr\u00e8s sophistiqu\u00e9 et avanc\u00e9 qui a \u00e9t\u00e9 m\u00e9ticuleusement con\u00e7u et con\u00e7u avec l&rsquo;objectif principal de l&rsquo;acc\u00e9l\u00e9ration et de la rationalisation de la proc\u00e9dure apparemment complexe et compliqu\u00e9 de r\u00e9clamer une aide-cadeau sur les dons qui sont g\u00e9n\u00e9reusement contribu\u00e9s \u00e0 des -La organisations de profil. Ce plugin exemplaire int\u00e8gre et coop\u00e8re harmonieusement avec la plate-forme pro de pointe et de pointe des membres r\u00e9mun\u00e9r\u00e9s, qui permet finalement et permet aux membres de choisir sans effort et commod\u00e9ment de participer activement et de s&rsquo;engager dans l&rsquo;admirable acte d&rsquo;aide aux cadeaux lorsque vous Ils font gracieusement leurs dons. De plus, ce plugin remarquable et in\u00e9gal\u00e9 poss\u00e8de un \u00e9ventail d&rsquo;outils de rapports et de surveillance automatis\u00e9s qui garantissent et ne garantissent pas de mani\u00e8re intrins\u00e8que et organiquement v\u00e9rifi\u00e9e et in\u00e9branlable un assortiment de r\u00e9glementations et de directives strictes, ce qui r\u00e9sulte en fin de compte un processus de d\u00e9p\u00f4t d&rsquo;imp\u00f4t simplifi\u00e9 et acc\u00e9l\u00e9r\u00e9 pour ces indemnit\u00e9s de d\u00e9p\u00f4t fiscal indur\u00e9able organisations. En exploitant l&rsquo;immense pouvoir et les prouesses des adh\u00e9sions r\u00e9mun\u00e9r\u00e9es PRO-Gift Aid, les organisations \u00e0 but non lucratif sont impr\u00e9gn\u00e9es de la capacit\u00e9 et de la capacit\u00e9 d&rsquo;optimiser et de maximiser la valeur et la signification inh\u00e9rentes des dons qu&rsquo;ils sont b\u00e9nis \u00e0 recevoir, tout en rationalisant et en fortifant simultan\u00e9ment leur Op\u00e9rations internes, facilitant et facilitant ainsi une focalisation in\u00e9branlable et non d\u00e9courag\u00e9e sur leur mission fondamentale et intrins\u00e8que d&rsquo;inciter, de favoriser et de propulser un impact profond\u00e9ment positif et transformateur dans les communaut\u00e9s qu&rsquo;ils sont consciencieusement et de tout c\u0153ur \u00e0 la portion.<\/p>\n<ul>\n<li>Permet aux organisations britanniques \u00e0 but non lucratif de r\u00e9clamer une aide-cadeau sur les frais d&rsquo;adh\u00e9sion.<\/li>\n<li>Int\u00e9gration transparente avec le plugin Pays Pays Pro pour une configuration et une gestion faciles.<\/li>\n<li>Formulaire personnalisable de la d\u00e9claration d&rsquo;aide aux cadeaux pour les membres \u00e0 remplir.<\/li>\n<li>V\u00e9rification automatique de l&rsquo;\u00e9ligibilit\u00e9 pour les r\u00e9clamations d&rsquo;aide aux dons bas\u00e9es sur les r\u00e8gles fiscales britanniques.<\/li>\n<li>Option pour fixer plusieurs taux d&rsquo;aide aux cadeaux pour diff\u00e9rents niveaux d&rsquo;adh\u00e9sion.<\/li>\n<li>G\u00e9n\u00e9ration automatique de rapports d&rsquo;aide aux cadeaux pour une tenue de dossiers et un dossier fiscal faciles.<\/li>\n<li>Am\u00e9lioration de la collecte de fonds pour les organisations \u00e0 but non lucratif en augmentant la valeur des frais d&rsquo;adh\u00e9sion gr\u00e2ce \u00e0 une aide-cadeau.<\/li>\n<\/ul>\n","protected":false},"excerpt":{"rendered":"<p>Le plugin d&rsquo;aide aux cadeaux payants payants est un outil incroyablement robuste et efficace qui permet aux organisations de recueillir rapidement et sans effort sans effort les dons d&rsquo;aide aux cadeaux via leur site PRODPRES PROD PRO WordPress. Gr\u00e2ce \u00e0 l&rsquo;utilisation de ce plugin ing\u00e9nieux, vous avez la capacit\u00e9 transparente \u00e0 activer une option d&rsquo;aide-cadeau sur vos formulaires d&rsquo;inscription d&rsquo;adh\u00e9sion, offrant ainsi les membres la possibilit\u00e9 de contribuer g\u00e9n\u00e9reusement des dons exon\u00e9r\u00e9s d&rsquo;imp\u00f4t \u00e0 votre organisation estim\u00e9e. Sans aucun doute, ce plugin a une signification indispensable pour toute entit\u00e9 caritative ou \u00e0 but non lucratif qui aspire \u00e0 optimiser leurs capacit\u00e9s de collecte de fonds et \u00e0 rationaliser leur approche globale pour acqu\u00e9rir des contributions de bienfaisance.<\/p>\n","protected":false},"featured_media":144921,"comment_status":"open","ping_status":"open","template":"","meta":[],"product_brand":[2620],"product_cat":[1207,1181,1186],"product_tag":[2307],"class_list":{"0":"post-122128","1":"product","2":"type-product","3":"status-publish","4":"has-post-thumbnail","6":"product_brand-paid-memberships-pro","7":"product_cat-commercialisation-wordpress-plugins","8":"product_cat-plugins","9":"product_cat-wordpress-plugins","10":"product_tag-paid-memberships-pro","11":"member-discount","12":"discount-restricted","14":"first","15":"instock","16":"sale","17":"downloadable","18":"virtual","19":"sold-individually","20":"purchasable","21":"product-type-simple"},"_links":{"self":[{"href":"https:\/\/gpl-love.com\/fr\/wp-json\/wp\/v2\/product\/122128","targetHints":{"allow":["GET"]}}],"collection":[{"href":"https:\/\/gpl-love.com\/fr\/wp-json\/wp\/v2\/product"}],"about":[{"href":"https:\/\/gpl-love.com\/fr\/wp-json\/wp\/v2\/types\/product"}],"replies":[{"embeddable":true,"href":"https:\/\/gpl-love.com\/fr\/wp-json\/wp\/v2\/comments?post=122128"}],"wp:featuredmedia":[{"embeddable":true,"href":"https:\/\/gpl-love.com\/fr\/wp-json\/wp\/v2\/media\/144921"}],"wp:attachment":[{"href":"https:\/\/gpl-love.com\/fr\/wp-json\/wp\/v2\/media?parent=122128"}],"wp:term":[{"taxonomy":"product_brand","embeddable":true,"href":"https:\/\/gpl-love.com\/fr\/wp-json\/wp\/v2\/product_brand?post=122128"},{"taxonomy":"product_cat","embeddable":true,"href":"https:\/\/gpl-love.com\/fr\/wp-json\/wp\/v2\/product_cat?post=122128"},{"taxonomy":"product_tag","embeddable":true,"href":"https:\/\/gpl-love.com\/fr\/wp-json\/wp\/v2\/product_tag?post=122128"}],"curies":[{"name":"wp","href":"https:\/\/api.w.org\/{rel}","templated":true}]}}