{"id":122123,"date":"2022-03-15T00:00:00","date_gmt":"2022-03-14T23:00:00","guid":{"rendered":"https:\/\/gpl-love.com\/fr\/produit\/paid-member-subscriptions-discount-codes-addon\/"},"modified":"2026-04-10T18:35:41","modified_gmt":"2026-04-10T16:35:41","slug":"paid-member-subscriptions-discount-codes-addon","status":"publish","type":"product","link":"https:\/\/gpl-love.com\/fr\/produit\/paid-member-subscriptions-discount-codes-addon\/","title":{"rendered":"Paid Member Subscriptions Discount Codes Addon 1.3.9"},"content":{"rendered":"<h3>Paid Member Subscriptions Discount Codes Addon Traits<\/h3>\n<p>Le membre payant abonnements aux codes de r\u00e9duction, Addon, un outil incroyablement robuste, s&rsquo;av\u00e8re tr\u00e8s avantageux pour les propri\u00e9taires de sites Web qui aspirent \u00e0 \u00e9tendre des remises exclusives \u00e0 leurs membres estim\u00e9s. Cet addon remarquable facilite la cr\u00e9ation transparente de codes de r\u00e9duction exclusifs, surveillant leur utilisation, ainsi que l&rsquo;\u00e9tablissement de dates d&rsquo;expiration pour chaque code. En poss\u00e9dant la capacit\u00e9 de b\u00e9n\u00e9ficier de remises pour les niveaux d&rsquo;adh\u00e9sion m\u00e9ticuleusement choisis ou des groupes sp\u00e9cifiques de membres, les propri\u00e9taires de sites Web peuvent motiver sans effort leurs membres \u00e0 am\u00e9liorer leur abonnement ou \u00e0 faire avancer leurs membres existants. \u00c0 la lumi\u00e8re de cela, il devient \u00e9vident que les codes de r\u00e9duction des abonnements aux membres payants apparaissent comme une r\u00e9solution impeccable pour les propri\u00e9taires de sites Web, car il stimule efficacement la r\u00e9tention des membres tout en favorisant simultan\u00e9ment les nouveaux abonnements.<\/p>\n<ul>\n<li>Addon de code de r\u00e9duction facile \u00e0 utiliser pour les abonnements aux membres payants<\/li>\n<li>Cr\u00e9ez des codes de r\u00e9duction illimit\u00e9s avec diverses options telles que le pourcentage ou le montant fixe, la date d&rsquo;expiration, la limite d&rsquo;utilisation et plus<\/li>\n<li>Appliquer des codes de r\u00e9duction \u00e0 diff\u00e9rents niveaux d&rsquo;abonnement ou aux membres sp\u00e9cifiques<\/li>\n<li>suivre et analyser l&rsquo;utilisation des codes de r\u00e9duction avec des rapports et des statistiques d\u00e9taill\u00e9s<\/li>\n<li>Augmenter les ventes et les revenus en incitant les clients potentiels avec des remises exclusives<\/li>\n<li>Enti\u00e8rement int\u00e9gr\u00e9 aux abonnements aux membres payants, rendant la demande de code de r\u00e9duction sans couture pour vos membres<\/li>\n<li>G\u00e9rer et modifier facilement les codes de r\u00e9duction dans le tableau de bord<\/li>\n<li>Addon abordable et fiable avec un support utile du d\u00e9veloppeur du plugin.<\/li>\n<\/ul>\n","protected":false},"excerpt":{"rendered":"<p>Les codes de r\u00e9duction des abonnements aux membres payants sont un outil hautement pratique et b\u00e9n\u00e9fique, permettant aux propri\u00e9taires de sites Web de fournir \u00e0 leurs membres payants de pr\u00e9cieux r\u00e9ductions et des offres promotionnelles. En utilisant cet addon remarquable, vous gagnez la possibilit\u00e9 de g\u00e9n\u00e9rer des codes de r\u00e9duction exclusifs et distinctifs qui peuvent \u00eatre utilis\u00e9s par vos membres estim\u00e9s lors du paiement, entra\u00eenant une r\u00e9duction de leurs frais d&rsquo;abonnement par un pourcentage pr\u00e9d\u00e9termin\u00e9 ou une quantit\u00e9 fixe. Cet attribut exceptionnel sert non seulement \u00e0 amplifier les ventes d&rsquo;adh\u00e9sions, mais favorise \u00e9galement la r\u00e9tention des membres en pr\u00e9sentant des incitations attrayantes \u00e0 l&rsquo;abonnement continu. En outre, l&rsquo;installation et la configuration des codes de r\u00e9duction des abonnements aux membres payants sont une entreprise sans effort, rendue encore plus pratique avec sa documentation inclusive, vous offrant des conseils complets tout au long du processus.<\/p>\n","protected":false},"featured_media":144898,"comment_status":"open","ping_status":"open","template":"","meta":[],"product_brand":[2619],"product_cat":[1207,1181,1186],"product_tag":[2330],"class_list":{"0":"post-122123","1":"product","2":"type-product","3":"status-publish","4":"has-post-thumbnail","6":"product_brand-cozmoslabs","7":"product_cat-commercialisation-wordpress-plugins","8":"product_cat-plugins","9":"product_cat-wordpress-plugins","10":"product_tag-cozmoslabs","11":"member-discount","12":"discount-restricted","14":"first","15":"instock","16":"sale","17":"downloadable","18":"virtual","19":"sold-individually","20":"purchasable","21":"product-type-simple"},"_links":{"self":[{"href":"https:\/\/gpl-love.com\/fr\/wp-json\/wp\/v2\/product\/122123","targetHints":{"allow":["GET"]}}],"collection":[{"href":"https:\/\/gpl-love.com\/fr\/wp-json\/wp\/v2\/product"}],"about":[{"href":"https:\/\/gpl-love.com\/fr\/wp-json\/wp\/v2\/types\/product"}],"replies":[{"embeddable":true,"href":"https:\/\/gpl-love.com\/fr\/wp-json\/wp\/v2\/comments?post=122123"}],"wp:featuredmedia":[{"embeddable":true,"href":"https:\/\/gpl-love.com\/fr\/wp-json\/wp\/v2\/media\/144898"}],"wp:attachment":[{"href":"https:\/\/gpl-love.com\/fr\/wp-json\/wp\/v2\/media?parent=122123"}],"wp:term":[{"taxonomy":"product_brand","embeddable":true,"href":"https:\/\/gpl-love.com\/fr\/wp-json\/wp\/v2\/product_brand?post=122123"},{"taxonomy":"product_cat","embeddable":true,"href":"https:\/\/gpl-love.com\/fr\/wp-json\/wp\/v2\/product_cat?post=122123"},{"taxonomy":"product_tag","embeddable":true,"href":"https:\/\/gpl-love.com\/fr\/wp-json\/wp\/v2\/product_tag?post=122123"}],"curies":[{"name":"wp","href":"https:\/\/api.w.org\/{rel}","templated":true}]}}