{"id":122121,"date":"2025-03-27T00:00:00","date_gmt":"2025-03-26T23:00:00","guid":{"rendered":"https:\/\/gpl-love.com\/fr\/produit\/paid-member-subscriptions-recurring-payments-pour-paypal-standard\/"},"modified":"2026-04-10T18:35:50","modified_gmt":"2026-04-10T16:35:50","slug":"paid-member-subscriptions-recurring-payments-pour-paypal-standard","status":"publish","type":"product","link":"https:\/\/gpl-love.com\/fr\/produit\/paid-member-subscriptions-recurring-payments-pour-paypal-standard\/","title":{"rendered":"Paid Member Subscriptions Recurring Payments pour PayPal Standard 1.2.8"},"content":{"rendered":"<h3>Paid Member Subscriptions Recurring Payments pour PayPal Standard Traits<\/h3>\n<p>Abonnements aux membres payants Les paiements r\u00e9currents de PayPal Standard propose une solution compl\u00e8te et conviviale pour g\u00e9rer et collecter efficacement les paiements r\u00e9currents des membres. L&rsquo;int\u00e9gration transparente avec PayPal Standard facilite r\u00e9guli\u00e8rement l&rsquo;\u00e9tablissement et la collecte de paiements sans effort. Que vous soyez engag\u00e9 dans la vente de produits ou de services num\u00e9riques ou de fournir un acc\u00e8s exclusif sur le contenu, ce plugin simplifie la gestion et l&rsquo;expansion de votre entreprise d&rsquo;adh\u00e9sion. B\u00e9n\u00e9ficiant de niveaux d&rsquo;adh\u00e9sion personnalisables, de notifications de courrier \u00e9lectronique automatis\u00e9es et de rapports approfondis, les abonnements aux membres payants r\u00e9mun\u00e9r\u00e9s pour les paiements r\u00e9currents de PayPal s&rsquo;av\u00e8rent \u00eatre un choix id\u00e9al pour les entreprises qui cherchent \u00e0 mon\u00e9tiser leur contenu et \u00e0 am\u00e9liorer leurs sources de revenus r\u00e9currentes.<\/p>\n<ul>\n<li>Permet aux propri\u00e9taires de sites Web de cr\u00e9er un programme d&rsquo;adh\u00e9sion avec des paiements r\u00e9currents<\/li>\n<li>S&rsquo;int\u00e8gre \u00e0 la norme PayPal pour le traitement des paiements s\u00e9curis\u00e9s<\/li>\n<li>Fournit diff\u00e9rents niveaux d&rsquo;adh\u00e9sion et restrictions d&rsquo;acc\u00e8s \u00e0 diff\u00e9rents groupes d&rsquo;utilisateurs<\/li>\n<li>Permet des notifications par e-mail personnalisables pour les abonn\u00e9s<\/li>\n<li>Comprend un tableau de bord pour une gestion facile des membres et des plans d&rsquo;abonnement<\/li>\n<li>Fournit des rapports d\u00e9taill\u00e9s sur l&rsquo;activit\u00e9 d&rsquo;abonnement et les revenus<\/li>\n<li>Offre des options flexibles pour les p\u00e9riodes d&rsquo;essai et les codes de r\u00e9duction<\/li>\n<li>Peut \u00eatre utilis\u00e9 avec n&rsquo;importe quel th\u00e8me WordPress et prend en charge les sites Web multilingues<\/li>\n<li>Fournit un excellent support client avec la documentation et la communaut\u00e9 du forum.<\/li>\n<\/ul>\n","protected":false},"excerpt":{"rendered":"<p>Les abonnements aux membres payants sont des paiements r\u00e9currents pour PayPal Standard est un plugin tr\u00e8s avantageux et extr\u00eamement b\u00e9n\u00e9fique qui vous offre la capacit\u00e9 in\u00e9gal\u00e9e \u00e0 offrir des abonnements r\u00e9currents et \u00e0 administrer habilement du contenu payant sur votre site Web estim\u00e9. Gr\u00e2ce \u00e0 l&rsquo;utilisation de ce plugin remarquable, vous pouvez concocter sans effort et \u00e9tablir des plans d&rsquo;abonnement, \u00e9tablir un syst\u00e8me de paiements r\u00e9currents et surveiller et garder un \u0153il m\u00e9ticuleusement sur les transactions de votre client\u00e8le estim\u00e9es. L&rsquo;int\u00e9gration transparente avec PayPal, une m\u00e9thode de paiement exceptionnellement s\u00e9curis\u00e9e et remarquablement fiable, renforce davantage l&rsquo;appel et l&rsquo;opportunit\u00e9 de ce plugin pour vos utilisateurs estim\u00e9s. En cons\u00e9quence, ce plugin sert de solution par excellence pour les entreprises et les blogueurs qui cherchent \u00e0 doter leur site WordPress illustre avec la capacit\u00e9 d&rsquo;offrir des abonnements payants, des services d&rsquo;abonnement ou m\u00eame le contenu le plus exclusif et le plus captivant.<\/p>\n","protected":false},"featured_media":144908,"comment_status":"open","ping_status":"open","template":"","meta":[],"product_brand":[2619],"product_cat":[1253,1181,1186],"product_tag":[2330],"class_list":{"0":"post-122121","1":"product","2":"type-product","3":"status-publish","4":"has-post-thumbnail","6":"product_brand-cozmoslabs","7":"product_cat-paiement","8":"product_cat-plugins","9":"product_cat-wordpress-plugins","10":"product_tag-cozmoslabs","11":"member-discount","12":"discount-restricted","14":"first","15":"instock","16":"sale","17":"downloadable","18":"virtual","19":"sold-individually","20":"purchasable","21":"product-type-simple"},"_links":{"self":[{"href":"https:\/\/gpl-love.com\/fr\/wp-json\/wp\/v2\/product\/122121","targetHints":{"allow":["GET"]}}],"collection":[{"href":"https:\/\/gpl-love.com\/fr\/wp-json\/wp\/v2\/product"}],"about":[{"href":"https:\/\/gpl-love.com\/fr\/wp-json\/wp\/v2\/types\/product"}],"replies":[{"embeddable":true,"href":"https:\/\/gpl-love.com\/fr\/wp-json\/wp\/v2\/comments?post=122121"}],"wp:featuredmedia":[{"embeddable":true,"href":"https:\/\/gpl-love.com\/fr\/wp-json\/wp\/v2\/media\/144908"}],"wp:attachment":[{"href":"https:\/\/gpl-love.com\/fr\/wp-json\/wp\/v2\/media?parent=122121"}],"wp:term":[{"taxonomy":"product_brand","embeddable":true,"href":"https:\/\/gpl-love.com\/fr\/wp-json\/wp\/v2\/product_brand?post=122121"},{"taxonomy":"product_cat","embeddable":true,"href":"https:\/\/gpl-love.com\/fr\/wp-json\/wp\/v2\/product_cat?post=122121"},{"taxonomy":"product_tag","embeddable":true,"href":"https:\/\/gpl-love.com\/fr\/wp-json\/wp\/v2\/product_tag?post=122121"}],"curies":[{"name":"wp","href":"https:\/\/api.w.org\/{rel}","templated":true}]}}