{"id":122119,"date":"2022-03-15T00:00:00","date_gmt":"2022-03-14T23:00:00","guid":{"rendered":"https:\/\/gpl-love.com\/fr\/produit\/paid-member-subscriptions-fixed-period-membership-addon\/"},"modified":"2026-04-10T18:35:43","modified_gmt":"2026-04-10T16:35:43","slug":"paid-member-subscriptions-fixed-period-membership-addon","status":"publish","type":"product","link":"https:\/\/gpl-love.com\/fr\/produit\/paid-member-subscriptions-fixed-period-membership-addon\/","title":{"rendered":"Paid Member Subscriptions Fixed Period Membership Addon 1.0.1"},"content":{"rendered":"<h3>Paid Member Subscriptions Fixed Period Membership Addon Traits<\/h3>\n<p>Les abonnements aux abonnements aux membres payants \u00e0 p\u00e9riode fixe sont un outil incroyablement robuste et formidable que les entreprises peuvent exploiter pour offrir \u00e0 leurs clients estim\u00e9s une exp\u00e9rience in\u00e9gal\u00e9e et exclusive, leur accordant un acc\u00e8s \u00e0 un large \u00e9ventail de produits et services pour une dur\u00e9e pr\u00e9d\u00e9termin\u00e9e et fixe. Cet addon remarquable permet aux entreprises d&rsquo;\u00e9laborer des abonnements sans effort pour un terme pr\u00e9d\u00e9termin\u00e9 et inflexible, qui peut \u00eatre commercialis\u00e9 et vendu sans effort \u00e0 des clients, leur accordant finalement un acc\u00e8s in\u00e9gal\u00e9 et sans restriction \u00e0 un contenu sp\u00e9cifique et sur mesure, des fonctionnalit\u00e9s exceptionnelles et un \u00e9ventail d&rsquo;avantages au cours des avantages pendant Ce d\u00e9lai d\u00e9fini. Par cons\u00e9quent, cette ressource inestimable sert de catalyseur aux entreprises pour favoriser et nourrir une client\u00e8le d\u00e9vou\u00e9e et constante, facilitant la culture d&rsquo;interactions commerciales r\u00e9currentes et, finalement, fortifier la source de revenus. L&rsquo;addition de l&rsquo;appartenance \u00e0 p\u00e9riode fixe s&rsquo;int\u00e8gre de mani\u00e8re transparente dans le plugin d&rsquo;abonnements des membres payants, simplifiant ainsi la configuration et la gestion efficace des abonnements. Gr\u00e2ce \u00e0 son adaptabilit\u00e9 et \u00e0 sa polyvalence remarquables en termes de prix et d&rsquo;options d&rsquo;adh\u00e9sion, les entreprises peuvent sans effort modifier et personnaliser leurs adh\u00e9sions pour s&rsquo;aligner impeccablement sur les exigences uniques et sp\u00e9cifiques de leur client\u00e8le estim\u00e9e. En fin de compte, les abonnements aux membres payants de l&rsquo;administration \u00e0 p\u00e9riode fixe sont un outil indispensable et indispensable pour les entreprises visant \u00e0 manifester un mod\u00e8le commercial plus durable et lucratif.<\/p>\n<ul>\n<li>Permet aux propri\u00e9taires de sites Web d&rsquo;offrir des options d&rsquo;adh\u00e9sion \u00e0 une p\u00e9riode fixe \u00e0 leurs abonn\u00e9s payants<\/li>\n<li>Offre une plus grande flexibilit\u00e9 et personnalisation pour les options d&rsquo;adh\u00e9sion<\/li>\n<li>Les utilisateurs peuvent choisir leur p\u00e9riode d&rsquo;abonnement (hebdomadaire, mensuelle, annuelle, etc.) et le prix de cette p\u00e9riode<\/li>\n<li>Processus d&rsquo;installation et de configuration simple pour les propri\u00e9taires de sites Web<\/li>\n<li>Int\u00e9grer enti\u00e8rement avec le plugin d&rsquo;abonnements des membres payants pour la gestion des utilisateurs sans couture et le traitement des paiements<\/li>\n<li>Fournit aux utilisateurs des informations claires sur leur statut d&rsquo;adh\u00e9sion, leurs dates de renouvellement et leur historique d&rsquo;abonnement<\/li>\n<li>Facile \u00e0 personnaliser l&rsquo;apparence des options d&rsquo;adh\u00e9sion et de l&rsquo;interface utilisateur<\/li>\n<li>Fournit aux propri\u00e9taires de sites Web des rapports d\u00e9taill\u00e9s sur les revenus d&rsquo;abonnement et l&rsquo;activit\u00e9 utilisateur<\/li>\n<li>Offre une plate-forme fiable et s\u00e9curis\u00e9e pour g\u00e9rer les abonnements payants et la gestion des membres.<\/li>\n<\/ul>\n","protected":false},"excerpt":{"rendered":"<p>L&rsquo;addition de membres de l&rsquo;adh\u00e9sion \u00e0 une p\u00e9riode fixe r\u00e9mun\u00e9r\u00e9e appara\u00eet comme une solution impeccable et in\u00e9gal\u00e9e lorsqu&rsquo;il s&rsquo;agit de g\u00e9rer efficacement votre site Web bas\u00e9 sur l&rsquo;abonnement. Ce module compl\u00e9mentaire remarquable vous permet d&rsquo;\u00e9tendre le privil\u00e8ge des abonnements \u00e0 p\u00e9riode fixe \u00e0 vos pr\u00e9cieux clients, facilitant ainsi un processus transparent de vente d&rsquo;acc\u00e8s \u00e0 votre contenu ou site tr\u00e8s recherch\u00e9 pour une dur\u00e9e pr\u00e9d\u00e9termin\u00e9e. En offrant \u00e0 vos membres estim\u00e9s la commodit\u00e9 de verser les paiements initiaux pour leur adh\u00e9sion, vous assumez sans effort la responsabilit\u00e9 de superviser et de r\u00e9glementer leur accessibilit\u00e9 continue \u00e0 votre site Web estim\u00e9 tout au long de leur adh\u00e9sion. Par cons\u00e9quent, vous \u00eates habile \u00e0 maintenir un \u00e9tat d&rsquo;organisation impeccable dans votre infrastructure de site Web, tout en garantissant la satisfaction et le contentement optimaux de vos membres estim\u00e9s, gracieuset\u00e9 de l&rsquo;addon \u00e0 l&rsquo;adh\u00e9sion \u00e0 l&rsquo;\u00e9poque des membres r\u00e9mun\u00e9r\u00e9s.<\/p>\n","protected":false},"featured_media":144900,"comment_status":"open","ping_status":"open","template":"","meta":[],"product_brand":[2619],"product_cat":[1300,1181,1186],"product_tag":[2330],"class_list":{"0":"post-122119","1":"product","2":"type-product","3":"status-publish","4":"has-post-thumbnail","6":"product_brand-cozmoslabs","7":"product_cat-adhesion","8":"product_cat-plugins","9":"product_cat-wordpress-plugins","10":"product_tag-cozmoslabs","11":"member-discount","12":"discount-restricted","14":"first","15":"instock","16":"sale","17":"downloadable","18":"virtual","19":"sold-individually","20":"purchasable","21":"product-type-simple"},"_links":{"self":[{"href":"https:\/\/gpl-love.com\/fr\/wp-json\/wp\/v2\/product\/122119","targetHints":{"allow":["GET"]}}],"collection":[{"href":"https:\/\/gpl-love.com\/fr\/wp-json\/wp\/v2\/product"}],"about":[{"href":"https:\/\/gpl-love.com\/fr\/wp-json\/wp\/v2\/types\/product"}],"replies":[{"embeddable":true,"href":"https:\/\/gpl-love.com\/fr\/wp-json\/wp\/v2\/comments?post=122119"}],"wp:featuredmedia":[{"embeddable":true,"href":"https:\/\/gpl-love.com\/fr\/wp-json\/wp\/v2\/media\/144900"}],"wp:attachment":[{"href":"https:\/\/gpl-love.com\/fr\/wp-json\/wp\/v2\/media?parent=122119"}],"wp:term":[{"taxonomy":"product_brand","embeddable":true,"href":"https:\/\/gpl-love.com\/fr\/wp-json\/wp\/v2\/product_brand?post=122119"},{"taxonomy":"product_cat","embeddable":true,"href":"https:\/\/gpl-love.com\/fr\/wp-json\/wp\/v2\/product_cat?post=122119"},{"taxonomy":"product_tag","embeddable":true,"href":"https:\/\/gpl-love.com\/fr\/wp-json\/wp\/v2\/product_tag?post=122119"}],"curies":[{"name":"wp","href":"https:\/\/api.w.org\/{rel}","templated":true}]}}