{"id":122115,"date":"2022-03-15T00:00:00","date_gmt":"2022-03-14T23:00:00","guid":{"rendered":"https:\/\/gpl-love.com\/fr\/produit\/paid-member-subscriptions-email-reminders-addon\/"},"modified":"2026-04-10T18:35:42","modified_gmt":"2026-04-10T16:35:42","slug":"paid-member-subscriptions-email-reminders-addon","status":"publish","type":"product","link":"https:\/\/gpl-love.com\/fr\/produit\/paid-member-subscriptions-email-reminders-addon\/","title":{"rendered":"Paid Member Subscriptions Email Reminders Addon 1.1.3"},"content":{"rendered":"<h3>Paid Member Subscriptions Email Reminders Addon Traits<\/h3>\n<p>Les abonnements aux membres payants Addon par courrier \u00e9lectronique sont un outil indispensable pour les entreprises ou les institutions qui d\u00e9pendent fortement des revenus g\u00e9n\u00e9r\u00e9s par les abonnements. Ce plugin remarquable offre la commodit\u00e9 des rappels de courrier \u00e9lectronique automatis\u00e9s aux clients dont les abonnements sont sur le point d&rsquo;expirer, garantissant efficacement le renouvellement opportun de ces abonnements. Ses fonctionnalit\u00e9s polyvalentes incluent la fourniture de mod\u00e8les de messagerie personnalisables et une pl\u00e9thore d&rsquo;options de planification, permettant aux entreprises d&rsquo;adapter leur communication avec les clients en fonction de leurs pr\u00e9f\u00e9rences. Par cons\u00e9quent, favoriser les relations et nourrir la loyaut\u00e9 devient une entreprise sans effort. Que vous g\u00e9rez un site d&rsquo;adh\u00e9sion, un service d&rsquo;abonnement ou toute forme d&rsquo;entreprise qui prosp\u00e8re sur les revenus r\u00e9currents, l&rsquo;acquisition de cet addon est une n\u00e9cessit\u00e9 absolue pour pr\u00e9server l&rsquo;engagement des clients et maintenir une position financi\u00e8re prosp\u00e8re.<\/p>\n<ul>\n<li>Envoyez automatiquement les rappels par e-mail aux membres payants avant leur date de renouvellement de l&rsquo;abonnement<\/li>\n<li>Permet des mod\u00e8les de messagerie enti\u00e8rement personnalisables avec des balises personnalis\u00e9es telles que le nom du membre et le type d&rsquo;abonnement<\/li>\n<li>Envoie des rappels de suivi pour les membres qui n&rsquo;ont pas renouvel\u00e9 leur abonnement<\/li>\n<li>Aide \u00e0 augmenter les taux de r\u00e9tention en rappelant aux membres de renouveler leur abonnement en temps opportun<\/li>\n<li>Int\u00e9gration facile avec le plugin d&rsquo;abonnement aux membres payants pour une exp\u00e9rience utilisateur transparente<\/li>\n<li>Fournit aux administrateurs une vue de tableau de bord de tous les rappels par e-mail envoy\u00e9s et l&rsquo;\u00e9tat de l&rsquo;abonnement de chaque membre<\/li>\n<li>Peut \u00eatre configur\u00e9 pour envoyer des rappels \u00e0 intervalles sp\u00e9cifiques avant la date d&rsquo;expiration<\/li>\n<li>Compatible avec diverses passerelles de paiement pour un processus de paiement flexible pour les membres<\/li>\n<li>G\u00e9rer efficacement les abonnements aux membres avec des rappels par e-mail automatique pour augmenter la rentabilit\u00e9<\/li>\n<\/ul>\n","protected":false},"excerpt":{"rendered":"<p>Les abonnements aux membres pay\u00e9s par e-mail Addon, un outil de prime m\u00e9ticuleusement con\u00e7u pour inciter sans effort vos membres estim\u00e9s r\u00e9mun\u00e9r\u00e9s concernant les d\u00e9lais de paiement imminent ou les renouvellements d&rsquo;abonnement, sert de changeur de jeu absolu. Cet addon remarquable vous permet d&rsquo;adapter impeccablement les mod\u00e8les de messagerie en fonction de vos pr\u00e9f\u00e9rences, de sp\u00e9cifier pr\u00e9cis\u00e9ment la fr\u00e9quence et le calendrier des rappels, et m\u00eame d&rsquo;int\u00e9grer un lien de paiement facilement accessible dans le message. En exploitant la puissance de cet outil puissant, vous pouvez nourrir et maintenir efficacement l&rsquo;engagement ind\u00e9fectible de vos membres, att\u00e9nuant ainsi consid\u00e9rablement le danger des paiements n\u00e9gligeurs et des annulations pr\u00e9matur\u00e9es. B\u00e9n\u00e9ficiant d&rsquo;un processus d&rsquo;installation sans couture et d&rsquo;une compatibilit\u00e9 transparente avec le plugin d&rsquo;abonnements des membres payants, ce compl\u00e9ment indispensable sert sans aucun doute la solution par excellence pour toutes les personnes qui cherchent \u00e0 optimiser et \u00e0 rationaliser leurs efforts de gestion d&rsquo;abonnement.<\/p>\n","protected":false},"featured_media":144899,"comment_status":"open","ping_status":"open","template":"","meta":[],"product_brand":[2619],"product_cat":[1189,1181,1186],"product_tag":[2330],"class_list":{"0":"post-122115","1":"product","2":"type-product","3":"status-publish","4":"has-post-thumbnail","6":"product_brand-cozmoslabs","7":"product_cat-personnalisation","8":"product_cat-plugins","9":"product_cat-wordpress-plugins","10":"product_tag-cozmoslabs","11":"member-discount","12":"discount-restricted","14":"first","15":"instock","16":"sale","17":"downloadable","18":"virtual","19":"sold-individually","20":"purchasable","21":"product-type-simple"},"_links":{"self":[{"href":"https:\/\/gpl-love.com\/fr\/wp-json\/wp\/v2\/product\/122115","targetHints":{"allow":["GET"]}}],"collection":[{"href":"https:\/\/gpl-love.com\/fr\/wp-json\/wp\/v2\/product"}],"about":[{"href":"https:\/\/gpl-love.com\/fr\/wp-json\/wp\/v2\/types\/product"}],"replies":[{"embeddable":true,"href":"https:\/\/gpl-love.com\/fr\/wp-json\/wp\/v2\/comments?post=122115"}],"wp:featuredmedia":[{"embeddable":true,"href":"https:\/\/gpl-love.com\/fr\/wp-json\/wp\/v2\/media\/144899"}],"wp:attachment":[{"href":"https:\/\/gpl-love.com\/fr\/wp-json\/wp\/v2\/media?parent=122115"}],"wp:term":[{"taxonomy":"product_brand","embeddable":true,"href":"https:\/\/gpl-love.com\/fr\/wp-json\/wp\/v2\/product_brand?post=122115"},{"taxonomy":"product_cat","embeddable":true,"href":"https:\/\/gpl-love.com\/fr\/wp-json\/wp\/v2\/product_cat?post=122115"},{"taxonomy":"product_tag","embeddable":true,"href":"https:\/\/gpl-love.com\/fr\/wp-json\/wp\/v2\/product_tag?post=122115"}],"curies":[{"name":"wp","href":"https:\/\/api.w.org\/{rel}","templated":true}]}}