{"id":122113,"date":"2022-09-23T00:00:00","date_gmt":"2022-09-22T22:00:00","guid":{"rendered":"https:\/\/gpl-love.com\/fr\/produit\/paid-member-subscriptions-tax-et-eu-vat-rates\/"},"modified":"2026-04-10T18:35:52","modified_gmt":"2026-04-10T16:35:52","slug":"paid-member-subscriptions-tax-et-eu-vat-rates","status":"publish","type":"product","link":"https:\/\/gpl-love.com\/fr\/produit\/paid-member-subscriptions-tax-et-eu-vat-rates\/","title":{"rendered":"Paid Member Subscriptions Tax et EU VAT Rates 1.1.7"},"content":{"rendered":"<h3>Paid Member Subscriptions Tax et EU VAT Rates Traits<\/h3>\n<p>Les tarifs de la taxe sur les abonnements aux membres et de l&rsquo;UE sont un outil robuste et tr\u00e8s efficace qui s&rsquo;adresse aux entreprises op\u00e9rant au sein de l&rsquo;Union europ\u00e9enne. Ce logiciel exceptionnellement sophistiqu\u00e9 offre aux entreprises une solution compl\u00e8te pour g\u00e9rer et g\u00e9rer efficacement les taux d&rsquo;imp\u00f4t et de TVA pour leurs abonnements payants, garantissant ainsi la plus grande pr\u00e9cision et la conformit\u00e9 dans les op\u00e9rations de facturation des clients dans les \u00c9tats membres de l&rsquo;UE. L&rsquo;incroyable polyvalence de cette plate-forme permet aux entreprises d&rsquo;adapter leurs taux d&rsquo;imposition \u00e0 leurs besoins sp\u00e9cifiques et \u00e0 automatiser sans effort le processus complexe de calcul et de collecte de la TVA appropri\u00e9e pour chaque transaction. En tirant parti du pouvoir des taux de taxe sur les abonnements aux membres payants et de la TVA de l&rsquo;UE, les entreprises peuvent rationaliser sans effort leurs processus de facturation, minimiser consid\u00e9rablement l&rsquo;occurrence d&rsquo;erreurs et r\u00e9ussir \u00e0 \u00e9chapper aux p\u00e9nalit\u00e9s financi\u00e8res \u00e9lev\u00e9es associ\u00e9es \u00e0 la non-conformit\u00e9. Que vous apparteniez au domaine des entreprises \u00e0 petite \u00e9chelle ou si vous op\u00e9rez comme une entit\u00e9 gigantesque dans le paysage des entreprises, ce logiciel exceptionnel sert d&rsquo;outil indispensable pour g\u00e9rer efficacement et efficacement vos obligations fiscales et TVA au sein de l&rsquo;Union europ\u00e9enne.<\/p>\n<ul>\n<li>Personnalisation facile des options d&rsquo;abonnement<\/li>\n<li>Calcul et facturation fiscales automatis\u00e9es<\/li>\n<li>Conformit\u00e9 aux r\u00e9glementations de la TVA de l&rsquo;UE<\/li>\n<li>Int\u00e9gration de passerelle de paiement s\u00e9curis\u00e9<\/li>\n<li>Outils de gestion des membres<\/li>\n<li>Rapports et analyses en temps r\u00e9el<\/li>\n<li>Renouvellement automatiques d&rsquo;abonnement<\/li>\n<li>Acc\u00e8s au support client et \u00e0 la documentation<\/li>\n<li>Compatibilit\u00e9 avec les plugins populaires et les modules compl\u00e9mentaires<\/li>\n<li>Int\u00e9gration transparente avec WordPress CMS<\/li>\n<\/ul>\n","protected":false},"excerpt":{"rendered":"<p>Avec la mise en \u0153uvre de ce plugin unique en son genre, vous avez la possibilit\u00e9 de g\u00e9rer sans effort les taxes et les taux de TVA de l&rsquo;UE concernant vos abonnements \u00e0 membre payant. Adieu \u00e0 la t\u00e2che ardue des calculs d&rsquo;imp\u00f4ts &#8211; notre plugin rationalise l&rsquo;ensemble du processus, garantissant la conformit\u00e9 avec les l\u00e9gislations fiscales r\u00e9gionales. M\u00e9ticuleusement con\u00e7ue avec l&rsquo;esprit de la convivialit\u00e9, ce plugin facilite le fonctionnement transparent de votre site d&rsquo;adh\u00e9sion tout en garantissant simultan\u00e9ment une gestion fiscale m\u00e9ticuleuse. Embarquez dans votre voyage aujourd&rsquo;hui et savourez dans la commodit\u00e9 in\u00e9gal\u00e9e de l&rsquo;administration fiscale sans tracas!<\/p>\n","protected":false},"featured_media":144910,"comment_status":"open","ping_status":"open","template":"","meta":[],"product_brand":[2619],"product_cat":[1300,1181,1186],"product_tag":[2330],"class_list":{"0":"post-122113","1":"product","2":"type-product","3":"status-publish","4":"has-post-thumbnail","6":"product_brand-cozmoslabs","7":"product_cat-adhesion","8":"product_cat-plugins","9":"product_cat-wordpress-plugins","10":"product_tag-cozmoslabs","11":"member-discount","12":"discount-restricted","14":"first","15":"instock","16":"sale","17":"downloadable","18":"virtual","19":"sold-individually","20":"purchasable","21":"product-type-simple"},"_links":{"self":[{"href":"https:\/\/gpl-love.com\/fr\/wp-json\/wp\/v2\/product\/122113","targetHints":{"allow":["GET"]}}],"collection":[{"href":"https:\/\/gpl-love.com\/fr\/wp-json\/wp\/v2\/product"}],"about":[{"href":"https:\/\/gpl-love.com\/fr\/wp-json\/wp\/v2\/types\/product"}],"replies":[{"embeddable":true,"href":"https:\/\/gpl-love.com\/fr\/wp-json\/wp\/v2\/comments?post=122113"}],"wp:featuredmedia":[{"embeddable":true,"href":"https:\/\/gpl-love.com\/fr\/wp-json\/wp\/v2\/media\/144910"}],"wp:attachment":[{"href":"https:\/\/gpl-love.com\/fr\/wp-json\/wp\/v2\/media?parent=122113"}],"wp:term":[{"taxonomy":"product_brand","embeddable":true,"href":"https:\/\/gpl-love.com\/fr\/wp-json\/wp\/v2\/product_brand?post=122113"},{"taxonomy":"product_cat","embeddable":true,"href":"https:\/\/gpl-love.com\/fr\/wp-json\/wp\/v2\/product_cat?post=122113"},{"taxonomy":"product_tag","embeddable":true,"href":"https:\/\/gpl-love.com\/fr\/wp-json\/wp\/v2\/product_tag?post=122113"}],"curies":[{"name":"wp","href":"https:\/\/api.w.org\/{rel}","templated":true}]}}