{"id":122111,"date":"2024-01-06T00:00:00","date_gmt":"2024-01-05T23:00:00","guid":{"rendered":"https:\/\/gpl-love.com\/fr\/produit\/paid-memberships-pro-reports-dashboard-addon\/"},"modified":"2026-04-10T18:36:06","modified_gmt":"2026-04-10T16:36:06","slug":"paid-memberships-pro-reports-dashboard-addon","status":"publish","type":"product","link":"https:\/\/gpl-love.com\/fr\/produit\/paid-memberships-pro-reports-dashboard-addon\/","title":{"rendered":"Paid Memberships Pro Reports Dashboard Addon 1.0"},"content":{"rendered":"<h3>Paid Memberships Pro Reports Dashboard Addon Traits<\/h3>\n<p>L&rsquo;addon de tableau de bord des rapports offert par les membres payants Pro est un outil remarquablement puissant qui a \u00e9t\u00e9 m\u00e9ticuleusement con\u00e7u pour enrichir la fonctionnalit\u00e9 de votre site Web d&rsquo;adh\u00e9sion. En incorporant cet addon dans votre site Web, vous pourrez sans effort surveiller et \u00e9valuer m\u00e9ticuleusement les performances de votre site Web d&rsquo;adh\u00e9sion gr\u00e2ce \u00e0 l&rsquo;utilisation d&rsquo;un tableau de bord incroyablement convivial et intuitif. Ce tableau de bord vous permettra de prendre des informations et des analyses inestimables concernant vos donn\u00e9es d&rsquo;adh\u00e9sion. En cons\u00e9quence, vous serez \u00e9quip\u00e9 des informations n\u00e9cessaires pour optimiser votre programme d&rsquo;adh\u00e9sion et v\u00e9rifier son efficacit\u00e9. De plus, l&rsquo;installation et l&rsquo;utilisation de cet addon sont un jeu d&rsquo;enfant, ce qui le rend accessible aux personnes ayant divers degr\u00e9s de comp\u00e9tence technique. En adoptant les rapports Dashboard Addon fournis par les membres payants Pays Pro, vous pourrez prendre des d\u00e9cisions judicieuses et bien inform\u00e9es, augmentant finalement l&rsquo;efficacit\u00e9 globale et les performances de votre programme d&rsquo;adh\u00e9sion.<\/p>\n<ul>\n<li>Acc\u00e8s \u00e0 un tableau de bord complet de rapports d&rsquo;adh\u00e9sion<\/li>\n<li>Statistiques en temps r\u00e9el pour suivre la croissance et les tendances de l&rsquo;adh\u00e9sion<\/li>\n<li>Visualisations de donn\u00e9es personnalisables pour une analyse facile<\/li>\n<li>Int\u00e9gration avec diverses passerelles et plateformes de paiement<\/li>\n<li>Capacit\u00e9 \u00e0 exporter des rapports dans plusieurs formats pour le partage et l&rsquo;analyse plus approfondie<\/li>\n<li>Notifications de courrier \u00e9lectronique automatis\u00e9es pour les mesures d&rsquo;adh\u00e9sion cl\u00e9s<\/li>\n<li>Interface conviviale pour une navigation facile et une compr\u00e9hension des donn\u00e9es<\/li>\n<li>Compatibilit\u00e9 transparente avec le plugin d&rsquo;adh\u00e9sion aux membres payants<\/li>\n<li>Efficacit\u00e9 accrue et perspectives pour la gestion et l&rsquo;optimisation des membres<\/li>\n<li>Am\u00e9lioration des strat\u00e9gies de r\u00e9tention et de croissance des membres avec des informations sur les donn\u00e9es pr\u00e9cieuses<\/li>\n<\/ul>\n","protected":false},"excerpt":{"rendered":"<p>Les rapports de Dashboard Addon offerts par les adh\u00e9sions payantes PRO se r\u00e9v\u00e8lent \u00eatre un outil exemplaire et robuste, ce qui permet aux utilisateurs d&rsquo;obtenir rapidement et sans effort sans pr\u00e9cieuse des informations concernant les performances de leur site d&rsquo;adh\u00e9sion. Facilit\u00e9es par son interface remarquablement conviviale, les individus ont la possibilit\u00e9 d&rsquo;acc\u00e9der facilement et d&rsquo;analyser m\u00e9ticuleusement des donn\u00e9es cruciales, de compter des aspects tels que l&rsquo;afflux de nouveaux membres, des revenus g\u00e9n\u00e9r\u00e9s, du taux de d\u00e9sabonnement et un \u00e9ventail d&rsquo;autres statistiques pertinentes, que tous sont commod\u00e9ment centralis\u00e9s dans un emplacement singulier. Remarquablement, cet addon offre en outre le luxe de rapports personnalis\u00e9s, offrant aux utilisateurs la possibilit\u00e9 de parcourir des donn\u00e9es qui s&rsquo;alignent sp\u00e9cifiquement sur les exigences uniques de leur entreprise. Que l&rsquo;on assume le r\u00f4le d&rsquo;un propri\u00e9taire d&rsquo;entreprise ou d&rsquo;un gestionnaire de sites d&rsquo;adh\u00e9sion, l&rsquo;addon de tableau de bord rapporte un instrument indispensable, r\u00e9pondant aux besoins des personnes h\u00e9bergeant le d\u00e9sir d&rsquo;\u00e9largir les gains financiers de son site d&rsquo;adh\u00e9sion et d&rsquo;am\u00e9liorer sa performance globale.<\/p>\n","protected":false},"featured_media":144929,"comment_status":"open","ping_status":"open","template":"","meta":[],"product_brand":[2620],"product_cat":[1187,1181,1186],"product_tag":[2307],"class_list":{"0":"post-122111","1":"product","2":"type-product","3":"status-publish","4":"has-post-thumbnail","6":"product_brand-paid-memberships-pro","7":"product_cat-administration-wordpress-plugins","8":"product_cat-plugins","9":"product_cat-wordpress-plugins","10":"product_tag-paid-memberships-pro","11":"member-discount","12":"discount-restricted","14":"first","15":"instock","16":"sale","17":"downloadable","18":"virtual","19":"sold-individually","20":"purchasable","21":"product-type-simple"},"_links":{"self":[{"href":"https:\/\/gpl-love.com\/fr\/wp-json\/wp\/v2\/product\/122111","targetHints":{"allow":["GET"]}}],"collection":[{"href":"https:\/\/gpl-love.com\/fr\/wp-json\/wp\/v2\/product"}],"about":[{"href":"https:\/\/gpl-love.com\/fr\/wp-json\/wp\/v2\/types\/product"}],"replies":[{"embeddable":true,"href":"https:\/\/gpl-love.com\/fr\/wp-json\/wp\/v2\/comments?post=122111"}],"wp:featuredmedia":[{"embeddable":true,"href":"https:\/\/gpl-love.com\/fr\/wp-json\/wp\/v2\/media\/144929"}],"wp:attachment":[{"href":"https:\/\/gpl-love.com\/fr\/wp-json\/wp\/v2\/media?parent=122111"}],"wp:term":[{"taxonomy":"product_brand","embeddable":true,"href":"https:\/\/gpl-love.com\/fr\/wp-json\/wp\/v2\/product_brand?post=122111"},{"taxonomy":"product_cat","embeddable":true,"href":"https:\/\/gpl-love.com\/fr\/wp-json\/wp\/v2\/product_cat?post=122111"},{"taxonomy":"product_tag","embeddable":true,"href":"https:\/\/gpl-love.com\/fr\/wp-json\/wp\/v2\/product_tag?post=122111"}],"curies":[{"name":"wp","href":"https:\/\/api.w.org\/{rel}","templated":true}]}}