{"id":122109,"date":"2024-07-17T00:00:00","date_gmt":"2024-07-16T22:00:00","guid":{"rendered":"https:\/\/gpl-love.com\/fr\/produit\/paid-memberships-pro-reason-for-cancelling-addon\/"},"modified":"2026-04-10T18:36:05","modified_gmt":"2026-04-10T16:36:05","slug":"paid-memberships-pro-reason-for-cancelling-addon","status":"publish","type":"product","link":"https:\/\/gpl-love.com\/fr\/produit\/paid-memberships-pro-reason-for-cancelling-addon\/","title":{"rendered":"Paid Memberships Pro Reason For Cancelling Addon 1.1"},"content":{"rendered":"<h3>Paid Memberships Pro Reason For Cancelling Addon Traits<\/h3>\n<p>Les adh\u00e9sions r\u00e9mun\u00e9r\u00e9es sont en raison d&rsquo;annuler Addon, qui est sp\u00e9cialement con\u00e7ue pour les propri\u00e9taires de sites Web, offre une pl\u00e9thore d&rsquo;avantages pour les personnes qui souhaitent acqu\u00e9rir une compr\u00e9hension compl\u00e8te des raisons sous-jacentes de la d\u00e9cision de leurs clients de mettre fin \u00e0 leurs adh\u00e9sions. En utilisant cet addon tr\u00e8s efficace, la capacit\u00e9 de surveiller et d&rsquo;\u00e9valuer sans effort les divers facteurs contribuant \u00e0 l&rsquo;attrition du client est rendue possible, permettant ainsi aux propri\u00e9taires de sites de mettre en \u0153uvre les modifications n\u00e9cessaires essentielles pour augmenter la r\u00e9tention des clients et att\u00e9nuer le ph\u00e9nom\u00e8ne ind\u00e9sirable de la d\u00e9sabonnement. Qu&rsquo;il \u00e9mane des pr\u00e9occupations relatives aux structures de tarification, un manque de valeur per\u00e7u dans les services offerts ou simplement une carence en engagement client, la raison r\u00e9mun\u00e9r\u00e9e des adh\u00e9sions \u00e0 l&rsquo;annulation de l&rsquo;Addon \u00e9quipe les propri\u00e9taires de sites Web avec les donn\u00e9es indispensables n\u00e9cessaires pour fabriquer une strat\u00e9gie bien inform\u00e9e strat\u00e9gique bien inform\u00e9e Choix, favorisant ainsi la satisfaction durable des clients. Par cons\u00e9quent, si vos aspirations englobent l&rsquo;expansion de votre site d&rsquo;adh\u00e9sion et la culture d&rsquo;une client\u00e8le in\u00e9branlable, il est sans aucun doute prudent d&rsquo;envisager s\u00e9rieusement l&rsquo;acquisition de cet addon remarquable.<\/p>\n<ul>\n<li>Permet aux membres de fournir une raison pour laquelle ils annulent leur adh\u00e9sion<\/li>\n<li>Fournit des commentaires pr\u00e9cieux pour am\u00e9liorer les strat\u00e9gies de r\u00e9tention et identifier les points de douleur<\/li>\n<li>Peut \u00eatre personnalis\u00e9 avec des options de raison sp\u00e9cifiques ou permettre une entr\u00e9e de texte de formulaire gratuit<\/li>\n<li>Envoie automatiquement la notification d&rsquo;annulation \u00e0 l&rsquo;administrateur avec la raison fournie<\/li>\n<li>Intregate de mani\u00e8re transparente avec les membres payants Plugin Pro pour WordPress<\/li>\n<li>Aide \u00e0 maintenir une communication positive avec les membres m\u00eame apr\u00e8s avoir annul\u00e9<\/li>\n<li>Fournit un aper\u00e7u du comportement des membres et des mod\u00e8les d&rsquo;annulation<\/li>\n<li>Facile \u00e0 configurer et \u00e0 utiliser, avec des options d&rsquo;int\u00e9gration et de configuration simples<\/li>\n<li>Peut \u00eatre utilis\u00e9 en conjonction avec d&rsquo;autres tactiques de r\u00e9tention et de vense de vente pour am\u00e9liorer les efforts de mon\u00e9tisation globale<\/li>\n<li>Aide \u00e0 renforcer la confiance et la fid\u00e9lit\u00e9 en montrant aux membres que leurs commentaires sont valoris\u00e9s et que leur exp\u00e9rience est importante.<\/li>\n<\/ul>\n","protected":false},"excerpt":{"rendered":"<p>Les adh\u00e9sions payantes pour l&rsquo;annulation de l&rsquo;addon sert d&rsquo;outil de pointe et d&rsquo;inventive, m\u00e9ticuleusement con\u00e7ue pour aider les entreprises \u00e0 obtenir des informations inestimables sur les raisons de l&rsquo;annulation des adh\u00e9sions par leurs clients. En incorporant cet addon remarquable, les entreprises sont autoris\u00e9es \u00e0 g\u00e9n\u00e9rer sans effort les champs de raisons d&rsquo;annulation sur mesure qui incitent efficacement les clients \u00e0 fournir des commentaires complexes concernant la justification de leur d\u00e9cision de mettre fin \u00e0 leur adh\u00e9sion. Les donn\u00e9es amass\u00e9es d\u00e9tient un immense potentiel d&rsquo;analyse m\u00e9ticuleuse, permettant aux entreprises d&rsquo;optimiser leurs strat\u00e9gies, de r\u00e9pondre efficacement aux pr\u00e9occupations des clients et, finalement, d&rsquo;\u00e9l\u00e9menter leurs taux de r\u00e9tention. Sans aucun doute, cet addon sert d&rsquo;atout indispensable pour toute entreprise de l&rsquo;entreprise pour approfondir la psych\u00e9 de leurs clients et offrir avec diligence une exp\u00e9rience d&rsquo;adh\u00e9sion am\u00e9lior\u00e9e.<\/p>\n","protected":false},"featured_media":144928,"comment_status":"open","ping_status":"open","template":"","meta":[],"product_brand":[2620],"product_cat":[1300,1181,1186],"product_tag":[2307],"class_list":{"0":"post-122109","1":"product","2":"type-product","3":"status-publish","4":"has-post-thumbnail","6":"product_brand-paid-memberships-pro","7":"product_cat-adhesion","8":"product_cat-plugins","9":"product_cat-wordpress-plugins","10":"product_tag-paid-memberships-pro","11":"member-discount","12":"discount-restricted","14":"first","15":"instock","16":"sale","17":"downloadable","18":"virtual","19":"sold-individually","20":"purchasable","21":"product-type-simple"},"_links":{"self":[{"href":"https:\/\/gpl-love.com\/fr\/wp-json\/wp\/v2\/product\/122109","targetHints":{"allow":["GET"]}}],"collection":[{"href":"https:\/\/gpl-love.com\/fr\/wp-json\/wp\/v2\/product"}],"about":[{"href":"https:\/\/gpl-love.com\/fr\/wp-json\/wp\/v2\/types\/product"}],"replies":[{"embeddable":true,"href":"https:\/\/gpl-love.com\/fr\/wp-json\/wp\/v2\/comments?post=122109"}],"wp:featuredmedia":[{"embeddable":true,"href":"https:\/\/gpl-love.com\/fr\/wp-json\/wp\/v2\/media\/144928"}],"wp:attachment":[{"href":"https:\/\/gpl-love.com\/fr\/wp-json\/wp\/v2\/media?parent=122109"}],"wp:term":[{"taxonomy":"product_brand","embeddable":true,"href":"https:\/\/gpl-love.com\/fr\/wp-json\/wp\/v2\/product_brand?post=122109"},{"taxonomy":"product_cat","embeddable":true,"href":"https:\/\/gpl-love.com\/fr\/wp-json\/wp\/v2\/product_cat?post=122109"},{"taxonomy":"product_tag","embeddable":true,"href":"https:\/\/gpl-love.com\/fr\/wp-json\/wp\/v2\/product_tag?post=122109"}],"curies":[{"name":"wp","href":"https:\/\/api.w.org\/{rel}","templated":true}]}}