{"id":122105,"date":"2025-05-23T00:00:00","date_gmt":"2025-05-22T22:00:00","guid":{"rendered":"https:\/\/gpl-love.com\/fr\/produit\/paid-memberships-pro-membership-maps-addon\/"},"modified":"2026-04-10T18:36:05","modified_gmt":"2026-04-10T16:36:05","slug":"paid-memberships-pro-membership-maps-addon","status":"publish","type":"product","link":"https:\/\/gpl-love.com\/fr\/produit\/paid-memberships-pro-membership-maps-addon\/","title":{"rendered":"Paid Memberships Pro Membership Maps Addon 0.9"},"content":{"rendered":"<h3>Paid Memberships Pro Membership Maps Addon Traits<\/h3>\n<p>L&rsquo;Addon de l&rsquo;adh\u00e9sion aux membres payants est un plugin extr\u00eamement puissant et robuste, sp\u00e9cifiquement con\u00e7u pour r\u00e9pondre aux besoins des entreprises ou des organisations visant \u00e0 pr\u00e9senter leurs divers lieux d&rsquo;adh\u00e9sion par le biais d&rsquo;une carte interactive et visuellement captivante. Il profite \u00e0 un moyen sans effort d&rsquo;ins\u00e9rer des marqueurs personnalis\u00e9s, des descriptions dynamiques et des niveaux d&rsquo;adh\u00e9sion distincts pour chaque emplacement. Non seulement l&rsquo;apparence de la carte peut \u00eatre m\u00e9ticuleusement adapt\u00e9e pour s&rsquo;aligner sur le style distinctif et l&rsquo;esth\u00e9tique visuelle de votre marque, mais il offre \u00e9galement la commodit\u00e9 suppl\u00e9mentaire d&rsquo;\u00eatre filtrable en fonction du niveau d&rsquo;adh\u00e9sion ou du type de localisation. Cet addon exemplaire se r\u00e9v\u00e8le \u00eatre la solution par excellence pour toute entreprise ou entit\u00e9 en d\u00e9sirant pour accorder \u00e0 leurs membres estim\u00e9 que les membres estim\u00e9s avec une avenue transparente et conviviale pour localiser et \u00e9tablir sans effort des connexions avec d&rsquo;autres membres. Dans l&rsquo;ensemble, les adh\u00e9sions payantes PRO Maps Addon sont un outil exceptionnel et indispensable, renfor\u00e7ant l&rsquo;exp\u00e9rience globale des membres et rendant les interactions membre \u00e0 membre nettement plus rationalis\u00e9es et sans tracas.<\/p>\n<ul>\n<li>Visualisez vos membres payants payants sur une carte<\/li>\n<li>Personnalisez facilement l&rsquo;apparence de la carte pour correspondre \u00e0 votre marque<\/li>\n<li>Map View vous permet de voir rapidement o\u00f9 se trouvent vos membres \u00e0 l&rsquo;\u00e9chelle mondiale<\/li>\n<li>Compatible avec toutes les adh\u00e9sions r\u00e9mun\u00e9r\u00e9es pro et th\u00e8mes<\/li>\n<li>Filtrer et rechercher facilement vos membres par emplacement ou d&rsquo;autres donn\u00e9es utilisateur<\/li>\n<li>Am\u00e9lioration de l&rsquo;engagement et de l&rsquo;interaction des membres \u00e0 travers des campagnes de marketing g\u00e9o-cibl\u00e9es<\/li>\n<\/ul>\n","protected":false},"excerpt":{"rendered":"<p>L&rsquo;administration de cartes d&rsquo;adh\u00e9sion offerte par les membres payants Pay est un plugin tr\u00e8s puissant qui am\u00e9liore efficacement la fonctionnalit\u00e9 de votre site d&rsquo;adh\u00e9sion. En int\u00e9grant cet addon, vous gagnez la possibilit\u00e9 de g\u00e9n\u00e9rer des cartes interactives qui pr\u00e9sentent la distribution g\u00e9ographique de vos membres, des \u00e9v\u00e9nements \u00e0 venir et divers autres informations critiques. Cette fonctionnalit\u00e9 permet \u00e0 vos membres de localiser et d&rsquo;\u00e9tablir sans effort des liens les uns avec les autres, \u00e9tablissant ainsi une communaut\u00e9 r\u00e9siliente qui nourrit l&rsquo;engagement et facilite la croissance exponentielle. De plus, l&rsquo;addon poss\u00e8de une interface conviviale qui permet une personnalisation transparente, vous permettant d&rsquo;adapter les cartes pour s&rsquo;aligner parfaitement avec les \u00e9l\u00e9ments de marque et de conception uniques de votre site. \u00c9levez les capacit\u00e9s de cr\u00e9ation communautaire de votre site en mettant en \u0153uvre l&rsquo;addon d&rsquo;adh\u00e9sion \u00e0 l&rsquo;adh\u00e9sion payante.<\/p>\n","protected":false},"featured_media":144927,"comment_status":"open","ping_status":"open","template":"","meta":[],"product_brand":[2620],"product_cat":[1189,1181,1186],"product_tag":[2307],"class_list":{"0":"post-122105","1":"product","2":"type-product","3":"status-publish","4":"has-post-thumbnail","6":"product_brand-paid-memberships-pro","7":"product_cat-personnalisation","8":"product_cat-plugins","9":"product_cat-wordpress-plugins","10":"product_tag-paid-memberships-pro","11":"member-discount","12":"discount-restricted","14":"first","15":"instock","16":"sale","17":"downloadable","18":"virtual","19":"sold-individually","20":"purchasable","21":"product-type-simple"},"_links":{"self":[{"href":"https:\/\/gpl-love.com\/fr\/wp-json\/wp\/v2\/product\/122105","targetHints":{"allow":["GET"]}}],"collection":[{"href":"https:\/\/gpl-love.com\/fr\/wp-json\/wp\/v2\/product"}],"about":[{"href":"https:\/\/gpl-love.com\/fr\/wp-json\/wp\/v2\/types\/product"}],"replies":[{"embeddable":true,"href":"https:\/\/gpl-love.com\/fr\/wp-json\/wp\/v2\/comments?post=122105"}],"wp:featuredmedia":[{"embeddable":true,"href":"https:\/\/gpl-love.com\/fr\/wp-json\/wp\/v2\/media\/144927"}],"wp:attachment":[{"href":"https:\/\/gpl-love.com\/fr\/wp-json\/wp\/v2\/media?parent=122105"}],"wp:term":[{"taxonomy":"product_brand","embeddable":true,"href":"https:\/\/gpl-love.com\/fr\/wp-json\/wp\/v2\/product_brand?post=122105"},{"taxonomy":"product_cat","embeddable":true,"href":"https:\/\/gpl-love.com\/fr\/wp-json\/wp\/v2\/product_cat?post=122105"},{"taxonomy":"product_tag","embeddable":true,"href":"https:\/\/gpl-love.com\/fr\/wp-json\/wp\/v2\/product_tag?post=122105"}],"curies":[{"name":"wp","href":"https:\/\/api.w.org\/{rel}","templated":true}]}}