{"id":122101,"date":"2024-02-14T00:00:00","date_gmt":"2024-02-13T23:00:00","guid":{"rendered":"https:\/\/gpl-love.com\/fr\/produit\/paid-memberships-pro-custom-level-cost-text-addon\/"},"modified":"2026-04-10T18:35:58","modified_gmt":"2026-04-10T16:35:58","slug":"paid-memberships-pro-custom-level-cost-text-addon","status":"publish","type":"product","link":"https:\/\/gpl-love.com\/fr\/produit\/paid-memberships-pro-custom-level-cost-text-addon\/","title":{"rendered":"Paid Memberships Pro Custom Level Cost Text Addon 0.4.2"},"content":{"rendered":"<h3>Paid Memberships Pro Custom Level Cost Text Addon Traits<\/h3>\n<p>Les adh\u00e9sions payantes PRO Custom Cost Cost Text Addon, r\u00e9put\u00e9es pour ses immenses prouesses, sert de ressource inestimable pour les entreprises souhaitant offrir des niveaux d&rsquo;adh\u00e9sion personnalis\u00e9s \u00e0 leur client\u00e8le estim\u00e9e. Cet addon extraordinaire permet aux utilisateurs de leur fournir un moyen transparent d&rsquo;\u00e9tablir des co\u00fbts sur mesure pour leurs niveaux d&rsquo;adh\u00e9sion, leur donnant ainsi une flexibilit\u00e9 et une domination sans pr\u00e9c\u00e9dent sur leurs strat\u00e9gies de prix. En vertu de la capacit\u00e9 d&rsquo;adapter m\u00e9ticuleusement le texte pour chaque niveau d&rsquo;adh\u00e9sion, les utilisateurs peuvent concocter des propositions uniques et s\u00e9duisantes, m\u00e9ticuleusement adapt\u00e9es pour r\u00e9pondre aux exigences distinctes de leur client\u00e8le distingu\u00e9e. En outre, l&rsquo;addon manifeste un processus d&rsquo;installation et de configuration sans effort, ce qui le rend facilement accessible aux individus de diff\u00e9rents niveaux de comp\u00e9tence. En r\u00e9sum\u00e9, les adh\u00e9sions payantes PRO PRO CUSTUST COST Text Addon est un instrument indispensable pour les entreprises qui cherchent \u00e0 optimiser leurs sources de revenus gr\u00e2ce \u00e0 la mise en \u0153uvre d&rsquo;offres d&rsquo;adh\u00e9sion personnalis\u00e9es.<\/p>\n<ul>\n<li>Vous permet de personnaliser le texte du co\u00fbt affich\u00e9 \u00e0 vos utilisateurs pour chaque niveau d&rsquo;adh\u00e9sion personnalis\u00e9 dans les abonnements payants.<\/li>\n<li>Fournit une flexibilit\u00e9 et un contr\u00f4le sur la fa\u00e7on dont votre prix d&rsquo;adh\u00e9sion est pr\u00e9sent\u00e9 \u00e0 vos utilisateurs.<\/li>\n<li>Aide \u00e0 maintenir la coh\u00e9rence de votre marque et de votre messagerie en vous permettant d&rsquo;utiliser votre propre terminologie et votre langue.<\/li>\n<li>Assure que vos utilisateurs re\u00e7oivent des informations claires et pr\u00e9cises sur les co\u00fbts associ\u00e9s \u00e0 chaque niveau d&rsquo;adh\u00e9sion.<\/li>\n<li>Facile \u00e0 installer et \u00e0 utiliser, avec des param\u00e8tres simples qui vous permettent de configurer le plugin \u00e0 vos besoins sp\u00e9cifiques.<\/li>\n<li>Con\u00e7u pour s&rsquo;int\u00e9grer de mani\u00e8re transparente aux membres payants Pays Pro, le premier plugin de gestion des membres pour WordPress.<\/li>\n<li>Fournit des informations pr\u00e9cieuses sur votre strat\u00e9gie de tarification des membres, vous permettant d&rsquo;adapter vos niveaux d&rsquo;adh\u00e9sion et les niveaux de tarification pour optimiser vos revenus.<\/li>\n<li>Vous \u00e9vite le temps et les efforts en automatisant le processus de personnalisation du texte de vos co\u00fbts d&rsquo;adh\u00e9sion, vous lib\u00e9rant pour vous concentrer sur d&rsquo;autres aspects de votre entreprise.<\/li>\n<\/ul>\n","protected":false},"excerpt":{"rendered":"<p>Les adh\u00e9sions r\u00e9mun\u00e9r\u00e9es au niveau personnalis\u00e9 Cost Text Addon, un outil incroyablement puissant, vous donne la possibilit\u00e9 de g\u00e9n\u00e9rer et de superviser sans effort des niveaux d&rsquo;adh\u00e9sion personnalis\u00e9s pour votre site Web ou votre entreprise. Gr\u00e2ce \u00e0 l&rsquo;utilisation de cet addon, vous \u00eates accord\u00e9 \u00e0 la capacit\u00e9 d&rsquo;ajouter du texte de co\u00fbt personnalis\u00e9 \u00e0 vos niveaux d&rsquo;adh\u00e9sion, permettant \u00e0 vos utilisateurs d&rsquo;acqu\u00e9rir une compr\u00e9hension lucide des frais associ\u00e9s pour chaque niveau respectif. Notamment, cet addon poss\u00e8de une interface intrins\u00e8quement conviviale, la rendant comme une personnalisation, et fonctionne parfaitement en conjonction avec les membres payants Pro, augmentant ainsi votre efficacit\u00e9 dans la gestion de votre programme d&rsquo;adh\u00e9sion. Si vous exploitez un site Web ax\u00e9 sur les membres, facilitez les cours en ligne ou offrez un service d&rsquo;abonnement, cet addon est une n\u00e9cessit\u00e9 absolue pour optimiser vos proc\u00e9dures de paiement et am\u00e9liorer la commodit\u00e9 des utilisateurs.<\/p>\n","protected":false},"featured_media":144918,"comment_status":"open","ping_status":"open","template":"","meta":[],"product_brand":[2620],"product_cat":[1300,1181,1186],"product_tag":[2307],"class_list":{"0":"post-122101","1":"product","2":"type-product","3":"status-publish","4":"has-post-thumbnail","6":"product_brand-paid-memberships-pro","7":"product_cat-adhesion","8":"product_cat-plugins","9":"product_cat-wordpress-plugins","10":"product_tag-paid-memberships-pro","11":"member-discount","12":"discount-restricted","14":"first","15":"instock","16":"sale","17":"downloadable","18":"virtual","19":"sold-individually","20":"purchasable","21":"product-type-simple"},"_links":{"self":[{"href":"https:\/\/gpl-love.com\/fr\/wp-json\/wp\/v2\/product\/122101","targetHints":{"allow":["GET"]}}],"collection":[{"href":"https:\/\/gpl-love.com\/fr\/wp-json\/wp\/v2\/product"}],"about":[{"href":"https:\/\/gpl-love.com\/fr\/wp-json\/wp\/v2\/types\/product"}],"replies":[{"embeddable":true,"href":"https:\/\/gpl-love.com\/fr\/wp-json\/wp\/v2\/comments?post=122101"}],"wp:featuredmedia":[{"embeddable":true,"href":"https:\/\/gpl-love.com\/fr\/wp-json\/wp\/v2\/media\/144918"}],"wp:attachment":[{"href":"https:\/\/gpl-love.com\/fr\/wp-json\/wp\/v2\/media?parent=122101"}],"wp:term":[{"taxonomy":"product_brand","embeddable":true,"href":"https:\/\/gpl-love.com\/fr\/wp-json\/wp\/v2\/product_brand?post=122101"},{"taxonomy":"product_cat","embeddable":true,"href":"https:\/\/gpl-love.com\/fr\/wp-json\/wp\/v2\/product_cat?post=122101"},{"taxonomy":"product_tag","embeddable":true,"href":"https:\/\/gpl-love.com\/fr\/wp-json\/wp\/v2\/product_tag?post=122101"}],"curies":[{"name":"wp","href":"https:\/\/api.w.org\/{rel}","templated":true}]}}