{"id":122095,"date":"2022-03-14T00:00:00","date_gmt":"2022-03-13T23:00:00","guid":{"rendered":"https:\/\/gpl-love.com\/fr\/produit\/paid-member-subscriptions-navigation-menu-filtering-addon\/"},"modified":"2026-04-10T18:35:47","modified_gmt":"2026-04-10T16:35:47","slug":"paid-member-subscriptions-navigation-menu-filtering-addon","status":"publish","type":"product","link":"https:\/\/gpl-love.com\/fr\/produit\/paid-member-subscriptions-navigation-menu-filtering-addon\/","title":{"rendered":"Paid Member Subscriptions Navigation Menu Filtering Addon 1.1.0"},"content":{"rendered":"<h3>Paid Member Subscriptions Navigation Menu Filtering Addon Traits<\/h3>\n<p>Le filtrage du menu de navigation des abonnements payants, un outil incroyablement puissant, a \u00e9t\u00e9 m\u00e9ticuleusement con\u00e7u pour am\u00e9liorer et optimiser l&rsquo;exp\u00e9rience utilisateur sur votre site d&rsquo;adh\u00e9sion estim\u00e9. En incorporant cet addon exceptionnel, vous \u00eates autoris\u00e9 \u00e0 construire sans effort des menus de navigation personnalis\u00e9s, impeccablement adapt\u00e9s pour r\u00e9pondre aux exigences et pr\u00e9f\u00e9rences distinctes de vos membres estim\u00e9s. Avec une vaste gamme d&rsquo;options de filtrage remarquables \u00e0 votre disposition, vos membres seront en mesure de localiser rapidement et sans effort le contenu souhait\u00e9 qu&rsquo;ils recherchent, simplifiant ainsi leur exp\u00e9rience de navigation sur le site dans une mesure sans pr\u00e9c\u00e9dent. Que votre objectif principal soit d&rsquo;\u00e9lever l&rsquo;exp\u00e9rience utilisateur sur votre site d&rsquo;adh\u00e9sion ou de faciliter l&rsquo;acc\u00e8s transparent \u00e0 des informations indispensables pour vos membres pr\u00e9cieux, l&rsquo;indispensabilit\u00e9 des abonnements aux abonnements des abonnements de navigation de navigation ne peut pas \u00eatre surestim\u00e9. En r\u00e9sum\u00e9, c&rsquo;est une n\u00e9cessit\u00e9 absolue pour tout propri\u00e9taire de site d&rsquo;adh\u00e9sion consciencieux et d\u00e9vou\u00e9.<\/p>\n<ul>\n<li>Am\u00e9liore les options de filtrage du menu de navigation pour votre plugin d&rsquo;abonnements de membres payants<\/li>\n<li>Permet le filtrage personnalis\u00e9 de vos niveaux d&rsquo;adh\u00e9sion et d&rsquo;abonnements<\/li>\n<li>Permet aux utilisateurs de naviguer rapidement et facilement vers le contenu et les fonctionnalit\u00e9s associ\u00e9s \u00e0 leur niveau d&rsquo;adh\u00e9sion sp\u00e9cifique<\/li>\n<li>Offre une meilleure exp\u00e9rience utilisateur \u00e0 vos membres, augmentant les taux de r\u00e9tention et d&rsquo;engagement<\/li>\n<li>Simplifie le syst\u00e8me de navigation de votre site pour les visiteurs et les non-membres, r\u00e9duisant la confusion et am\u00e9liorant la convivialit\u00e9 globale<\/li>\n<li>Peut \u00eatre facilement int\u00e9gr\u00e9 au plugin d&rsquo;abonnements de membres payants et personnalis\u00e9 pour r\u00e9pondre aux besoins de conception et de fonctionnalit\u00e9 uniques de votre site<\/li>\n<li>Aide \u00e0 rationaliser le syst\u00e8me de gestion des membres de votre site, ce qui vous permet de g\u00e9rer et de suivre les donn\u00e9es et d&rsquo;activit\u00e9 des membres<\/li>\n<\/ul>\n","protected":false},"excerpt":{"rendered":"<p>Le filtrage du menu de navigation des abonnements aux membres payants s&rsquo;av\u00e8re \u00eatre un actif vital dans la gestion efficace de l&rsquo;acc\u00e8s des utilisateurs \u00e0 votre site Web. En tirant parti de cet addon, vous gagnez la possibilit\u00e9 d&rsquo;adapter le menu de navigation conform\u00e9ment aux r\u00f4les utilisateur et aux niveaux d&rsquo;abonnement, garantissant ainsi que l&rsquo;acc\u00e8s exclusif \u00e0 des sections sp\u00e9cifiques de votre site est accord\u00e9 uniquement aux personnes autoris\u00e9es. En outre, la simplicit\u00e9 et la facilit\u00e9 d&rsquo;installation associ\u00e9es \u00e0 cet addon en font une option parfaite pour tout site Web cherchant \u00e0 mettre en \u0153uvre le contr\u00f4le d&rsquo;acc\u00e8s aux membres.<\/p>\n","protected":false},"featured_media":144905,"comment_status":"open","ping_status":"open","template":"","meta":[],"product_brand":[2619],"product_cat":[1189,1181,1186],"product_tag":[2330],"class_list":{"0":"post-122095","1":"product","2":"type-product","3":"status-publish","4":"has-post-thumbnail","6":"product_brand-cozmoslabs","7":"product_cat-personnalisation","8":"product_cat-plugins","9":"product_cat-wordpress-plugins","10":"product_tag-cozmoslabs","11":"member-discount","12":"discount-restricted","14":"first","15":"instock","16":"sale","17":"downloadable","18":"virtual","19":"sold-individually","20":"purchasable","21":"product-type-simple"},"_links":{"self":[{"href":"https:\/\/gpl-love.com\/fr\/wp-json\/wp\/v2\/product\/122095","targetHints":{"allow":["GET"]}}],"collection":[{"href":"https:\/\/gpl-love.com\/fr\/wp-json\/wp\/v2\/product"}],"about":[{"href":"https:\/\/gpl-love.com\/fr\/wp-json\/wp\/v2\/types\/product"}],"replies":[{"embeddable":true,"href":"https:\/\/gpl-love.com\/fr\/wp-json\/wp\/v2\/comments?post=122095"}],"wp:featuredmedia":[{"embeddable":true,"href":"https:\/\/gpl-love.com\/fr\/wp-json\/wp\/v2\/media\/144905"}],"wp:attachment":[{"href":"https:\/\/gpl-love.com\/fr\/wp-json\/wp\/v2\/media?parent=122095"}],"wp:term":[{"taxonomy":"product_brand","embeddable":true,"href":"https:\/\/gpl-love.com\/fr\/wp-json\/wp\/v2\/product_brand?post=122095"},{"taxonomy":"product_cat","embeddable":true,"href":"https:\/\/gpl-love.com\/fr\/wp-json\/wp\/v2\/product_cat?post=122095"},{"taxonomy":"product_tag","embeddable":true,"href":"https:\/\/gpl-love.com\/fr\/wp-json\/wp\/v2\/product_tag?post=122095"}],"curies":[{"name":"wp","href":"https:\/\/api.w.org\/{rel}","templated":true}]}}