{"id":122093,"date":"2022-03-14T00:00:00","date_gmt":"2022-03-13T23:00:00","guid":{"rendered":"https:\/\/gpl-love.com\/fr\/produit\/paid-member-subscriptions-bbpress-addon\/"},"modified":"2026-04-10T18:35:39","modified_gmt":"2026-04-10T16:35:39","slug":"paid-member-subscriptions-bbpress-addon","status":"publish","type":"product","link":"https:\/\/gpl-love.com\/fr\/produit\/paid-member-subscriptions-bbpress-addon\/","title":{"rendered":"Paid Member Subscriptions bbPress Addon 1.0.2"},"content":{"rendered":"<h3>Paid Member Subscriptions bbPress Addon Traits<\/h3>\n<p>Les abonnements aux membres payants BBPress Addon sert d&rsquo;instrument crucial pour les personnes qui poss\u00e8dent des sites Web et aspirent \u00e0 \u00e9tablir des sites d&rsquo;adh\u00e9sion aux c\u00f4t\u00e9s des forums de discussion. Cet addon particulier permet aux utilisateurs la possibilit\u00e9 de restreindre l&rsquo;entr\u00e9e aux discussions de forum en fonction de leurs niveaux d&rsquo;adh\u00e9sion respectifs, garantissant ainsi que les membres payants seuls sont capables d&rsquo;acc\u00e9der \u00e0 un contenu s\u00e9lectionn\u00e9. L&rsquo;int\u00e9gration transparente avec le plugin BBPress am\u00e9liore en outre la fonctionnalit\u00e9 de cet addon, rationalisant la gestion des abonnements et des discussions de forum dans une seule plate-forme unifi\u00e9e. En outre, l&rsquo;addon d\u00e9veloppe son utilit\u00e9 via une gamme diversifi\u00e9e d&rsquo;options de personnalisation, permettant aux propri\u00e9taires de sites Web de r\u00e9gler finement le plugin conform\u00e9ment \u00e0 leurs exigences uniques. Collectivement, les abonnements aux membres r\u00e9mun\u00e9r\u00e9s BBPRESS Addon incarnent un actif indispensable pour les personnes cherchant \u00e0 favoriser une communaut\u00e9 d&rsquo;adh\u00e9sion florissante accompagn\u00e9e de discussions captivantes.<\/p>\n<ul>\n<li>Permet l&rsquo;int\u00e9gration entre les abonnements aux membres payants et BBPress<\/li>\n<li>Vous permet de restreindre l&rsquo;acc\u00e8s \u00e0 des forums BBPress sp\u00e9cifiques en fonction des niveaux d&rsquo;adh\u00e9sion<\/li>\n<li>Fournit une int\u00e9gration transparente avec la conception et le th\u00e8me de votre site Web<\/li>\n<li>Vous donne un contr\u00f4le sur qui peut cr\u00e9er de nouveaux sujets ou r\u00e9pondre \u00e0 ceux existants dans vos forums BBPress<\/li>\n<li>Offre un processus de configuration et de configuration simple afin que vous puissiez commencer \u00e0 restreindre l&rsquo;acc\u00e8s imm\u00e9diatement<\/li>\n<li>Livr\u00e9 avec un soutien d\u00e9di\u00e9 de notre \u00e9quipe pour vous aider \u00e0 r\u00e9soudre tout probl\u00e8me ou \u00e0 r\u00e9pondre \u00e0 toutes les questions que vous pourriez avoir sur l&rsquo;addon<\/li>\n<li>Vous aide \u00e0 mon\u00e9tiser vos forums BBPress en offrant plus de valeur \u00e0 vos membres payants tout en incitant les autres \u00e0 mettre \u00e0 niveau leur niveau d&rsquo;adh\u00e9sion.<\/li>\n<\/ul>\n","protected":false},"excerpt":{"rendered":"<p>Les abonnements aux membres payants BBPress Addon, un plugin convivial, propose une int\u00e9gration transparente des forums BBPress dans votre site d&rsquo;adh\u00e9sion \u00e0 des abonnements aux membres payants. Gr\u00e2ce \u00e0 l&rsquo;utilisation de cet addon, vous pouvez \u00e9tablir sans effort des forums exclusifs accessibles uniquement aux membres payants et limiter davantage l&rsquo;acc\u00e8s \u00e0 des forums sp\u00e9cifiques en fonction des niveaux d&rsquo;abonnement. Cette puissante fusion garantit l&rsquo;engagement soutenu de votre communaut\u00e9, la pr\u00e9servation de votre contenu pr\u00e9cieux et l&rsquo;expansion perp\u00e9tuelle de votre source de revenus.<\/p>\n","protected":false},"featured_media":144896,"comment_status":"open","ping_status":"open","template":"","meta":[],"product_brand":[2619],"product_cat":[1189,1181,1186],"product_tag":[2330],"class_list":{"0":"post-122093","1":"product","2":"type-product","3":"status-publish","4":"has-post-thumbnail","6":"product_brand-cozmoslabs","7":"product_cat-personnalisation","8":"product_cat-plugins","9":"product_cat-wordpress-plugins","10":"product_tag-cozmoslabs","11":"member-discount","12":"discount-restricted","14":"first","15":"instock","16":"sale","17":"downloadable","18":"virtual","19":"sold-individually","20":"purchasable","21":"product-type-simple"},"_links":{"self":[{"href":"https:\/\/gpl-love.com\/fr\/wp-json\/wp\/v2\/product\/122093","targetHints":{"allow":["GET"]}}],"collection":[{"href":"https:\/\/gpl-love.com\/fr\/wp-json\/wp\/v2\/product"}],"about":[{"href":"https:\/\/gpl-love.com\/fr\/wp-json\/wp\/v2\/types\/product"}],"replies":[{"embeddable":true,"href":"https:\/\/gpl-love.com\/fr\/wp-json\/wp\/v2\/comments?post=122093"}],"wp:featuredmedia":[{"embeddable":true,"href":"https:\/\/gpl-love.com\/fr\/wp-json\/wp\/v2\/media\/144896"}],"wp:attachment":[{"href":"https:\/\/gpl-love.com\/fr\/wp-json\/wp\/v2\/media?parent=122093"}],"wp:term":[{"taxonomy":"product_brand","embeddable":true,"href":"https:\/\/gpl-love.com\/fr\/wp-json\/wp\/v2\/product_brand?post=122093"},{"taxonomy":"product_cat","embeddable":true,"href":"https:\/\/gpl-love.com\/fr\/wp-json\/wp\/v2\/product_cat?post=122093"},{"taxonomy":"product_tag","embeddable":true,"href":"https:\/\/gpl-love.com\/fr\/wp-json\/wp\/v2\/product_tag?post=122093"}],"curies":[{"name":"wp","href":"https:\/\/api.w.org\/{rel}","templated":true}]}}