{"id":122091,"date":"2022-09-23T00:00:00","date_gmt":"2022-09-22T22:00:00","guid":{"rendered":"https:\/\/gpl-love.com\/fr\/produit\/paid-member-subscriptions-global-content-restriction-addon\/"},"modified":"2026-04-10T18:35:44","modified_gmt":"2026-04-10T16:35:44","slug":"paid-member-subscriptions-global-content-restriction-addon","status":"publish","type":"product","link":"https:\/\/gpl-love.com\/fr\/produit\/paid-member-subscriptions-global-content-restriction-addon\/","title":{"rendered":"Paid Member Subscriptions Global Content Restriction Addon 1.0.9"},"content":{"rendered":"<h3>Paid Member Subscriptions Global Content Restriction Addon Traits<\/h3>\n<p>Le membre payant abonnements \u00e0 la restriction de contenu mondial, un outil indispensable pour les entreprises en ligne fournissant des abonnements payants, sert de moyen de restreindre l&rsquo;acc\u00e8s au contenu exclusivement pour ceux qui ont pay\u00e9 les membres. Ce faisant, cet addon accorde la possibilit\u00e9 de prot\u00e9ger le contenu pr\u00e9cieux des utilisateurs non autoris\u00e9s, garantissant que seules les personnes qui ont effectu\u00e9 les paiements n\u00e9cessaires peuvent entrer. B\u00e9n\u00e9ficiant d&rsquo;une facilit\u00e9 d&rsquo;installation et de la possibilit\u00e9 de l&rsquo;adapter en fonction de ses exigences sp\u00e9cifiques, cet addon permet la restriction de l&rsquo;acc\u00e8s \u00e0 des pages Web individuelles, des publications ou m\u00eame des cat\u00e9gories enti\u00e8res. De plus, il permet aux utilisateurs d&rsquo;\u00e9tablir des niveaux d&rsquo;acc\u00e8s diff\u00e9rents en fonction du type d&rsquo;adh\u00e9sion. Avec l&rsquo;inclusion des abonnements aux abonnements aux membres payants mondiaux de contenu de contenu, les utilisateurs peuvent prendre le contr\u00f4le de leur contenu, garantissant que les membres payants re\u00e7oivent l&rsquo;acc\u00e8s exclusif qu&rsquo;ils m\u00e9ritent \u00e0 juste titre.<\/p>\n<ul>\n<li>Restreindre l&rsquo;acc\u00e8s au contenu de votre site Web en fonction des niveaux d&rsquo;adh\u00e9sion ou des r\u00f4les utilisateur<\/li>\n<li>Configurer des r\u00e8gles de restriction de contenu globale pour s&rsquo;appliquer \u00e0 toutes les pages \/ articles ou des cat\u00e9gories \/ balises sp\u00e9cifiques<\/li>\n<li>Cr\u00e9ez des messages personnalis\u00e9s \u00e0 afficher aux utilisateurs qui n&rsquo;ont pas la permission d&rsquo;afficher le contenu restreint<\/li>\n<li>Compatible avec plusieurs passerelles de paiement pour une int\u00e9gration transparente avec votre site d&rsquo;adh\u00e9sion<\/li>\n<li>Interface simple et facile \u00e0 utiliser pour g\u00e9rer les restrictions mondiales de contenu et les niveaux d&rsquo;adh\u00e9sion<\/li>\n<li>Affiche automatiquement le contenu restreint dans les r\u00e9sultats de recherche pour les utilisateurs d\u00e9connect\u00e9s, les encourageant \u00e0 s&rsquo;inscrire \u00e0 un abonnement<\/li>\n<li>Options flexibles pour la restriction du contenu, y compris la cachette compl\u00e8tement ou la montre d&rsquo;un teaser \/ aper\u00e7u<\/li>\n<li>Am\u00e9lioration de l&rsquo;exp\u00e9rience utilisateur et incitations pour les utilisateurs \u00e0 passer \u00e0 des niveaux d&rsquo;adh\u00e9sion plus \u00e9lev\u00e9s en fonction de l&rsquo;acc\u00e8s \u00e0 contenu restreint.<\/li>\n<\/ul>\n","protected":false},"excerpt":{"rendered":"<p>Si vous \u00eates un propri\u00e9taire de site Web cherchant \u00e0 exercer un contr\u00f4le sur l&rsquo;accessibilit\u00e9 de votre contenu dans le monde, nos abonnements aux abonnements \u00e0 des abonnements mondiaux de contenu Global Content est la solution id\u00e9ale pour vous. En utilisant cet addon, vous pouvez r\u00e9guler sans effort l&rsquo;entr\u00e9e sur l&rsquo;ensemble de votre site Web, accordant ainsi des privil\u00e8ges exclusifs uniquement \u00e0 vos membres estim\u00e9s. L&rsquo;installation et l&rsquo;utilisation de notre addon sont un processus transparent, s&rsquo;int\u00e9grant de mani\u00e8re transparente au plugin abonn\u00e9 aux membres payants largement acclam\u00e9s pour WordPress. Offrez des adieux \u00e0 la t\u00e2che ardue de g\u00e9rer manuellement les restrictions de contenu et d&rsquo;adopter l&rsquo;avenir en passant \u00e0 notre addon de restriction mondiale de contenu de pointe aujourd&rsquo;hui.<\/p>\n","protected":false},"featured_media":144901,"comment_status":"open","ping_status":"open","template":"","meta":[],"product_brand":[2619],"product_cat":[1300,1181,1186],"product_tag":[2330],"class_list":{"0":"post-122091","1":"product","2":"type-product","3":"status-publish","4":"has-post-thumbnail","6":"product_brand-cozmoslabs","7":"product_cat-adhesion","8":"product_cat-plugins","9":"product_cat-wordpress-plugins","10":"product_tag-cozmoslabs","11":"member-discount","12":"discount-restricted","14":"first","15":"instock","16":"sale","17":"downloadable","18":"virtual","19":"sold-individually","20":"purchasable","21":"product-type-simple"},"_links":{"self":[{"href":"https:\/\/gpl-love.com\/fr\/wp-json\/wp\/v2\/product\/122091","targetHints":{"allow":["GET"]}}],"collection":[{"href":"https:\/\/gpl-love.com\/fr\/wp-json\/wp\/v2\/product"}],"about":[{"href":"https:\/\/gpl-love.com\/fr\/wp-json\/wp\/v2\/types\/product"}],"replies":[{"embeddable":true,"href":"https:\/\/gpl-love.com\/fr\/wp-json\/wp\/v2\/comments?post=122091"}],"wp:featuredmedia":[{"embeddable":true,"href":"https:\/\/gpl-love.com\/fr\/wp-json\/wp\/v2\/media\/144901"}],"wp:attachment":[{"href":"https:\/\/gpl-love.com\/fr\/wp-json\/wp\/v2\/media?parent=122091"}],"wp:term":[{"taxonomy":"product_brand","embeddable":true,"href":"https:\/\/gpl-love.com\/fr\/wp-json\/wp\/v2\/product_brand?post=122091"},{"taxonomy":"product_cat","embeddable":true,"href":"https:\/\/gpl-love.com\/fr\/wp-json\/wp\/v2\/product_cat?post=122091"},{"taxonomy":"product_tag","embeddable":true,"href":"https:\/\/gpl-love.com\/fr\/wp-json\/wp\/v2\/product_tag?post=122091"}],"curies":[{"name":"wp","href":"https:\/\/api.w.org\/{rel}","templated":true}]}}