{"id":122089,"date":"2022-03-14T00:00:00","date_gmt":"2022-03-13T23:00:00","guid":{"rendered":"https:\/\/gpl-love.com\/fr\/produit\/paid-member-subscriptions-content-dripping-addon\/"},"modified":"2026-04-10T18:35:40","modified_gmt":"2026-04-10T16:35:40","slug":"paid-member-subscriptions-content-dripping-addon","status":"publish","type":"product","link":"https:\/\/gpl-love.com\/fr\/produit\/paid-member-subscriptions-content-dripping-addon\/","title":{"rendered":"Paid Member Subscriptions Content Dripping Addon 1.0.5"},"content":{"rendered":"<h3>Paid Member Subscriptions Content Dripping Addon Traits<\/h3>\n<p>Le contenu des abonnements aux membres payants qui s&rsquo;\u00e9l\u00e8ve \u00e0 un addon dripper poss\u00e8de des capacit\u00e9s importantes qui s&rsquo;adressent efficacement aux propri\u00e9taires de sites Web cherchant \u00e0 faire un contr\u00f4le sur la diffusion de leur contenu \u00e0 leurs abonn\u00e9s pay\u00e9s. Cet addon vous permet d&rsquo;\u00e9tablir des horaires de lib\u00e9ration m\u00e9ticuleusement personnalis\u00e9s pour votre contenu, garantissant ainsi que seuls les segments d\u00e9sign\u00e9s sont rendus accessibles \u00e0 vos membres estim\u00e9s \u00e0 tout moment. Cette approche strat\u00e9gique cultive efficacement une aura palpable d&rsquo;exclusivit\u00e9 et induit un sentiment d&rsquo;urgence parmi les membres, incitant ainsi grandement leur engagement actif sur votre site Web et le renouvellement ult\u00e9rieur de leurs abonnements. De plus, l&rsquo;addon en question est incroyablement convivial et remarquablement polyvalent, offrant aux utilisateurs des options personnalisables pour la planification de contenu, la version de contenu DRIP et une gamme d&rsquo;autres fonctionnalit\u00e9s. Essentiellement, il appara\u00eet comme la solution par excellence pour les personnes aspirant \u00e0 mon\u00e9tiser efficacement le contenu de leur site Web et \u00e0 construire une communaut\u00e9 in\u00e9branlable de paiement des abonn\u00e9s.<\/p>\n<ul>\n<li>Permet des fonctionnalit\u00e9s d&rsquo;agitation de contenu pour votre plugin d&rsquo;abonnements de membres payants<\/li>\n<li>Configurez et g\u00e9rez facilement les horaires de contenu goutte \u00e0 goutte pour vos membres<\/li>\n<li>Contr\u00f4ler exactement quand et \u00e0 quelle fr\u00e9quence les membres peuvent acc\u00e9der au contenu sp\u00e9cifique<\/li>\n<li>Aide \u00e0 la cr\u00e9ation de l&rsquo;engagement et de la fid\u00e9lit\u00e9 en r\u00e9compensant les membres ayant un acc\u00e8s exclusif \u00e0 un nouveau contenu au fil du temps<\/li>\n<li>Compatible avec un large \u00e9ventail de types de contenu et de formats de fichiers<\/li>\n<li>Intregate de mani\u00e8re transparente avec votre syst\u00e8me d&rsquo;abonnements \u00e0 membres payants existants pour une exp\u00e9rience utilisateur coh\u00e9rente<\/li>\n<li>Offre des fonctionnalit\u00e9s d\u00e9taill\u00e9es de suivi des utilisateurs et de rapports pour vous aider \u00e0 affiner vos strat\u00e9gies et offres de contenu<\/li>\n<li>Fournit un support client exceptionnel et une documentation pour vous aider \u00e0 tirer le meilleur parti du plugin<\/li>\n<\/ul>\n","protected":false},"excerpt":{"rendered":"<p>Le contenu des abonnements aux membres payants est une solution id\u00e9ale sur mesure sp\u00e9cifiquement pour les propri\u00e9taires de sites Web qui souhaitent fournir \u00e0 leurs membres payants un contenu exclusif de mani\u00e8re soigneusement structur\u00e9e. En utilisant cet addon remarquable, vous \u00eates en mesure de dispenser sans effort le contenu \u00e0 vos membres progressivement sur une p\u00e9riode de temps sp\u00e9cifi\u00e9e, favorisant ainsi un niveau d&rsquo;engagement accru et garantissant leur retour continu pour un mat\u00e9riau plus captivant. Configurez l&rsquo;addon pour lib\u00e9rer un contenu frais et stimulant sur une base quotidienne, hebdomadaire ou mensuelle, et savourez dans l&rsquo;anticipation qui se construit au sein de vos membres en attendant avec impatience chaque \u00e9pisode successif. De plus, l&rsquo;installation et l&rsquo;utilisation de cet addon sont un processus transparent, vous permettant de commencer rapidement la livraison syst\u00e9matique de votre contenu.<\/p>\n","protected":false},"featured_media":144897,"comment_status":"open","ping_status":"open","template":"","meta":[],"product_brand":[2619],"product_cat":[1189,1181,1186],"product_tag":[2330],"class_list":{"0":"post-122089","1":"product","2":"type-product","3":"status-publish","4":"has-post-thumbnail","6":"product_brand-cozmoslabs","7":"product_cat-personnalisation","8":"product_cat-plugins","9":"product_cat-wordpress-plugins","10":"product_tag-cozmoslabs","11":"member-discount","12":"discount-restricted","14":"first","15":"instock","16":"sale","17":"downloadable","18":"virtual","19":"sold-individually","20":"purchasable","21":"product-type-simple"},"_links":{"self":[{"href":"https:\/\/gpl-love.com\/fr\/wp-json\/wp\/v2\/product\/122089","targetHints":{"allow":["GET"]}}],"collection":[{"href":"https:\/\/gpl-love.com\/fr\/wp-json\/wp\/v2\/product"}],"about":[{"href":"https:\/\/gpl-love.com\/fr\/wp-json\/wp\/v2\/types\/product"}],"replies":[{"embeddable":true,"href":"https:\/\/gpl-love.com\/fr\/wp-json\/wp\/v2\/comments?post=122089"}],"wp:featuredmedia":[{"embeddable":true,"href":"https:\/\/gpl-love.com\/fr\/wp-json\/wp\/v2\/media\/144897"}],"wp:attachment":[{"href":"https:\/\/gpl-love.com\/fr\/wp-json\/wp\/v2\/media?parent=122089"}],"wp:term":[{"taxonomy":"product_brand","embeddable":true,"href":"https:\/\/gpl-love.com\/fr\/wp-json\/wp\/v2\/product_brand?post=122089"},{"taxonomy":"product_cat","embeddable":true,"href":"https:\/\/gpl-love.com\/fr\/wp-json\/wp\/v2\/product_cat?post=122089"},{"taxonomy":"product_tag","embeddable":true,"href":"https:\/\/gpl-love.com\/fr\/wp-json\/wp\/v2\/product_tag?post=122089"}],"curies":[{"name":"wp","href":"https:\/\/api.w.org\/{rel}","templated":true}]}}