{"id":122087,"date":"2022-03-14T00:00:00","date_gmt":"2022-03-13T23:00:00","guid":{"rendered":"https:\/\/gpl-love.com\/fr\/produit\/paid-member-subscriptions-pay-what-you-want-addon\/"},"modified":"2026-04-10T18:35:48","modified_gmt":"2026-04-10T16:35:48","slug":"paid-member-subscriptions-pay-what-you-want-addon","status":"publish","type":"product","link":"https:\/\/gpl-love.com\/fr\/produit\/paid-member-subscriptions-pay-what-you-want-addon\/","title":{"rendered":"Paid Member Subscriptions Pay What You Want Addon 1.0.7"},"content":{"rendered":"<h3>Paid Member Subscriptions Pay What You Want Addon Traits<\/h3>\n<p>Les abonnements aux membres payants paient ce que vous voulez Addon est un outil incroyablement robuste et avanc\u00e9 qui vous accorde la capacit\u00e9 incroyable de fournir \u00e0 vos clients estim\u00e9s un large \u00e9ventail d&rsquo;options de prix \u00e0 la fois flexibles et arrangeantes. En tirant parti de la puissance de cet addon remarquable, vous pourrez \u00e9tablir sans effort un site d&rsquo;adh\u00e9sion qui est pleinement capable d&rsquo;accepter les paiements qui sont compl\u00e8tement d\u00e9termin\u00e9s par la discr\u00e9tion et les d\u00e9sirs de vos pr\u00e9cieux membres, ce qui leur offre la possibilit\u00e9 remarquable de d\u00e9signer leur propre Prix \u200b\u200bpour un acc\u00e8s sans restriction \u00e0 votre contenu impeccablement con\u00e7u. En outre, cet addon extraordinaire est incroyablement convivial et \u00e9tonnamment personnalisable, vous permettant d&rsquo;adapter sans effort ses fonctionnalit\u00e9s pour s&rsquo;aligner parfaitement avec vos exigences sp\u00e9cifiques et uniques. En adoptant et en mettant en \u0153uvre les abonnements aux membres payants, payez ce que vous voulez Addon, vous pourrez sans aucun doute \u00e9lever votre site d&rsquo;adh\u00e9sion \u00e0 des hauteurs sans pr\u00e9c\u00e9dent, offrant finalement une proposition de valeur inimitable et captivante \u00e0 vos clients estim\u00e9s qui est vraiment in\u00e9gal\u00e9 de nature.<\/p>\n<ul>\n<li>Options de paiement personnalisables pour les abonnements aux membres payants<\/li>\n<li>Capacit\u00e9 \u00e0 permettre aux clients de payer ce qu&rsquo;ils veulent pour les abonnements<\/li>\n<li>D\u00e9finir les montants de paiement minimum et maximum<\/li>\n<li>Option pour afficher les montants de paiement sugg\u00e9r\u00e9s<\/li>\n<li>Int\u00e9gration facile avec le plugin d&rsquo;abonnements des membres payants existants<\/li>\n<li>Traitement des paiements via diverses passerelles, notamment PayPal et Stripe<\/li>\n<li>Rapports d\u00e9taill\u00e9s et analyses pour suivre les donn\u00e9es de paiement<\/li>\n<li>Strat\u00e9gie de tarification flexible pour les objectifs commerciaux uniques<\/li>\n<li>Fonctionnalit\u00e9s avanc\u00e9es telles que la redirection post-paiement et les codes de coupon<\/li>\n<li>Am\u00e9lioration de l&rsquo;exp\u00e9rience utilisateur pour les clients qui appr\u00e9cient l&rsquo;abordabilit\u00e9 et la flexibilit\u00e9.<\/li>\n<\/ul>\n","protected":false},"excerpt":{"rendered":"<p>Les abonnements aux membres payants paient ce que vous voulez Addon est un outil incroyablement polyvalent et extr\u00eamement puissant qui accorde aux utilisateurs la capacit\u00e9 exceptionnelle \u00e0 d\u00e9terminer et \u00e0 \u00e9tablir de mani\u00e8re autonome leur propre prix souhait\u00e9 pour leurs abonnements \u00e0 l&rsquo;adh\u00e9sion. En incorporant cet addon remarquable dans votre site d&rsquo;adh\u00e9sion, vous pouvez s\u00e9duire efficacement et efficacement un plus grand nombre de personnes en leur offrant la flexibilit\u00e9 in\u00e9gal\u00e9e pour s\u00e9lectionner personnellement un prix d&rsquo;abonnement qui convient le plus et le plus avantageux pour leur situation unique. En outre, la simplicit\u00e9 et l&rsquo;efficacit\u00e9 avec lesquelles cet addon peut \u00eatre install\u00e9 sans effort et g\u00e9r\u00e9 de mani\u00e8re approfondie en rende un actif exceptionnellement pr\u00e9cieux et indispensable pour tout site d&rsquo;adh\u00e9sion. Pascez pas de temps et saisissez rapidement la possibilit\u00e9 d&rsquo;acqu\u00e9rir un acc\u00e8s imm\u00e9diat \u00e0 cet addon extraordinaire, initiant ainsi le processus de personnalisation et d&rsquo;adaptation impeccablement de vos options d&rsquo;abonnement pour s&rsquo;aligner parfaitement avec vos pr\u00e9f\u00e9rences et exigences individuelles.<\/p>\n","protected":false},"featured_media":144906,"comment_status":"open","ping_status":"open","template":"","meta":[],"product_brand":[2619],"product_cat":[1189,1181,1186],"product_tag":[2330],"class_list":{"0":"post-122087","1":"product","2":"type-product","3":"status-publish","4":"has-post-thumbnail","6":"product_brand-cozmoslabs","7":"product_cat-personnalisation","8":"product_cat-plugins","9":"product_cat-wordpress-plugins","10":"product_tag-cozmoslabs","11":"member-discount","12":"discount-restricted","14":"first","15":"instock","16":"sale","17":"downloadable","18":"virtual","19":"sold-individually","20":"purchasable","21":"product-type-simple"},"_links":{"self":[{"href":"https:\/\/gpl-love.com\/fr\/wp-json\/wp\/v2\/product\/122087","targetHints":{"allow":["GET"]}}],"collection":[{"href":"https:\/\/gpl-love.com\/fr\/wp-json\/wp\/v2\/product"}],"about":[{"href":"https:\/\/gpl-love.com\/fr\/wp-json\/wp\/v2\/types\/product"}],"replies":[{"embeddable":true,"href":"https:\/\/gpl-love.com\/fr\/wp-json\/wp\/v2\/comments?post=122087"}],"wp:featuredmedia":[{"embeddable":true,"href":"https:\/\/gpl-love.com\/fr\/wp-json\/wp\/v2\/media\/144906"}],"wp:attachment":[{"href":"https:\/\/gpl-love.com\/fr\/wp-json\/wp\/v2\/media?parent=122087"}],"wp:term":[{"taxonomy":"product_brand","embeddable":true,"href":"https:\/\/gpl-love.com\/fr\/wp-json\/wp\/v2\/product_brand?post=122087"},{"taxonomy":"product_cat","embeddable":true,"href":"https:\/\/gpl-love.com\/fr\/wp-json\/wp\/v2\/product_cat?post=122087"},{"taxonomy":"product_tag","embeddable":true,"href":"https:\/\/gpl-love.com\/fr\/wp-json\/wp\/v2\/product_tag?post=122087"}],"curies":[{"name":"wp","href":"https:\/\/api.w.org\/{rel}","templated":true}]}}