{"id":122085,"date":"2022-09-23T00:00:00","date_gmt":"2022-09-22T22:00:00","guid":{"rendered":"https:\/\/gpl-love.com\/fr\/produit\/paid-member-subscriptions-stripe-addon\/"},"modified":"2026-04-10T18:35:51","modified_gmt":"2026-04-10T16:35:51","slug":"paid-member-subscriptions-stripe-addon","status":"publish","type":"product","link":"https:\/\/gpl-love.com\/fr\/produit\/paid-member-subscriptions-stripe-addon\/","title":{"rendered":"Paid Member Subscriptions Stripe Addon 1.4.1"},"content":{"rendered":"<h3>Paid Member Subscriptions Stripe Addon Traits<\/h3>\n<p>Les abonnements aux membres payants Stripe Addon, qui est un outil indispensable pour les entreprises cherchant \u00e0 g\u00e9rer sans effort leurs abonnements en ligne, est \u00e9quip\u00e9 d&rsquo;une multitude de fonctionnalit\u00e9s. Sp\u00e9cifiquement adapt\u00e9 au plugin d&rsquo;abonnements des membres payants, cet addon avanc\u00e9 offre aux entreprises la possibilit\u00e9 d&rsquo;accepter de mani\u00e8re transparente les paiements de leurs clients via la passerelle de paiement Stripe tr\u00e8s appr\u00e9ci\u00e9e. De plus, il facilite un processus de paiement sans friction, accordant aux clients la commodit\u00e9 pour souscrire, renouveler et g\u00e9rer efficacement leurs abonnements. En plus de ces fonctionnalit\u00e9s fondamentales, l&rsquo;addon comprend \u00e9galement un large \u00e9ventail de fonctionnalit\u00e9s avanc\u00e9es, y compris les paiements r\u00e9currents automatiques, les rappels de paiement en temps opportun et les notifications par e-mail informatives. Gr\u00e2ce \u00e0 l&rsquo;utilisation des abonnements aux abonnements aux membres payants, les entreprises peuvent optimiser efficacement leur processus de gestion des abonnements, augmenter leurs efforts de g\u00e9n\u00e9ration de revenus et, finalement, am\u00e9liorer l&rsquo;exp\u00e9rience client globale.<\/p>\n<ul>\n<li>Permet aux utilisateurs d&rsquo;int\u00e9grer facilement la bande de plate-forme de traitement de paiement populaire dans leur plugin d&rsquo;abonnements de membres payants.<\/li>\n<li>Permet un traitement de paiement s\u00e9curis\u00e9 et fiable pour les services, les abonnements et l&rsquo;acc\u00e8s au contenu bas\u00e9s sur l&rsquo;abonnement.<\/li>\n<li>Rationalise le processus de paiement pour les clients en leur permettant d&rsquo;utiliser une vari\u00e9t\u00e9 de m\u00e9thodes de paiement, telles que les cartes de cr\u00e9dit, Apple Pay et Google Pay.<\/li>\n<li>Fournit des mises \u00e0 jour et des analyses en temps r\u00e9el sur les paiements et les abonnements, ce qui permet aux propri\u00e9taires de sites de suivre facilement les revenus et de suivre les performances.<\/li>\n<li>Offre plusieurs options d&rsquo;abonnement, y compris les paiements uniques, les paiements r\u00e9currents et les essais gratuits, offrant aux propri\u00e9taires de sites une flexibilit\u00e9 dans les prix et les offres de colis.<\/li>\n<li>Comprend des pages et des e-mails personnalisables, permettant aux propri\u00e9taires de sites de cr\u00e9er une exp\u00e9rience utilisateur transparente et de marque.<\/li>\n<li>Fournit acc\u00e8s au support client 24\/7, en veillant \u00e0 ce que tout probl\u00e8me ou question soit rapidement r\u00e9solu.<\/li>\n<\/ul>\n","protected":false},"excerpt":{"rendered":"<p>Les abonnements aux membres payants Stripe Addon, qui sert de prolongation au plugin d&rsquo;abonnements des membres r\u00e9mun\u00e9r\u00e9s, vous offrent la capacit\u00e9 remarquable d&rsquo;adopter des paiements r\u00e9currents via la passerelle de paiement Stripe largement utilis\u00e9e. Cet addon exceptionnel vous donne une autorit\u00e9 absolue sur vos plans d&rsquo;abonnement, vous permettant de superviser et de r\u00e9glementer sans effort les paiements, les renouvellements et les annulations de vos membres. En int\u00e9grant les abonnements aux abonnements des membres payants dans votre syst\u00e8me, vous obtenez les moyens d&rsquo;amasser sans effort les paiements de votre client\u00e8le estim\u00e9e, am\u00e9liorant ainsi l&rsquo;efficacit\u00e9 et l&rsquo;efficacit\u00e9 de votre mod\u00e8le commercial bas\u00e9 sur l&rsquo;abonnement.<\/p>\n","protected":false},"featured_media":144909,"comment_status":"open","ping_status":"open","template":"","meta":[],"product_brand":[2619],"product_cat":[1253,1181,1186],"product_tag":[2330],"class_list":{"0":"post-122085","1":"product","2":"type-product","3":"status-publish","4":"has-post-thumbnail","6":"product_brand-cozmoslabs","7":"product_cat-paiement","8":"product_cat-plugins","9":"product_cat-wordpress-plugins","10":"product_tag-cozmoslabs","11":"member-discount","12":"discount-restricted","14":"first","15":"instock","16":"sale","17":"downloadable","18":"virtual","19":"sold-individually","20":"purchasable","21":"product-type-simple"},"_links":{"self":[{"href":"https:\/\/gpl-love.com\/fr\/wp-json\/wp\/v2\/product\/122085","targetHints":{"allow":["GET"]}}],"collection":[{"href":"https:\/\/gpl-love.com\/fr\/wp-json\/wp\/v2\/product"}],"about":[{"href":"https:\/\/gpl-love.com\/fr\/wp-json\/wp\/v2\/types\/product"}],"replies":[{"embeddable":true,"href":"https:\/\/gpl-love.com\/fr\/wp-json\/wp\/v2\/comments?post=122085"}],"wp:featuredmedia":[{"embeddable":true,"href":"https:\/\/gpl-love.com\/fr\/wp-json\/wp\/v2\/media\/144909"}],"wp:attachment":[{"href":"https:\/\/gpl-love.com\/fr\/wp-json\/wp\/v2\/media?parent=122085"}],"wp:term":[{"taxonomy":"product_brand","embeddable":true,"href":"https:\/\/gpl-love.com\/fr\/wp-json\/wp\/v2\/product_brand?post=122085"},{"taxonomy":"product_cat","embeddable":true,"href":"https:\/\/gpl-love.com\/fr\/wp-json\/wp\/v2\/product_cat?post=122085"},{"taxonomy":"product_tag","embeddable":true,"href":"https:\/\/gpl-love.com\/fr\/wp-json\/wp\/v2\/product_tag?post=122085"}],"curies":[{"name":"wp","href":"https:\/\/api.w.org\/{rel}","templated":true}]}}