{"id":122083,"date":"2025-01-11T00:00:00","date_gmt":"2025-01-10T23:00:00","guid":{"rendered":"https:\/\/gpl-love.com\/fr\/produit\/paid-memberships-pro-shipping-addon\/"},"modified":"2026-04-10T18:36:09","modified_gmt":"2026-04-10T16:36:09","slug":"paid-memberships-pro-shipping-addon","status":"publish","type":"product","link":"https:\/\/gpl-love.com\/fr\/produit\/paid-memberships-pro-shipping-addon\/","title":{"rendered":"Paid Memberships Pro Shipping Addon 2.0"},"content":{"rendered":"<h3>Paid Memberships Pro Shipping Addon Traits<\/h3>\n<p>Les adh\u00e9sions r\u00e9mun\u00e9r\u00e9es Pro Shidon Addon, avec ses diff\u00e9rentes fonctionnalit\u00e9s et int\u00e9grations, appara\u00eet comme un outil indispensable pour les entreprises qui d\u00e9pendent des abonnements comme moyen de s&rsquo;engager avec leurs clients. Cet addon, essentiellement, permet aux entreprises d&rsquo;\u00e9tablir et de r\u00e9glementer sans effort des alternatives d&rsquo;exp\u00e9dition sp\u00e9cifiquement adapt\u00e9es \u00e0 leurs membres, favorisant ainsi une exp\u00e9rience sans couture et sans entrave pour la client\u00e8le et l&rsquo;organisation elle-m\u00eame. En raison de son m\u00e9canisme de taux d&rsquo;exp\u00e9dition personnalisable et de ses capacit\u00e9s de calcul de livraison automatiques, les entreprises peuvent accorder \u00e0 leurs membres une exp\u00e9rience d&rsquo;exp\u00e9dition vraiment sans probl\u00e8me et sans encombre. De plus, les adh\u00e9sions r\u00e9mun\u00e9r\u00e9es Pro Shipping Addon s&rsquo;int\u00e8grent de mani\u00e8re transparente avec des op\u00e9rateurs de navigation r\u00e9put\u00e9s tels que UPS et FedEx, conf\u00e9rant ainsi les entreprises avec la pr\u00e9rogative pour s\u00e9lectionner le transporteur d&rsquo;exp\u00e9dition qui s&rsquo;aligne le plus de mani\u00e8re optimale avec leurs exigences et leurs pr\u00e9f\u00e9rences uniques. \u00c0 la lumi\u00e8re de ces attributs convaincants, il devient clairement clair que cet addon est une n\u00e9cessit\u00e9 absolue pour les entreprises qui aspirent \u00e0 rationaliser leurs proc\u00e9dures d&rsquo;exp\u00e9dition et \u00e0 renforcer leur exp\u00e9rience client holistique.<\/p>\n<ul>\n<li>Permet aux utilisateurs des adh\u00e9sions payantes d&rsquo;offrir des options d&rsquo;exp\u00e9dition \u00e0 leurs membres<\/li>\n<li>Permet aux utilisateurs de d\u00e9finir des m\u00e9thodes, des tarifs et des r\u00e8gles d&rsquo;exp\u00e9dition via l&rsquo;interface des adh\u00e9sions payantes<\/li>\n<li>Prend en charge plusieurs adresses d&rsquo;exp\u00e9dition par membre<\/li>\n<li>S&rsquo;int\u00e8gre aux transporteurs d&rsquo;exp\u00e9dition populaires tels que USPS, FedEx et UPS<\/li>\n<li>Fournit des tarifs d&rsquo;exp\u00e9dition en temps r\u00e9el et des informations de suivi<\/li>\n<li>Offre des options d&rsquo;exp\u00e9dition flexibles telles que la livraison forfaitaire, bas\u00e9e sur le poids et<\/li>\n<li>Prend en charge les calculs de taxe d&rsquo;exp\u00e9dition en fonction de l&#8217;emplacement et d&rsquo;autres facteurs<\/li>\n<li>Simplifie la gestion des commandes en calculant automatiquement les frais d&rsquo;exp\u00e9dition et en s&rsquo;int\u00e9grant \u00e0 WooCommerce et \u00e0 d&rsquo;autres plateformes<\/li>\n<li>Fournit des rapports d&rsquo;exp\u00e9dition d\u00e9taill\u00e9s pour aider les utilisateurs \u00e0 suivre les frais d&rsquo;exp\u00e9dition, les d\u00e9lais de livraison et autres mesures<\/li>\n<li>Am\u00e9liore la satisfaction des membres en offrant des options d&rsquo;exp\u00e9dition fiables et opportunes pour leurs commandes.<\/li>\n<\/ul>\n","protected":false},"excerpt":{"rendered":"<p>Profitez de l&rsquo;occasion pour acqu\u00e9rir les adh\u00e9sions r\u00e9mun\u00e9r\u00e9es dans l&rsquo;addon d&rsquo;exp\u00e9dition pro aujourd&rsquo;hui afin d&rsquo;optimiser et de rationaliser le processus d&rsquo;exp\u00e9dition de votre site d&rsquo;adh\u00e9sion estim\u00e9. En incorporant cet addon extr\u00eamement b\u00e9n\u00e9fique dans vos op\u00e9rations, vous aurez la possibilit\u00e9 d&rsquo;\u00e9tablir et de mettre en \u0153uvre des r\u00e9glementations et directives d&rsquo;exp\u00e9dition complexes et pr\u00e9cises qui sont sp\u00e9cifiquement adapt\u00e9es aux niveaux d&rsquo;adh\u00e9sion individuels. En outre, vous poss\u00e9derez la capacit\u00e9 de fixer des limites aux destinations d&rsquo;exp\u00e9dition, la confinant ainsi dans des pays exclusivement d\u00e9sign\u00e9s. Notamment, cet addon accordera \u00e9galement \u00e0 vos membres estim\u00e9s un acc\u00e8s direct aux tarifs d&rsquo;exp\u00e9dition en temps r\u00e9el, garantissant une exp\u00e9rience d&rsquo;exp\u00e9dition transparente et acc\u00e9l\u00e9r\u00e9e. Par cons\u00e9quent, votre site d&rsquo;adh\u00e9sion estim\u00e9 r\u00e9coltera in\u00e9vitablement les r\u00e9compenses d&rsquo;un temps pr\u00e9cieux et d&rsquo;une \u00e9conomie mon\u00e9taire lors de l&rsquo;utilisation des adh\u00e9sions r\u00e9mun\u00e9r\u00e9es tr\u00e8s avantageuses.<\/p>\n","protected":false},"featured_media":144932,"comment_status":"open","ping_status":"open","template":"","meta":[],"product_brand":[2620],"product_cat":[1189,1181,1186],"product_tag":[2307],"class_list":{"0":"post-122083","1":"product","2":"type-product","3":"status-publish","4":"has-post-thumbnail","6":"product_brand-paid-memberships-pro","7":"product_cat-personnalisation","8":"product_cat-plugins","9":"product_cat-wordpress-plugins","10":"product_tag-paid-memberships-pro","11":"member-discount","12":"discount-restricted","14":"first","15":"instock","16":"sale","17":"downloadable","18":"virtual","19":"sold-individually","20":"purchasable","21":"product-type-simple"},"_links":{"self":[{"href":"https:\/\/gpl-love.com\/fr\/wp-json\/wp\/v2\/product\/122083","targetHints":{"allow":["GET"]}}],"collection":[{"href":"https:\/\/gpl-love.com\/fr\/wp-json\/wp\/v2\/product"}],"about":[{"href":"https:\/\/gpl-love.com\/fr\/wp-json\/wp\/v2\/types\/product"}],"replies":[{"embeddable":true,"href":"https:\/\/gpl-love.com\/fr\/wp-json\/wp\/v2\/comments?post=122083"}],"wp:featuredmedia":[{"embeddable":true,"href":"https:\/\/gpl-love.com\/fr\/wp-json\/wp\/v2\/media\/144932"}],"wp:attachment":[{"href":"https:\/\/gpl-love.com\/fr\/wp-json\/wp\/v2\/media?parent=122083"}],"wp:term":[{"taxonomy":"product_brand","embeddable":true,"href":"https:\/\/gpl-love.com\/fr\/wp-json\/wp\/v2\/product_brand?post=122083"},{"taxonomy":"product_cat","embeddable":true,"href":"https:\/\/gpl-love.com\/fr\/wp-json\/wp\/v2\/product_cat?post=122083"},{"taxonomy":"product_tag","embeddable":true,"href":"https:\/\/gpl-love.com\/fr\/wp-json\/wp\/v2\/product_tag?post=122083"}],"curies":[{"name":"wp","href":"https:\/\/api.w.org\/{rel}","templated":true}]}}