{"id":122081,"date":"2025-06-30T00:00:00","date_gmt":"2025-06-29T22:00:00","guid":{"rendered":"https:\/\/gpl-love.com\/fr\/produit\/paid-memberships-pro-state-dropdowns-addon\/"},"modified":"2026-04-10T18:36:10","modified_gmt":"2026-04-10T16:36:10","slug":"paid-memberships-pro-state-dropdowns-addon","status":"publish","type":"product","link":"https:\/\/gpl-love.com\/fr\/produit\/paid-memberships-pro-state-dropdowns-addon\/","title":{"rendered":"Paid Memberships Pro State Dropdowns Addon 0.5.2"},"content":{"rendered":"<h3>Paid Memberships Pro State Dropdowns Addon Traits<\/h3>\n<p>Les abonnements payants payants Pro State Dropdowns Addon, qui est un outil incroyablement pr\u00e9cieux, sert des sites Web qui n\u00e9cessitent que les utilisateurs indiquent pr\u00e9cis\u00e9ment leur emplacement au moment de l&rsquo;enregistrement. En utilisant cet addon, les utilisateurs sont en mesure de s\u00e9lectionner facilement l&rsquo;\u00e9tat dans lequel ils r\u00e9sident dans un menu d\u00e9roulant, simplifiant ainsi consid\u00e9rablement la proc\u00e9dure d&rsquo;enregistrement pour l&rsquo;utilisateur et le propri\u00e9taire du site Web. Avec sa gamme d&rsquo;options de personnalisation, cet addon permet aux propri\u00e9taires de sites Web de fa\u00e7onner une liste d\u00e9roulante qui s&rsquo;aligne impeccablement sur leurs exigences sp\u00e9cifiques. Par cons\u00e9quent, les listes de dropdowns d&rsquo;\u00e9tat payantes payantes, gr\u00e2ce \u00e0 ses attributs de r\u00e9duction de temps et \u00e0 son interface extr\u00eamement conviviale, appara\u00eet comme la solution id\u00e9ale pour tout site Web qui cherche \u00e0 rationaliser les subtilit\u00e9s associ\u00e9es \u00e0 leur processus d&rsquo;enregistrement.<\/p>\n<ul>\n<li>Permet aux administrateurs de sites Web d&rsquo;ajouter des listes d\u00e9roulantes d&rsquo;\u00c9tat aux formulaires d&rsquo;inscription \u00e0 l&rsquo;adh\u00e9sion<\/li>\n<li>Comprend les 50 \u00c9tats et territoires am\u00e9ricains comme options pour que les membres puissent s\u00e9lectionner<\/li>\n<li>Compatible avec les abonnements payants Plugin Pro<\/li>\n<li>Facile \u00e0 installer et \u00e0 activer<\/li>\n<li>Aide \u00e0 garantir des informations pr\u00e9cises et compl\u00e8tes des membres pour une meilleure communication et suivi<\/li>\n<li>Peut \u00eatre utilis\u00e9 pour une vari\u00e9t\u00e9 de types d&rsquo;adh\u00e9sion, y compris des associations professionnelles, des \u00e9quipes sportives et des communaut\u00e9s en ligne<\/li>\n<li>Gave le temps et r\u00e9duit les erreurs par rapport \u00e0 la collecte manuelle des informations de l&rsquo;\u00c9tat aupr\u00e8s des membres<\/li>\n<li>Pratique pour les organisations internationales qui doivent collecter des informations sur les \u00c9tats ou les provinces aupr\u00e8s des membres<\/li>\n<li>Fournit un look plus professionnel et poli pour votre processus d&rsquo;enregistrement d&rsquo;adh\u00e9sion<\/li>\n<li>Aide \u00e0 am\u00e9liorer l&rsquo;engagement et la r\u00e9tention des membres en offrant une exp\u00e9rience d&rsquo;enregistrement plus fluide<\/li>\n<\/ul>\n","protected":false},"excerpt":{"rendered":"<p>L&rsquo;addon connu sous le nom de Pays Adhips Pro State Dropdowns Addon poss\u00e8de des capacit\u00e9s formidables qui vous permettent d&rsquo;am\u00e9liorer la port\u00e9e de votre site d&rsquo;adh\u00e9sion, vous accordant la possibilit\u00e9 de fournir un menu d\u00e9roulant personnalisable dans le but de s\u00e9lectionner les \u00c9tats. Cet addon adapt\u00e9 aux utilisateurs fusionne parfaitement avec votre installation pro-payante pr\u00e9existante, offrant \u00e0 vos membres la commodit\u00e9 de choisir sans effort leur \u00e9tat pendant le processus d&rsquo;enregistrement ou lorsqu&rsquo;ils ont besoin de mettre \u00e0 jour les d\u00e9tails de leur compte. En incorporant les listes de dropdowns d&rsquo;adh\u00e9sion \u00e0 l&rsquo;\u00e9tat Pays Pro dans votre flux de travail, vous pouvez rationaliser efficacement vos op\u00e9rations, ce qui permet de gagner un temps pr\u00e9cieux et d&rsquo;enrichir l&rsquo;exp\u00e9rience utilisateur globale.<\/p>\n","protected":false},"featured_media":144933,"comment_status":"open","ping_status":"open","template":"","meta":[],"product_brand":[2620],"product_cat":[1300,1181,1186],"product_tag":[2307],"class_list":{"0":"post-122081","1":"product","2":"type-product","3":"status-publish","4":"has-post-thumbnail","6":"product_brand-paid-memberships-pro","7":"product_cat-adhesion","8":"product_cat-plugins","9":"product_cat-wordpress-plugins","10":"product_tag-paid-memberships-pro","11":"member-discount","12":"discount-restricted","14":"first","15":"instock","16":"sale","17":"downloadable","18":"virtual","19":"sold-individually","20":"purchasable","21":"product-type-simple"},"_links":{"self":[{"href":"https:\/\/gpl-love.com\/fr\/wp-json\/wp\/v2\/product\/122081","targetHints":{"allow":["GET"]}}],"collection":[{"href":"https:\/\/gpl-love.com\/fr\/wp-json\/wp\/v2\/product"}],"about":[{"href":"https:\/\/gpl-love.com\/fr\/wp-json\/wp\/v2\/types\/product"}],"replies":[{"embeddable":true,"href":"https:\/\/gpl-love.com\/fr\/wp-json\/wp\/v2\/comments?post=122081"}],"wp:featuredmedia":[{"embeddable":true,"href":"https:\/\/gpl-love.com\/fr\/wp-json\/wp\/v2\/media\/144933"}],"wp:attachment":[{"href":"https:\/\/gpl-love.com\/fr\/wp-json\/wp\/v2\/media?parent=122081"}],"wp:term":[{"taxonomy":"product_brand","embeddable":true,"href":"https:\/\/gpl-love.com\/fr\/wp-json\/wp\/v2\/product_brand?post=122081"},{"taxonomy":"product_cat","embeddable":true,"href":"https:\/\/gpl-love.com\/fr\/wp-json\/wp\/v2\/product_cat?post=122081"},{"taxonomy":"product_tag","embeddable":true,"href":"https:\/\/gpl-love.com\/fr\/wp-json\/wp\/v2\/product_tag?post=122081"}],"curies":[{"name":"wp","href":"https:\/\/api.w.org\/{rel}","templated":true}]}}