{"id":122079,"date":"2025-10-09T00:00:00","date_gmt":"2025-10-08T22:00:00","guid":{"rendered":"https:\/\/gpl-love.com\/fr\/produit\/paid-memberships-pro-require-strong-passwords\/"},"modified":"2026-04-10T18:36:07","modified_gmt":"2026-04-10T16:36:07","slug":"paid-memberships-pro-require-strong-passwords","status":"publish","type":"product","link":"https:\/\/gpl-love.com\/fr\/produit\/paid-memberships-pro-require-strong-passwords\/","title":{"rendered":"Paid Memberships Pro Require Strong Passwords 0.5.2"},"content":{"rendered":"<h3>Paid Memberships Pro Require Strong Passwords Traits<\/h3>\n<p>Les membres payants Pro, un outil de gestion des membres num\u00e9riques, ont \u00e9t\u00e9 sp\u00e9cifiquement d\u00e9velopp\u00e9s pour aider les propri\u00e9taires de sites Web \u00e0 g\u00e9rer leurs programmes d&rsquo;adh\u00e9sion. Un aspect notable de ce logiciel r\u00e9side dans son accent sur la n\u00e9cessit\u00e9 de mots de passe robustes. Par cons\u00e9quent, les utilisateurs doivent g\u00e9n\u00e9rer des mots de passe qui ne sont pas facilement devin\u00e9s, incorporant un m\u00e9lange de lettres, de chiffres et de symboles. Cet attribut particulier joue un r\u00f4le central dans la garantie de la s\u00e9curit\u00e9 et de la sauvegarde des comptes des utilisateurs, en les prot\u00e9geant efficacement des efforts de piratage potentiels. En utilisant des abonnements payants, les propri\u00e9taires de sites Web peuvent ressentir un sentiment de tranquillit\u00e9, rassur\u00e9s par la connaissance que les comptes de leurs membres restent imperm\u00e9ables et que leurs informations confidentielles restent prot\u00e9g\u00e9es.<\/p>\n<ul>\n<li>Prot\u00e8ge les comptes des membres avec des mots de passe solides<\/li>\n<li>Emp\u00eache l&rsquo;acc\u00e8s non autoris\u00e9 aux comptes des membres<\/li>\n<li>Se conforme aux normes de s\u00e9curit\u00e9 modernes<\/li>\n<li>R\u00e9duit le risque de violation de donn\u00e9es<\/li>\n<li>Encourage les membres \u00e0 cr\u00e9er des mots de passe s\u00e9curis\u00e9s<\/li>\n<li>Param\u00e8tres de complexit\u00e9 de mot de passe personnalisables<\/li>\n<li>Options d&rsquo;expiration de mot de passe flexible<\/li>\n<li>Int\u00e8gre de mani\u00e8re transparente avec la plate-forme pro-adh\u00e9sifs payants<\/li>\n<li>Interface conviviale pour g\u00e9rer les politiques de mot de passe<\/li>\n<li>Augmente la confiance et la confiance parmi les membres.<\/li>\n<\/ul>\n","protected":false},"excerpt":{"rendered":"<p>Les adh\u00e9sions payantes Pro n\u00e9cessitent des mots de passe solides est un outil incroyablement robuste et tr\u00e8s efficace qui joue un r\u00f4le essentiel dans la sauvegarde de la s\u00e9curit\u00e9 de votre site Web. Il r\u00e9alise cela en mettant en \u0153uvre des exigences de mot de passe strictes pour vos utilisateurs, r\u00e9duisant ainsi les chances d&rsquo;acc\u00e8s non autoris\u00e9 et de violations potentielles. En utilisant ce plugin exceptionnel, vous avez la possibilit\u00e9 d&rsquo;appliquer l&rsquo;utilisation de mots de passe fortifi\u00e9s, contrecarrant efficacement les tentatives faites par vos membres de cr\u00e9er des mots faibles et facilement exploitables. Cette fonctionnalit\u00e9 inestimable sert de m\u00e9canisme de d\u00e9fense formidable, renfor\u00e7ant la s\u00e9curit\u00e9 globale de votre site Web et renfor\u00e7ant sa r\u00e9silience contre le spectre en ligne des menaces en ligne. Par cons\u00e9quent, si vous vous trouvez \u00e0 la recherche d&rsquo;une solution fiable et in\u00e9branlable pour amplifier la s\u00e9curit\u00e9 du mot de passe sur votre site d&rsquo;adh\u00e9sion estim\u00e9, ne cherchez pas plus loin que les adh\u00e9sions payantes exceptionnellement fiables n\u00e9cessitent un plugin de mots de passe solides.<\/p>\n","protected":false},"featured_media":144930,"comment_status":"open","ping_status":"open","template":"","meta":[],"product_brand":[2620],"product_cat":[1300,1181,1186],"product_tag":[2307],"class_list":{"0":"post-122079","1":"product","2":"type-product","3":"status-publish","4":"has-post-thumbnail","6":"product_brand-paid-memberships-pro","7":"product_cat-adhesion","8":"product_cat-plugins","9":"product_cat-wordpress-plugins","10":"product_tag-paid-memberships-pro","11":"member-discount","12":"discount-restricted","14":"first","15":"instock","16":"sale","17":"downloadable","18":"virtual","19":"sold-individually","20":"purchasable","21":"product-type-simple"},"_links":{"self":[{"href":"https:\/\/gpl-love.com\/fr\/wp-json\/wp\/v2\/product\/122079","targetHints":{"allow":["GET"]}}],"collection":[{"href":"https:\/\/gpl-love.com\/fr\/wp-json\/wp\/v2\/product"}],"about":[{"href":"https:\/\/gpl-love.com\/fr\/wp-json\/wp\/v2\/types\/product"}],"replies":[{"embeddable":true,"href":"https:\/\/gpl-love.com\/fr\/wp-json\/wp\/v2\/comments?post=122079"}],"wp:featuredmedia":[{"embeddable":true,"href":"https:\/\/gpl-love.com\/fr\/wp-json\/wp\/v2\/media\/144930"}],"wp:attachment":[{"href":"https:\/\/gpl-love.com\/fr\/wp-json\/wp\/v2\/media?parent=122079"}],"wp:term":[{"taxonomy":"product_brand","embeddable":true,"href":"https:\/\/gpl-love.com\/fr\/wp-json\/wp\/v2\/product_brand?post=122079"},{"taxonomy":"product_cat","embeddable":true,"href":"https:\/\/gpl-love.com\/fr\/wp-json\/wp\/v2\/product_cat?post=122079"},{"taxonomy":"product_tag","embeddable":true,"href":"https:\/\/gpl-love.com\/fr\/wp-json\/wp\/v2\/product_tag?post=122079"}],"curies":[{"name":"wp","href":"https:\/\/api.w.org\/{rel}","templated":true}]}}