{"id":122075,"date":"2025-07-18T00:00:00","date_gmt":"2025-07-17T22:00:00","guid":{"rendered":"https:\/\/gpl-love.com\/fr\/produit\/paid-memberships-pro-series-addon\/"},"modified":"2026-04-10T18:36:08","modified_gmt":"2026-04-10T16:36:08","slug":"paid-memberships-pro-series-addon","status":"publish","type":"product","link":"https:\/\/gpl-love.com\/fr\/produit\/paid-memberships-pro-series-addon\/","title":{"rendered":"Paid Memberships Pro Series Addon 1.0"},"content":{"rendered":"<h3>Paid Memberships Pro Series Addon Traits<\/h3>\n<p>L&rsquo;addition des membres payants Pro, arm\u00e9 de ses capacit\u00e9s incroyables, sert d&rsquo;atout indispensable pour les entreprises cherchant \u00e0 fournir \u00e0 leurs clients des choix d&rsquo;adh\u00e9sion sophistiqu\u00e9s. En exploitant le pouvoir de cet addon, les entreprises ont la capacit\u00e9 d&rsquo;\u00e9tablir plusieurs niveaux d&rsquo;adh\u00e9sion, chacun dot\u00e9 de ses propres niveaux d&rsquo;acc\u00e8s distinctifs et de ses alternatives de prix. En outre, cet addon comprend des fonctionnalit\u00e9s de pointe telles que les rapports avanc\u00e9s et l&rsquo;analyse, facilitant ainsi le suivi sans effort de l&rsquo;expansion et de l&rsquo;identification des mod\u00e8les en vigueur dans la conduite des clients. De plus, les entreprises sont autoris\u00e9es \u00e0 adapter le processus de paiement conform\u00e9ment \u00e0 leurs exigences uniques de marque et de messagerie, engendrez ainsi une exp\u00e9rience utilisateur sans couture et professionnelle. Que l&rsquo;aspiration soit de rendre un contenu premium, de conf\u00e9rer des remises exclusives ou de fournir une multitude d&rsquo;autres prestations d&rsquo;adh\u00e9sion, l&rsquo;addition de la s\u00e9rie Pays Pro de la s\u00e9rie constitue sans aucun doute un instrument indispensable pour tout d\u00e9sir de l&rsquo;entreprise pour cultiver et augmenter son initiative d&rsquo;adh\u00e9sion.<\/p>\n<ul>\n<li>Interface intuitive et facile \u00e0 utiliser qui simplifie la gestion des abonnements et des abonnements<\/li>\n<li>Fournit des fonctionnalit\u00e9s avanc\u00e9es de reportage et d&rsquo;analyse pour que les propri\u00e9taires d&rsquo;entreprise aient des informations pr\u00e9cieuses sur leur programme d&rsquo;adh\u00e9sion<\/li>\n<li>Permet la cr\u00e9ation de multiples niveaux d&rsquo;adh\u00e9sion et de niveaux de prix pour r\u00e9pondre aux besoins uniques de chaque membre<\/li>\n<li>Offre un tableau de bord du compte membre personnalisable pour une exp\u00e9rience utilisateur et un engagement am\u00e9lior\u00e9s<\/li>\n<li>Permet la cr\u00e9ation de rappels de renouvellement automatis\u00e9, augmentant la r\u00e9tention des membres<\/li>\n<li>S&rsquo;int\u00e8gre parfaitement aux passerelles de paiement populaires et offre des options de paiement robustes, assurant des transactions s\u00e9curis\u00e9es et une caisse facile<\/li>\n<li>Offre une vari\u00e9t\u00e9 de mod\u00e8les de messagerie personnalisables et d&rsquo;options de communication pour tenir les membres inform\u00e9s et engag\u00e9s<\/li>\n<li>Comprend des documents utiles et un support client pour assurer une exp\u00e9rience de gestion des membres en douceur et r\u00e9ussie pour les propri\u00e9taires d&rsquo;entreprise.<\/li>\n<\/ul>\n","protected":false},"excerpt":{"rendered":"<p>L&rsquo;Addon de la s\u00e9rie de membres payants payants est un outil incroyablement puissant qui int\u00e8gre efficacement des capacit\u00e9s am\u00e9lior\u00e9es dans votre plugin Pays Bedups Pro. En utilisant cet addon, vous avez la possibilit\u00e9 de g\u00e9n\u00e9rer sans effort une s\u00e9quence de niveaux au sein de votre programme d&rsquo;adh\u00e9sion, vous permettant ainsi de fournir un contenu et des avantages variables \u00e0 diff\u00e9rentes classes de membres. De plus, vous avez la capacit\u00e9 d&rsquo;\u00e9tablir un processus automatis\u00e9 de progression des membres, leur permettant ainsi de monter \u00e0 des \u00e9chelons plus \u00e9lev\u00e9s \u00e0 la fin des actions ou des jalons sp\u00e9cifiques. L&rsquo;addition de la s\u00e9rie rationalise la gestion de votre programme d&rsquo;adh\u00e9sion et facilite la fourniture d&rsquo;une exp\u00e9rience personnalis\u00e9e et captivante \u00e0 vos membres estim\u00e9s.<\/p>\n","protected":false},"featured_media":144931,"comment_status":"open","ping_status":"open","template":"","meta":[],"product_brand":[2620],"product_cat":[1300,1181,1186],"product_tag":[2307],"class_list":{"0":"post-122075","1":"product","2":"type-product","3":"status-publish","4":"has-post-thumbnail","6":"product_brand-paid-memberships-pro","7":"product_cat-adhesion","8":"product_cat-plugins","9":"product_cat-wordpress-plugins","10":"product_tag-paid-memberships-pro","11":"member-discount","12":"discount-restricted","14":"first","15":"instock","16":"sale","17":"downloadable","18":"virtual","19":"sold-individually","20":"purchasable","21":"product-type-simple"},"_links":{"self":[{"href":"https:\/\/gpl-love.com\/fr\/wp-json\/wp\/v2\/product\/122075","targetHints":{"allow":["GET"]}}],"collection":[{"href":"https:\/\/gpl-love.com\/fr\/wp-json\/wp\/v2\/product"}],"about":[{"href":"https:\/\/gpl-love.com\/fr\/wp-json\/wp\/v2\/types\/product"}],"replies":[{"embeddable":true,"href":"https:\/\/gpl-love.com\/fr\/wp-json\/wp\/v2\/comments?post=122075"}],"wp:featuredmedia":[{"embeddable":true,"href":"https:\/\/gpl-love.com\/fr\/wp-json\/wp\/v2\/media\/144931"}],"wp:attachment":[{"href":"https:\/\/gpl-love.com\/fr\/wp-json\/wp\/v2\/media?parent=122075"}],"wp:term":[{"taxonomy":"product_brand","embeddable":true,"href":"https:\/\/gpl-love.com\/fr\/wp-json\/wp\/v2\/product_brand?post=122075"},{"taxonomy":"product_cat","embeddable":true,"href":"https:\/\/gpl-love.com\/fr\/wp-json\/wp\/v2\/product_cat?post=122075"},{"taxonomy":"product_tag","embeddable":true,"href":"https:\/\/gpl-love.com\/fr\/wp-json\/wp\/v2\/product_tag?post=122075"}],"curies":[{"name":"wp","href":"https:\/\/api.w.org\/{rel}","templated":true}]}}