{"id":121940,"date":"2026-03-20T00:00:00","date_gmt":"2026-03-19T23:00:00","guid":{"rendered":"https:\/\/gpl-love.com\/fr\/produit\/user-registration-pro\/"},"modified":"2026-04-10T18:44:46","modified_gmt":"2026-04-10T16:44:46","slug":"user-registration-pro","status":"publish","type":"product","link":"https:\/\/gpl-love.com\/fr\/produit\/user-registration-pro\/","title":{"rendered":"User Registration Pro 6.1.4"},"content":{"rendered":"<h3>User Registration Pro Traits<\/h3>\n<p>User Enregistrement Pro est un logiciel sophistiqu\u00e9 et global qui offre aux entreprises une solution sans effort pour g\u00e9rer efficacement leur processus d&rsquo;enregistrement des utilisateurs. En utilisant les utilisateurs Pro, les utilisateurs peuvent g\u00e9n\u00e9rer sans effort g\u00e9n\u00e9rer des formulaires d&rsquo;enregistrement personnalis\u00e9s et adaptables qui ont la capacit\u00e9 d&rsquo;\u00eatre int\u00e9gr\u00e9s de mani\u00e8re transparente dans leur site Web. Ce logiciel remarquable donne aux utilisateurs la possibilit\u00e9 de collecter et de stocker en toute s\u00e9curit\u00e9 les donn\u00e9es utilisateur avec les avantages suppl\u00e9mentaires du chiffrement des donn\u00e9es et de la protection des mots de passe. En outre, une fois qu&rsquo;un utilisateur a termin\u00e9 avec succ\u00e8s le processus d&rsquo;enregistrement, l&rsquo;utilisateur d&rsquo;enregistrement PRO permet de mettre en place des notifications par e-mail pratiques, de l&rsquo;envoi d&rsquo;e-mails de confirmation et de la fourniture d&rsquo;instructions de r\u00e9initialisation de mot de passe. De plus, ce logiciel extraordinaire poss\u00e8de la capacit\u00e9 de s&rsquo;int\u00e9grer de mani\u00e8re transparente \u00e0 divers services tiers, y compris des passerelles de paiement, des plateformes de m\u00e9dias sociaux et des syst\u00e8mes CRM. En fin de compte, l&rsquo;enregistrement des utilisateurs Pro facilite les entreprises avec une m\u00e9thodologie rationalis\u00e9e et tr\u00e8s efficace pour g\u00e9rer l&rsquo;enregistrement des utilisateurs, optimisant ainsi leur flux de travail.<\/p>\n<ul>\n<li>Permet aux propri\u00e9taires de sites Web de cr\u00e9er des formulaires d&rsquo;inscription personnalisables pour leurs utilisateurs<\/li>\n<li>Offre plusieurs types de champs tels que le texte, le courrier \u00e9lectronique, le num\u00e9ro de t\u00e9l\u00e9phone et les menus d\u00e9roulants<\/li>\n<li>Fournit des options pour les champs obligatoires ou en option et les r\u00e8gles de validation pour garantir la pr\u00e9cision des donn\u00e9es<\/li>\n<li>S&rsquo;int\u00e8gre aux services de marketing par e-mail populaires pour ajouter automatiquement de nouveaux abonn\u00e9s aux listes de diffusion<\/li>\n<li>Offre une protection de spam int\u00e9gr\u00e9e avec int\u00e9gration recaptcha<\/li>\n<li>Prend en charge l&rsquo;attribution des r\u00f4les des utilisateurs lors de l&rsquo;enregistrement, permettant une gestion facile des autorisations des utilisateurs<\/li>\n<li>Fournit des options de redirection personnalis\u00e9es apr\u00e8s l&rsquo;inscription, comme l&rsquo;envoi des utilisateurs vers une page sp\u00e9cifique ou l&rsquo;affichage d&rsquo;un message personnalis\u00e9<\/li>\n<li>Comprend une analyse des utilisateurs d\u00e9taill\u00e9e et des rapports pour une analyse et une optimisation efficaces des donn\u00e9es<\/li>\n<li>Offre une prise en charge multi-langues pour l&rsquo;accessibilit\u00e9 mondiale<\/li>\n<li>Fournit une conception et une compatibilit\u00e9 r\u00e9actives avec divers appareils et plateformes.<\/li>\n<\/ul>\n","protected":false},"excerpt":{"rendered":"<p>L&rsquo;utilisateur d&rsquo;enregistrement Pro est une solution logicielle tr\u00e8s robuste et efficace con\u00e7ue pour rationaliser et am\u00e9liorer le processus d&rsquo;enregistrement des sites Web ou des applications. Gr\u00e2ce \u00e0 l&rsquo;utilisation de cet outil de pointe, les utilisateurs sont autoris\u00e9s \u00e0 cr\u00e9er rapidement et sans effort sans effort, garantissant ainsi une exp\u00e9rience utilisateur d\u00e9pourvue de toute complication inutile. De plus, ce logiciel offre aux utilisateurs la possibilit\u00e9 d&rsquo;adapter le formulaire d&rsquo;enregistrement et ses champs correspondants en fonction de leurs pr\u00e9f\u00e9rences sp\u00e9cifiques, tout en exer\u00e7ant simultan\u00e9ment le contr\u00f4le des autorisations des utilisateurs. De plus, le Progrands Proric Pro offre une int\u00e9gration transparente avec des plateformes de m\u00e9dias sociaux importantes telles que Facebook et Twitter, augmentant davantage son attrait et ses fonctionnalit\u00e9s. Par cons\u00e9quent, toute entreprise ou organisation exigeante d\u00e9sireuse d&rsquo;optimiser son processus d&rsquo;enregistrement des utilisateurs serait n\u00e9gligeable de ne pas se pr\u00e9valoir des capacit\u00e9s indispensables offertes par l&rsquo;utilisateur d&rsquo;enregistrement Pro.<\/p>\n","protected":false},"featured_media":145690,"comment_status":"open","ping_status":"open","template":"","meta":[],"product_brand":[2681],"product_cat":[1189,1181,1186],"product_tag":[2210],"class_list":{"0":"post-121940","1":"product","2":"type-product","3":"status-publish","4":"has-post-thumbnail","6":"product_brand-wpeverest","7":"product_cat-personnalisation","8":"product_cat-plugins","9":"product_cat-wordpress-plugins","10":"product_tag-wpeverest","11":"member-discount","12":"discount-restricted","14":"first","15":"instock","16":"sale","17":"downloadable","18":"virtual","19":"sold-individually","20":"purchasable","21":"product-type-simple"},"_links":{"self":[{"href":"https:\/\/gpl-love.com\/fr\/wp-json\/wp\/v2\/product\/121940","targetHints":{"allow":["GET"]}}],"collection":[{"href":"https:\/\/gpl-love.com\/fr\/wp-json\/wp\/v2\/product"}],"about":[{"href":"https:\/\/gpl-love.com\/fr\/wp-json\/wp\/v2\/types\/product"}],"replies":[{"embeddable":true,"href":"https:\/\/gpl-love.com\/fr\/wp-json\/wp\/v2\/comments?post=121940"}],"wp:featuredmedia":[{"embeddable":true,"href":"https:\/\/gpl-love.com\/fr\/wp-json\/wp\/v2\/media\/145690"}],"wp:attachment":[{"href":"https:\/\/gpl-love.com\/fr\/wp-json\/wp\/v2\/media?parent=121940"}],"wp:term":[{"taxonomy":"product_brand","embeddable":true,"href":"https:\/\/gpl-love.com\/fr\/wp-json\/wp\/v2\/product_brand?post=121940"},{"taxonomy":"product_cat","embeddable":true,"href":"https:\/\/gpl-love.com\/fr\/wp-json\/wp\/v2\/product_cat?post=121940"},{"taxonomy":"product_tag","embeddable":true,"href":"https:\/\/gpl-love.com\/fr\/wp-json\/wp\/v2\/product_tag?post=121940"}],"curies":[{"name":"wp","href":"https:\/\/api.w.org\/{rel}","templated":true}]}}