{"id":121938,"date":"2021-02-09T00:00:00","date_gmt":"2021-02-08T23:00:00","guid":{"rendered":"https:\/\/gpl-love.com\/fr\/produit\/woochimp-woocommerce-mailchimp-integration\/"},"modified":"2026-04-10T18:45:53","modified_gmt":"2026-04-10T16:45:53","slug":"woochimp-woocommerce-mailchimp-integration","status":"publish","type":"product","link":"https:\/\/gpl-love.com\/fr\/produit\/woochimp-woocommerce-mailchimp-integration\/","title":{"rendered":"WooChimp WooCommerce MailChimp Integration 2.2.7"},"content":{"rendered":"<h3>WooChimp WooCommerce MailChimp Integration Traits<\/h3>\n<p>Woochimp WooCommerce MailChimp Integration est un outil tr\u00e8s efficace et efficace qui accorde aux utilisateurs la capacit\u00e9 transparente \u00e0 int\u00e9grer sans effort leur magasin WooCommerce avec leur compte MailChimp, ce qui a donn\u00e9 une exp\u00e9rience optimis\u00e9e et unifi\u00e9e. Avec cette int\u00e9gration exceptionnelle, les utilisateurs peuvent synchroniser sans effort leurs pr\u00e9cieuses donn\u00e9es sur les clients et les commandes, artisanat avec pr\u00e9cision des campagnes d&rsquo;e-mail cibl\u00e9es et surveiller et \u00e9valuer avec diligence leurs performances de marketing par e-mail, le tout dans une seule plate-forme compl\u00e8te. L&rsquo;interface conviviale et les param\u00e8tres personnalisables garantissent la plus grande simplicit\u00e9 et la plus grande commodit\u00e9 dans l&rsquo;adaptation des campagnes d&rsquo;e-mail pour s&rsquo;adapter aux segments de clients sp\u00e9cifiques, ce qui entra\u00eene une augmentation des taux d&rsquo;engagement et de conversion. De plus, cette int\u00e9gration remarquable englobe une pl\u00e9thore de fonctionnalit\u00e9s avanc\u00e9es, y compris les flux de travail de messagerie automatis\u00e9s, la r\u00e9cup\u00e9ration abandonn\u00e9e des chariots et les recommandations de produits, consolidant ainsi son statut d&rsquo;outil indispensable pour toute entreprise de commerce \u00e9lectronique exigeante s&rsquo;effor\u00e7ant d&rsquo;agrandir l&rsquo;efficacit\u00e9 de leur strat\u00e9gie de marketing par e-mail. En conclusion, Woochimp WooCommerce MailChimp Integration \u00e9merge sans \u00e9quivoque comme un actif indispensable pour tout propri\u00e9taire d&rsquo;entreprise astucieux cherchant \u00e0 rationaliser leurs efforts de marketing et \u00e0 renforcer les chiffres de vente.<\/p>\n<ul>\n<li>Int\u00e8gre de mani\u00e8re transparente vos comptes WooCommerce et MailChimp<\/li>\n<li>Synchronise automatiquement les donn\u00e9es des clients entre les plateformes<\/li>\n<li>Permet un marketing par e-mail cibl\u00e9 en fonction de l&rsquo;historique d&rsquo;achat des clients<\/li>\n<li>Permet des mod\u00e8les et des campagnes de messagerie personnalisables<\/li>\n<li>Prend en charge l&rsquo;utilisation des puissantes fonctionnalit\u00e9s d&rsquo;automatisation de MailChimp<\/li>\n<li>Offre des analyses en temps r\u00e9el et des rapports sur les performances de la campagne par e-mail<\/li>\n<li>L&rsquo;interface conviviale facilite la configuration et la gestion<\/li>\n<li>Fournit un excellent support client pour toutes les questions ou probl\u00e8mes<\/li>\n<\/ul>\n","protected":false},"excerpt":{"rendered":"<p>L&rsquo;int\u00e9gration Woochimp WooCommerce MailChimp, un outil incroyablement robuste, sert de conduit impeccable qui \u00e9tablit de mani\u00e8re transparente une connexion entre votre estimation de la boutique WooCommerce et la c\u00e9l\u00e8bre plate-forme MailChimp. Gr\u00e2ce \u00e0 cette int\u00e9gration ph\u00e9nom\u00e9nale, vous pouvez synchroniser sans effort toutes vos donn\u00e9es inestimables pour les clients et les commandes, facilitant ainsi l&rsquo;automatisation de vos campagnes de marketing par e-mail tr\u00e8s efficaces, entra\u00eenant in\u00e9vitablement une augmentation substantielle des revenus de votre magasin estim\u00e9. En tant que plugin remarquablement convivial, il garantit que chaque e-mail exp\u00e9di\u00e9 est m\u00e9ticuleusement adapt\u00e9 et m\u00e9ticuleusement cibl\u00e9 sur le client pr\u00e9cis, ce qui le rend absolument essentiel pour tout propri\u00e9taire de magasin de WooCommerce ambitieux avec un fervent d\u00e9sir de monter \u00e0 des hauteurs in\u00e9gal\u00e9es dans leurs efforts de marketing en marketing .<\/p>\n","protected":false},"featured_media":145785,"comment_status":"open","ping_status":"open","template":"","meta":[],"product_brand":[2435],"product_cat":[1182,1200,1181],"product_tag":[1231],"class_list":{"0":"post-121938","1":"product","2":"type-product","3":"status-publish","4":"has-post-thumbnail","6":"product_brand-codecanyon","7":"product_cat-commerce-electronique-plugins","8":"product_cat-commercialisation","9":"product_cat-plugins","10":"product_tag-codecanyon","11":"member-discount","12":"discount-restricted","14":"first","15":"instock","16":"sale","17":"downloadable","18":"virtual","19":"sold-individually","20":"purchasable","21":"product-type-simple"},"_links":{"self":[{"href":"https:\/\/gpl-love.com\/fr\/wp-json\/wp\/v2\/product\/121938","targetHints":{"allow":["GET"]}}],"collection":[{"href":"https:\/\/gpl-love.com\/fr\/wp-json\/wp\/v2\/product"}],"about":[{"href":"https:\/\/gpl-love.com\/fr\/wp-json\/wp\/v2\/types\/product"}],"replies":[{"embeddable":true,"href":"https:\/\/gpl-love.com\/fr\/wp-json\/wp\/v2\/comments?post=121938"}],"wp:featuredmedia":[{"embeddable":true,"href":"https:\/\/gpl-love.com\/fr\/wp-json\/wp\/v2\/media\/145785"}],"wp:attachment":[{"href":"https:\/\/gpl-love.com\/fr\/wp-json\/wp\/v2\/media?parent=121938"}],"wp:term":[{"taxonomy":"product_brand","embeddable":true,"href":"https:\/\/gpl-love.com\/fr\/wp-json\/wp\/v2\/product_brand?post=121938"},{"taxonomy":"product_cat","embeddable":true,"href":"https:\/\/gpl-love.com\/fr\/wp-json\/wp\/v2\/product_cat?post=121938"},{"taxonomy":"product_tag","embeddable":true,"href":"https:\/\/gpl-love.com\/fr\/wp-json\/wp\/v2\/product_tag?post=121938"}],"curies":[{"name":"wp","href":"https:\/\/api.w.org\/{rel}","templated":true}]}}