{"id":121891,"date":"2024-10-31T00:00:00","date_gmt":"2024-10-30T23:00:00","guid":{"rendered":"https:\/\/gpl-love.com\/fr\/produit\/automatorwp-learnpress\/"},"modified":"2026-03-20T22:55:27","modified_gmt":"2026-03-20T21:55:27","slug":"automatorwp-learnpress","status":"publish","type":"product","link":"https:\/\/gpl-love.com\/fr\/produit\/automatorwp-learnpress\/","title":{"rendered":"AutomatorWP LearnPress 1.1.4"},"content":{"rendered":"<h3>AutomatorWP LearnPress Traits<\/h3>\n<p>Automatorwp LearnPress est un module compl\u00e9mentaire extr\u00eamement robuste et puissant sp\u00e9cialement con\u00e7u pour WordPress, qui offre \u00e0 ses utilisateurs la possibilit\u00e9 d&rsquo;automatiser sans effort leur processus d&rsquo;inscription LearnPress. En utilisant ce module compl\u00e9mentaire exceptionnel, les utilisateurs peuvent \u00e9tablir et configurer des automatisations qui inscrivent de mani\u00e8re transparente les \u00e9tudiants aux cours ou les ajoutent de mani\u00e8re transparente \u00e0 un plan d&rsquo;adh\u00e9sion imm\u00e9diatement apr\u00e8s avoir termin\u00e9 une action sp\u00e9cifique, comme remplir un formulaire ou s&rsquo;engager dans un achat. Cette fonctionnalit\u00e9 remarquable sert \u00e0 gagner consid\u00e9rablement le temps et \u00e0 am\u00e9liorer l&rsquo;exp\u00e9rience utilisateur globale des apprenants. De plus, AutomatorWP LearnPress poss\u00e8de \u00e9galement une vaste gamme d&rsquo;int\u00e9grations avec des plugins WordPress largement utilis\u00e9s et tr\u00e8s populaires, y compris, mais sans s&rsquo;y limiter, les formulaires WooCommerce et Gravity, ce qui le rend un outil incroyablement polyvalent qui est bien adapt\u00e9 au d\u00e9ploiement sur toute apprentissage en ligne plateforme. En raison de l&rsquo;exploitation des capacit\u00e9s formidables de Automatorwp LearnPress, les utilisateurs peuvent rationaliser et optimiser efficacement leur processus d&rsquo;inscription, ouvrent finalement la voie \u00e0 une exp\u00e9rience d&rsquo;apprentissage beaucoup plus efficace et efficace pour leurs \u00e9tudiants estim\u00e9s.<\/p>\n<ul>\n<li>Automatorwp LearnPress est un outil puissant pour cr\u00e9er des workflows personnalis\u00e9s dans le LMS LearnPress<\/li>\n<li>S&rsquo;int\u00e8gre parfaitement au plugin populaire Automatorwp pour WordPress<\/li>\n<li>Permet un large \u00e9ventail de personnalisations et d&rsquo;automations, y compris les notifications par e-mail, les mises \u00e0 jour des r\u00f4les utilisateur et le suivi des progr\u00e8s des cours<\/li>\n<li>Gagnez du temps et rationalisez votre flux de travail en automatisant des t\u00e2ches r\u00e9p\u00e9titives telles que les notifications d&rsquo;inscription et d&rsquo;ach\u00e8vement<\/li>\n<li>Surveillez et g\u00e9rez votre site LearnPress plus efficacement avec des journaux et des analyses d\u00e9taill\u00e9es<\/li>\n<li>Compatible avec une vari\u00e9t\u00e9 d&rsquo;autres plugins qui travaillent avec LearnPress, y compris les passerelles de paiement et les outils d&rsquo;importation \/ d&rsquo;exportation de cours<\/li>\n<li>Facile \u00e0 installer et \u00e0 configurer sans aucune connaissance de codage requise<\/li>\n<li>R\u00e9guli\u00e8rement mis \u00e0 jour avec de nouvelles fonctionnalit\u00e9s et des corrections de bogues pour am\u00e9liorer les performances et les fonctionnalit\u00e9s<\/li>\n<li>Documentation et soutien approfondis disponibles pour le d\u00e9pannage et l&rsquo;assistance<\/li>\n<\/ul>\n","protected":false},"excerpt":{"rendered":"<p>Automatorwp LearnPress est un outil puissant con\u00e7u pour rationaliser votre plate-forme eLearning. Ce plugin r\u00e9volutionnaire permet une int\u00e9gration transparente avec LearnPress, transformant votre exp\u00e9rience d&rsquo;apprentissage en ligne. Avec ses fonctionnalit\u00e9s d&rsquo;automatisation avanc\u00e9es, AutomatorWP LearnPress simplifie la cr\u00e9ation et la gestion des cours, en vous assurant de vous concentrer sur la fourniture de contenu de qualit\u00e9. Il est id\u00e9al pour les \u00e9tablissements d&rsquo;enseignement, les tuteurs et les formateurs d&rsquo;entreprise qui souhaitent am\u00e9liorer leurs capacit\u00e9s d&rsquo;elearning. Les caract\u00e9ristiques cl\u00e9s incluent l&rsquo;inscription automatique, le suivi des progr\u00e8s et les chemins d&rsquo;apprentissage personnalis\u00e9s. Son interface conviviale facilite l&rsquo;utilisation, m\u00eame pour les d\u00e9butants. Avec AutomatorWP LearnPress, vous pouvez cr\u00e9er un environnement eLearning dynamique, attrayant et efficace.<\/p>\n","protected":false},"featured_media":143185,"comment_status":"open","ping_status":"open","template":"","meta":[],"product_brand":[2464],"product_cat":[1189,1181,1186],"product_tag":[2260],"class_list":{"0":"post-121891","1":"product","2":"type-product","3":"status-publish","4":"has-post-thumbnail","6":"product_brand-automatorwp","7":"product_cat-personnalisation","8":"product_cat-plugins","9":"product_cat-wordpress-plugins","10":"product_tag-automatorwp","11":"member-discount","12":"discount-restricted","14":"first","15":"instock","16":"sale","17":"downloadable","18":"virtual","19":"sold-individually","20":"purchasable","21":"product-type-simple"},"_links":{"self":[{"href":"https:\/\/gpl-love.com\/fr\/wp-json\/wp\/v2\/product\/121891","targetHints":{"allow":["GET"]}}],"collection":[{"href":"https:\/\/gpl-love.com\/fr\/wp-json\/wp\/v2\/product"}],"about":[{"href":"https:\/\/gpl-love.com\/fr\/wp-json\/wp\/v2\/types\/product"}],"replies":[{"embeddable":true,"href":"https:\/\/gpl-love.com\/fr\/wp-json\/wp\/v2\/comments?post=121891"}],"wp:featuredmedia":[{"embeddable":true,"href":"https:\/\/gpl-love.com\/fr\/wp-json\/wp\/v2\/media\/143185"}],"wp:attachment":[{"href":"https:\/\/gpl-love.com\/fr\/wp-json\/wp\/v2\/media?parent=121891"}],"wp:term":[{"taxonomy":"product_brand","embeddable":true,"href":"https:\/\/gpl-love.com\/fr\/wp-json\/wp\/v2\/product_brand?post=121891"},{"taxonomy":"product_cat","embeddable":true,"href":"https:\/\/gpl-love.com\/fr\/wp-json\/wp\/v2\/product_cat?post=121891"},{"taxonomy":"product_tag","embeddable":true,"href":"https:\/\/gpl-love.com\/fr\/wp-json\/wp\/v2\/product_tag?post=121891"}],"curies":[{"name":"wp","href":"https:\/\/api.w.org\/{rel}","templated":true}]}}