{"id":121889,"date":"2026-02-18T00:00:00","date_gmt":"2026-02-17T23:00:00","guid":{"rendered":"https:\/\/gpl-love.com\/fr\/produit\/automatorwp-wp-fusion\/"},"modified":"2026-03-20T22:55:38","modified_gmt":"2026-03-20T21:55:38","slug":"automatorwp-wp-fusion","status":"publish","type":"product","link":"https:\/\/gpl-love.com\/fr\/produit\/automatorwp-wp-fusion\/","title":{"rendered":"AutomatorWP WP Fusion 1.0.8"},"content":{"rendered":"<h3>AutomatorWP WP Fusion Traits<\/h3>\n<p>Automatorwp WP Fusion pr\u00e9sente une solution optimale pour les personnes cherchant \u00e0 augmenter la fonctionnalit\u00e9 de leur site WordPress. Ce plugin tr\u00e8s puissant combine harmonieusement les prouesses de Automatorwp avec les prouesses d&rsquo;int\u00e9gration transparentes de WP Fusion, facilitant ainsi l&rsquo;automatisation des t\u00e2ches et des flux de travail du site Web. En vertu de Automatorwp WP Fusion, on peut int\u00e9grer sans effort leur site Web \u00e0 des outils de marketing estim\u00e9s tels que HubSpot, Salesforce et un \u00e9ventail d&rsquo;autres, ce qui leur conf\u00e8re ainsi un contr\u00f4le, une flexibilit\u00e9 et une efficacit\u00e9 am\u00e9lior\u00e9s. Que l&rsquo;objectif soit de rationaliser les campagnes de marketing par e-mail, d&rsquo;am\u00e9liorer les efforts de g\u00e9n\u00e9ration de leads ou de simplifier les proc\u00e9dures de gestion des clients, Automatorwp WP Fusion est la r\u00e9ponse par excellence. Avec son interface conviviale et sa gamme compl\u00e8te de fonctionnalit\u00e9s, ce plugin sert d&rsquo;atout indispensable pour tout propri\u00e9taire de site Web cherchant \u00e0 \u00e9lever sa pr\u00e9sence en ligne \u00e0 de nouveaux sommets.<\/p>\n<ul>\n<li>Int\u00e8gre de mani\u00e8re transparente WP Fusion dans la plate-forme d&rsquo;automatisation de workflow AutomatorWP<\/li>\n<li>Permet aux utilisateurs d&rsquo;automatiser les flux de travail complexes et de d\u00e9clencher des actions en fonction du comportement des clients, des interactions et des pr\u00e9f\u00e9rences<\/li>\n<li>Rationalise le lead \u00e0 l&rsquo;\u00e9ducation, l&rsquo;engagement client et les processus de vente<\/li>\n<li>Fournit un large \u00e9ventail de d\u00e9clencheurs et d&rsquo;actions pour personnaliser les flux de travail en fonction des besoins commerciaux sp\u00e9cifiques<\/li>\n<li>Permet une int\u00e9gration profonde avec plusieurs applications et services tiers pour une fonctionnalit\u00e9 am\u00e9lior\u00e9e et un \u00e9change de donn\u00e9es<\/li>\n<li>Facile \u00e0 installer, configurer et personnaliser, avec une documentation d\u00e9taill\u00e9e et un support client<\/li>\n<li>Aide les entreprises \u00e0 \u00e9conomiser du temps et des efforts en automatisant les processus de routine et en se concentrant sur des t\u00e2ches plus strat\u00e9giques<\/li>\n<li>Augmente la satisfaction et la fid\u00e9lit\u00e9 des clients en offrant des exp\u00e9riences personnalis\u00e9es et des r\u00e9ponses opportunes<\/li>\n<li>Stimule les ventes et les revenus en optimisant les campagnes de marketing, la g\u00e9n\u00e9ration de leads et le taux de conversion<\/li>\n<li>Fournit des informations et des analyses de donn\u00e9es pr\u00e9cieuses pour \u00e9clairer la prise de d\u00e9cision et am\u00e9liorer les performances.<\/li>\n<\/ul>\n","protected":false},"excerpt":{"rendered":"<p>AutomatorWP WP Fusion est un plugin WordPress puissant et convivial qui s&rsquo;int\u00e8gre de mani\u00e8re transparente \u00e0 votre site Web, vous permettant d&rsquo;automatiser facilement vos t\u00e2ches marketing, ventes et gestion de contenu. Cet outil innovant est con\u00e7u pour maximiser l&rsquo;efficacit\u00e9, vous permettant d&rsquo;automatiser un large \u00e9ventail de t\u00e2ches, de la mise \u00e0 jour des d\u00e9tails des clients \u00e0 l&rsquo;envoi de courriels personnalis\u00e9s, \u00e0 la d\u00e9clenchement de campagnes marketing et bien plus encore. Avec l&rsquo;aide de Automatorwp WP Fusion, vous pouvez rationaliser votre flux de travail, am\u00e9liorer l&rsquo;engagement des clients, stimuler les ventes et, finalement, d\u00e9velopper votre entreprise. C&rsquo;est la solution parfaite pour les entreprises qui cherchent \u00e0 gagner du temps et des ressources tout en am\u00e9liorant leur pr\u00e9sence en ligne. D\u00e9couvrez la puissance de l&rsquo;automatisation avec Automatorwp WP Fusion!<\/p>\n","protected":false},"featured_media":143197,"comment_status":"open","ping_status":"open","template":"","meta":[],"product_brand":[2464],"product_cat":[1207,1181,1186],"product_tag":[2260],"class_list":{"0":"post-121889","1":"product","2":"type-product","3":"status-publish","4":"has-post-thumbnail","6":"product_brand-automatorwp","7":"product_cat-commercialisation-wordpress-plugins","8":"product_cat-plugins","9":"product_cat-wordpress-plugins","10":"product_tag-automatorwp","11":"member-discount","12":"discount-restricted","14":"first","15":"instock","16":"sale","17":"downloadable","18":"virtual","19":"sold-individually","20":"purchasable","21":"product-type-simple"},"_links":{"self":[{"href":"https:\/\/gpl-love.com\/fr\/wp-json\/wp\/v2\/product\/121889","targetHints":{"allow":["GET"]}}],"collection":[{"href":"https:\/\/gpl-love.com\/fr\/wp-json\/wp\/v2\/product"}],"about":[{"href":"https:\/\/gpl-love.com\/fr\/wp-json\/wp\/v2\/types\/product"}],"replies":[{"embeddable":true,"href":"https:\/\/gpl-love.com\/fr\/wp-json\/wp\/v2\/comments?post=121889"}],"wp:featuredmedia":[{"embeddable":true,"href":"https:\/\/gpl-love.com\/fr\/wp-json\/wp\/v2\/media\/143197"}],"wp:attachment":[{"href":"https:\/\/gpl-love.com\/fr\/wp-json\/wp\/v2\/media?parent=121889"}],"wp:term":[{"taxonomy":"product_brand","embeddable":true,"href":"https:\/\/gpl-love.com\/fr\/wp-json\/wp\/v2\/product_brand?post=121889"},{"taxonomy":"product_cat","embeddable":true,"href":"https:\/\/gpl-love.com\/fr\/wp-json\/wp\/v2\/product_cat?post=121889"},{"taxonomy":"product_tag","embeddable":true,"href":"https:\/\/gpl-love.com\/fr\/wp-json\/wp\/v2\/product_tag?post=121889"}],"curies":[{"name":"wp","href":"https:\/\/api.w.org\/{rel}","templated":true}]}}