{"id":121887,"date":"2023-06-28T00:00:00","date_gmt":"2023-06-27T22:00:00","guid":{"rendered":"https:\/\/gpl-love.com\/fr\/produit\/automatorwp-wplms\/"},"modified":"2026-03-20T22:55:39","modified_gmt":"2026-03-20T21:55:39","slug":"automatorwp-wplms","status":"publish","type":"product","link":"https:\/\/gpl-love.com\/fr\/produit\/automatorwp-wplms\/","title":{"rendered":"AutomatorWP WPLMS 1.0.5"},"content":{"rendered":"<h3>AutomatorWP WPLMS Traits<\/h3>\n<p>AutomatorWP WPLMS est une int\u00e9gration qui combine de mani\u00e8re transparente les meilleures fonctionnalit\u00e9s des deux plates-formes, ce qui entra\u00eene une exp\u00e9rience utilisateur sans pr\u00e9c\u00e9dent. L&rsquo;int\u00e9gration fait non seulement gagner du temps, mais \u00e9radique \u00e9galement la n\u00e9cessit\u00e9 d&rsquo;une intervention manuelle, gr\u00e2ce \u00e0 sa capacit\u00e9 \u00e0 automatiser une multitude de t\u00e2ches et de flux de travail. En utilisant cet outil robuste, on peut concevoir sans effort des workflows personnalis\u00e9s qui automatisent des activit\u00e9s essentielles telles que les inscriptions aux \u00e9tudiants et les cours de cours. De plus, l&rsquo;int\u00e9gration propose un \u00e9ventail de fonctionnalit\u00e9s tr\u00e8s robustes, y compris des d\u00e9clencheurs, des actions et des conditions, qui peuvent tous \u00eatre adapt\u00e9s \u00e0 ses besoins sp\u00e9cifiques. Que l&rsquo;on assume le r\u00f4le d&rsquo;un instructeur, d&rsquo;un \u00e9tudiant ou d&rsquo;un administrateur, AutomatorWP WPLMS est un atout indispensable pour les personnes cherchant \u00e0 rationaliser leur flux de travail et \u00e0 renforcer leur productivit\u00e9 globale.<\/p>\n<ul>\n<li>AutomatorWP WPLMS est un puissant plugin d&rsquo;int\u00e9gration qui rassemble Automatorwp et WPLMS, deux outils WordPress populaires, pour vous donner des capacit\u00e9s d&rsquo;automatisation et de gestion de workflow sans couture.<\/li>\n<li>Avec AutomatorWP WPLMS, vous pouvez cr\u00e9er des workflows automatis\u00e9s complexes qui rationalisent vos cours WPLMS, vos inscriptions par les utilisateurs et vos processus d&rsquo;enregistrement, ce qui vous fait gagner du temps et des efforts.<\/li>\n<li>Le plugin propose une gamme d&rsquo;ensembles d&rsquo;action d&rsquo;automatisation pr\u00e9d\u00e9finis et de d\u00e9clencheurs d&rsquo;\u00e9v\u00e9nements que vous pouvez personnaliser en fonction de vos besoins et pr\u00e9f\u00e9rences sp\u00e9cifiques, en vous assurant que vous pouvez cr\u00e9er des workflows qui fonctionnent le mieux pour vous.<\/li>\n<li>AutomatorWP WPLMS vous permet \u00e9galement de suivre et d&rsquo;analyser les performances et l&rsquo;efficacit\u00e9 de votre flux de travail en utilisant des outils de rapport et d&rsquo;analyse en temps r\u00e9el, vous aidant \u00e0 identifier les goulots d&rsquo;\u00e9tranglement, les probl\u00e8mes et les opportunit\u00e9s d&rsquo;am\u00e9lioration.<\/li>\n<li>Que vous soyez un utilisateur WPLMS qui cherche \u00e0 automatiser vos activit\u00e9s de gestion et d&rsquo;administration de cours, ou un d\u00e9veloppeur cherchant \u00e0 cr\u00e9er des workflows personnalis\u00e9s pour vos clients, AutomatorWP WPLMS a tout ce dont vous avez besoin pour commencer rapidement et facilement.<\/li>\n<\/ul>\n","protected":false},"excerpt":{"rendered":"<p>AutomatorWP WPLMS est un plugin haut de gamme et haute performance qui fournit une int\u00e9gration transparente avec votre syst\u00e8me de gestion de l&rsquo;apprentissage WordPress (LMS). Il est con\u00e7u pour automatiser diverses t\u00e2ches et processus dans vos cours en ligne, am\u00e9liorant consid\u00e9rablement l&rsquo;exp\u00e9rience d&rsquo;apprentissage de vos \u00e9tudiants. En tirant parti de la puissance des WPLM, ce plugin vous permet de cr\u00e9er et de g\u00e9rer facilement des flux de travail complexes, ce qui en fait un outil incontournable pour les \u00e9ducateurs en ligne et les plates-formes eLearning. Les fonctionnalit\u00e9s cl\u00e9s incluent les notifications par e-mail automatis\u00e9es, la livraison de contenu dynamique et les capacit\u00e9s de suivi et de rapport robustes. Avec AutomatorWP WPLMS, vous pouvez g\u00e9n\u00e9rer un engagement de l&rsquo;apprenant, augmenter les taux d&rsquo;ach\u00e8vement des cours et livrer un parcours d&rsquo;apprentissage personnalis\u00e9 \u00e0 vos \u00e9l\u00e8ves. Que vous soyez un \u00e9ducateur en solo ou une grande institution eLearning, AutomatorWP WPLMS peut vous aider \u00e0 rationaliser la gestion de votre cours et \u00e0 am\u00e9liorer les r\u00e9sultats d&rsquo;apprentissage.<\/p>\n","protected":false},"featured_media":143199,"comment_status":"open","ping_status":"open","template":"","meta":[],"product_brand":[2464],"product_cat":[1189,1181,1186],"product_tag":[2260],"class_list":{"0":"post-121887","1":"product","2":"type-product","3":"status-publish","4":"has-post-thumbnail","6":"product_brand-automatorwp","7":"product_cat-personnalisation","8":"product_cat-plugins","9":"product_cat-wordpress-plugins","10":"product_tag-automatorwp","11":"member-discount","12":"discount-restricted","14":"first","15":"instock","16":"sale","17":"downloadable","18":"virtual","19":"sold-individually","20":"purchasable","21":"product-type-simple"},"_links":{"self":[{"href":"https:\/\/gpl-love.com\/fr\/wp-json\/wp\/v2\/product\/121887","targetHints":{"allow":["GET"]}}],"collection":[{"href":"https:\/\/gpl-love.com\/fr\/wp-json\/wp\/v2\/product"}],"about":[{"href":"https:\/\/gpl-love.com\/fr\/wp-json\/wp\/v2\/types\/product"}],"replies":[{"embeddable":true,"href":"https:\/\/gpl-love.com\/fr\/wp-json\/wp\/v2\/comments?post=121887"}],"wp:featuredmedia":[{"embeddable":true,"href":"https:\/\/gpl-love.com\/fr\/wp-json\/wp\/v2\/media\/143199"}],"wp:attachment":[{"href":"https:\/\/gpl-love.com\/fr\/wp-json\/wp\/v2\/media?parent=121887"}],"wp:term":[{"taxonomy":"product_brand","embeddable":true,"href":"https:\/\/gpl-love.com\/fr\/wp-json\/wp\/v2\/product_brand?post=121887"},{"taxonomy":"product_cat","embeddable":true,"href":"https:\/\/gpl-love.com\/fr\/wp-json\/wp\/v2\/product_cat?post=121887"},{"taxonomy":"product_tag","embeddable":true,"href":"https:\/\/gpl-love.com\/fr\/wp-json\/wp\/v2\/product_tag?post=121887"}],"curies":[{"name":"wp","href":"https:\/\/api.w.org\/{rel}","templated":true}]}}