{"id":121842,"date":"2023-05-25T00:00:00","date_gmt":"2023-05-24T22:00:00","guid":{"rendered":"https:\/\/gpl-love.com\/fr\/produit\/woocommerce-pdf-invoice-et-packing-slip-generator\/"},"modified":"2026-04-10T18:47:47","modified_gmt":"2026-04-10T16:47:47","slug":"woocommerce-pdf-invoice-et-packing-slip-generator","status":"publish","type":"product","link":"https:\/\/gpl-love.com\/fr\/produit\/woocommerce-pdf-invoice-et-packing-slip-generator\/","title":{"rendered":"WooCommerce PDF Invoice et Packing Slip Generator 2.4.0"},"content":{"rendered":"<h3>WooCommerce PDF Invoice et Packing Slip Generator Traits<\/h3>\n<p>Le g\u00e9n\u00e9rateur de slip de facture PDF WooCommerce et de slip d&#8217;emballage sert d&rsquo;outil incroyablement robuste et puissant sp\u00e9cialement con\u00e7u au profit des propri\u00e9taires de magasins en ligne, en les permettant de g\u00e9n\u00e9rer sans effort des factures et des bordereaux d&#8217;emballage qui sont enti\u00e8rement personnalisables et adapt\u00e9s aux besoins de leurs clients. Gr\u00e2ce \u00e0 ce plugin ing\u00e9nieux, les utilisateurs ont la capacit\u00e9 de fa\u00e7onner des documents de qualit\u00e9 professionnelle qui d\u00e9gagent leurs propres pr\u00e9f\u00e9rences de marque et stylistiques uniques. Le g\u00e9n\u00e9rateur, dans son engagement inflexible envers la commodit\u00e9 des utilisateurs, int\u00e8gre de mani\u00e8re transparente toutes les informations essentielles d&rsquo;informations relatives \u00e0 chaque commande individuelle, englobant les d\u00e9tails complexes du produit, les d\u00e9tails d&rsquo;exp\u00e9dition et les sp\u00e9cificit\u00e9s de paiement complets. En outre, il accorde aux utilisateurs une vaste gamme d&rsquo;options de personnalisation, les rendant capables d&rsquo;int\u00e9grer leurs propres logos, de modification des tailles de police \u00e0 leur go\u00fbt, et m\u00eame d&rsquo;incorporer des messages sur mesure qui r\u00e9sonnent avec leur client\u00e8le. \u00c0 la lumi\u00e8re de ces fonctionnalit\u00e9s impressionnantes, il devient clairement clair que ce plugin est la panac\u00e9e ultime pour toute entreprise qui cherche \u00e0 optimiser et \u00e0 rationaliser leurs processus de facturation et d&rsquo;exp\u00e9dition.<\/p>\n<ul>\n<li>G\u00e9n\u00e8re des factures PDF professionnelles et personnalisables et des feuillets d&#8217;emballage pour les commandes WooCommerce<\/li>\n<li>Gave le temps et am\u00e9liore l&rsquo;efficacit\u00e9 en automatisant le processus de g\u00e9n\u00e9ration de glissement de facture et d&#8217;emballage<\/li>\n<li>Fournit une int\u00e9gration transparente avec WooCommerce, \u00e9liminant le besoin de saisie manuelle<\/li>\n<li>Permet la personnalisation de la facture et les mod\u00e8les de glissement d&#8217;emballage pour s&rsquo;adapter \u00e0 votre marque et \u00e0 votre style<\/li>\n<li>Comprend des options pour ajouter le logo de votre entreprise, les informations d&rsquo;exp\u00e9dition et les d\u00e9tails de commande aux factures et les bulletins d&#8217;emballage<\/li>\n<li>Livr\u00e9 avec une interface conviviale qui facilite la gestion et la personnalisation de vos factures et des feuillets d&#8217;emballage<\/li>\n<li>Envoie les PDF g\u00e9n\u00e9r\u00e9s directement \u00e0 vos clients par e-mail ou en lien de t\u00e9l\u00e9chargement, vous permettant de vous \u00e9conomettre les tracas de la distribution manuelle<\/li>\n<li>Fournit des factures et des bulletins d&#8217;emballage pr\u00e9cises et sans erreur, en r\u00e9duisant le risque d&rsquo;erreurs d&rsquo;exp\u00e9dition et de paiement.<\/li>\n<\/ul>\n","protected":false},"excerpt":{"rendered":"<p>Avec l&rsquo;utilisation de la facture PDF WooCommerce et du g\u00e9n\u00e9rateur de feuille de package, les individus re\u00e7oivent la commodit\u00e9 de produire sans effort des factures raffin\u00e9es et adaptables et des bordereaux d&#8217;emballage pour leur vitrine num\u00e9rique. Ce plugin remarquable poss\u00e8de la capacit\u00e9 de g\u00e9n\u00e9rer automatiquement des factures et des feuillets d&#8217;emballage en cas de commande, tout en permettant aux utilisateurs de personnaliser des \u00e9l\u00e9ments tels que la conception, la mise en page et les informations incorpor\u00e9es dans lesdits documents. De plus, il accorde \u00e9galement aux individus la possibilit\u00e9 de transmettre ces factures et d&#8217;emballer les bordereaux aux clients par e-mail, servant de pi\u00e8ces jointes PDF. En utilisant cet outil convivial et tr\u00e8s efficace, les utilisateurs peuvent rationaliser leurs processus de gestion des commandes, laissant finalement une impression durable sur leur pr\u00e9cieux client\u00e8le.<\/p>\n","protected":false},"featured_media":145961,"comment_status":"open","ping_status":"open","template":"","meta":[],"product_brand":[2435],"product_cat":[1182,1223,1181],"product_tag":[1231],"class_list":{"0":"post-121842","1":"product","2":"type-product","3":"status-publish","4":"has-post-thumbnail","6":"product_brand-codecanyon","7":"product_cat-commerce-electronique-plugins","8":"product_cat-personnalisation-commerce-electronique-plugins","9":"product_cat-plugins","10":"product_tag-codecanyon","11":"member-discount","12":"discount-restricted","14":"first","15":"instock","16":"sale","17":"downloadable","18":"virtual","19":"sold-individually","20":"purchasable","21":"product-type-simple"},"_links":{"self":[{"href":"https:\/\/gpl-love.com\/fr\/wp-json\/wp\/v2\/product\/121842","targetHints":{"allow":["GET"]}}],"collection":[{"href":"https:\/\/gpl-love.com\/fr\/wp-json\/wp\/v2\/product"}],"about":[{"href":"https:\/\/gpl-love.com\/fr\/wp-json\/wp\/v2\/types\/product"}],"replies":[{"embeddable":true,"href":"https:\/\/gpl-love.com\/fr\/wp-json\/wp\/v2\/comments?post=121842"}],"wp:featuredmedia":[{"embeddable":true,"href":"https:\/\/gpl-love.com\/fr\/wp-json\/wp\/v2\/media\/145961"}],"wp:attachment":[{"href":"https:\/\/gpl-love.com\/fr\/wp-json\/wp\/v2\/media?parent=121842"}],"wp:term":[{"taxonomy":"product_brand","embeddable":true,"href":"https:\/\/gpl-love.com\/fr\/wp-json\/wp\/v2\/product_brand?post=121842"},{"taxonomy":"product_cat","embeddable":true,"href":"https:\/\/gpl-love.com\/fr\/wp-json\/wp\/v2\/product_cat?post=121842"},{"taxonomy":"product_tag","embeddable":true,"href":"https:\/\/gpl-love.com\/fr\/wp-json\/wp\/v2\/product_tag?post=121842"}],"curies":[{"name":"wp","href":"https:\/\/api.w.org\/{rel}","templated":true}]}}