{"id":121788,"date":"2022-02-22T00:00:00","date_gmt":"2022-02-21T23:00:00","guid":{"rendered":"https:\/\/gpl-love.com\/fr\/produit\/sensei-course-participants\/"},"modified":"2026-04-10T18:39:13","modified_gmt":"2026-04-10T16:39:13","slug":"sensei-course-participants","status":"publish","type":"product","link":"https:\/\/gpl-love.com\/fr\/produit\/sensei-course-participants\/","title":{"rendered":"Sensei Course Participants 2.0.3"},"content":{"rendered":"<h3>Sensei Course Participants Traits<\/h3>\n<p>Les participants du cours Sensei se composent d&rsquo;un collectif de personnes qui se sont volontairement inscrites \u00e0 un programme \u00e9ducatif qui a \u00e9t\u00e9 m\u00e9ticuleusement con\u00e7u pour les aider \u00e0 r\u00e9aliser une ma\u00eetrise sur une comp\u00e9tence ou un sujet sp\u00e9cifique. Dans les limites de ce cours, ces participants sont fournis avec une vaste gamme de documents d&rsquo;apprentissage, qui comprennent des vid\u00e9os, des webinaires et des exercices interactifs, tous m\u00e9ticuleusement con\u00e7us pour faciliter la culture d&rsquo;une compr\u00e9hension profonde du sujet susmentionn\u00e9. La supervision de ce parcours \u00e9ducatif est un Sensei, un ma\u00eetre professeur v\u00e9n\u00e9r\u00e9 et estim\u00e9, qui poss\u00e8de une abondance d&rsquo;exp\u00e9rience et une richesse de connaissances concernant le sujet. Apr\u00e8s avoir r\u00e9ussi \u00e0 atteindre la conclusion de ce cours, les participants devraient avoir acquis un niveau \u00e9lev\u00e9 de comp\u00e9tence dans le sujet et poss\u00e9der la capacit\u00e9 d&rsquo;appliquer efficacement les connaissances qu&rsquo;ils ont atteintes dans leur vie personnelle ou professionnelle. En tenant compte de tous les aspects, le cours Sensei pr\u00e9sente sans aucun doute une opportunit\u00e9 remarquable pour les personnes cherchant \u00e0 approfondir un sujet particulier et \u00e0 augmenter leurs comp\u00e9tences existantes.<\/p>\n<ul>\n<li>D\u00e9veloppement des comp\u00e9tences: Le cours Sensei est con\u00e7u pour am\u00e9liorer les comp\u00e9tences des participants et leur permettre de devenir des experts dans leurs domaines.<\/li>\n<li>Contenu complet: Le cours a un contenu d\u00e9taill\u00e9 et complet qui couvre tous les aspects du sujet.<\/li>\n<li>Apprentissage interactif: les s\u00e9ances de formation sont interactives, permettant aux participants de s&rsquo;engager avec des instructeurs et d&rsquo;autres apprenants, et leur permettant d&rsquo;apprendre \u00e0 travers des sc\u00e9narios r\u00e9els.<\/li>\n<li>Adonc\u00e9 \u00e0 chaque participant: le cours est adapt\u00e9 pour r\u00e9pondre aux besoins individuels de chaque participant, en veillant \u00e0 ce qu&rsquo;ils re\u00e7oivent une formation pertinente et pr\u00e9cieuse pour eux.<\/li>\n<li>Soutien continu: les participants re\u00e7oivent un soutien et des ressources continus une fois le cours termin\u00e9, leur permettant d&rsquo;utiliser leurs nouvelles comp\u00e9tences dans leur environnement de travail.<\/li>\n<li>Certification: \u00c0 la fin du cours, les participants re\u00e7oivent une certification reconnue dans leur industrie, ce qui leur donne un avantage concurrentiel sur le march\u00e9 du travail.<\/li>\n<li>Accessible n&rsquo;importe o\u00f9: le cours est accessible en ligne de n&rsquo;importe o\u00f9 dans le monde, permettant aux participants d&rsquo;apprendre \u00e0 leur propre rythme et leur offrant la flexibilit\u00e9 de terminer la formation autour de leur travail et de leurs engagements personnels.<\/li>\n<li>Instructeurs hautement exp\u00e9riment\u00e9s: Le cours est dispens\u00e9 par des instructeurs tr\u00e8s exp\u00e9riment\u00e9s ayant des connaissances et une expertise approfondies dans leurs domaines, garantissant que les participants re\u00e7oivent une formation de qualit\u00e9 sup\u00e9rieure.<\/li>\n<\/ul>\n","protected":false},"excerpt":{"rendered":"<p>Le programme des participants au cours de Sensei a \u00e9t\u00e9 m\u00e9ticuleusement con\u00e7u pour offrir une opportunit\u00e9 in\u00e9gal\u00e9e pour les personnes comme vous de fortifier et d&rsquo;\u00e9tendre votre r\u00e9pertoire de comp\u00e9tences et de connaissances existants dans votre domaine sp\u00e9cifique. Gr\u00e2ce aux pr\u00e9cieuses conseils et \u00e0 la sagesse transmises par nos mentors hautement exp\u00e9riment\u00e9s, vous serez \u00e9quip\u00e9 des outils et des id\u00e9es n\u00e9cessaires pour transcender vos limites actuelles et d\u00e9verrouiller votre v\u00e9ritable potentiel, vous propulsant ainsi vers la r\u00e9alisation de vos aspirations professionnelles estim\u00e9es. Ind\u00e9pendamment de la question de savoir si vos aspirations r\u00e9sident dans le domaine de la litt\u00e9rature, du marketing ou de la programmation, notre programme d&rsquo;\u00e9tudes m\u00e9ticuleusement organis\u00e9 vous permettra non seulement d&rsquo;acqu\u00e9rir une multitude de nouvelles comp\u00e9tences, mais aussi de les utiliser efficacement dans le domaine pratique de votre vocation. Passez plus de temps pr\u00e9cieux et saisissez l&rsquo;opportunit\u00e9 de se lancer dans ce voyage transformateur vers un triomphe in\u00e9gal\u00e9 en s&rsquo;inscrivant \u00e0 notre programme estim\u00e9 aujourd&rsquo;hui!<\/p>\n","protected":false},"featured_media":145214,"comment_status":"open","ping_status":"open","template":"","meta":[],"product_brand":[2440],"product_cat":[1182,1223,1181],"product_tag":[1398],"class_list":{"0":"post-121788","1":"product","2":"type-product","3":"status-publish","4":"has-post-thumbnail","6":"product_brand-woocommerce","7":"product_cat-commerce-electronique-plugins","8":"product_cat-personnalisation-commerce-electronique-plugins","9":"product_cat-plugins","10":"product_tag-woocommerce","11":"member-discount","12":"discount-restricted","14":"first","15":"instock","16":"sale","17":"downloadable","18":"virtual","19":"sold-individually","20":"purchasable","21":"product-type-simple"},"_links":{"self":[{"href":"https:\/\/gpl-love.com\/fr\/wp-json\/wp\/v2\/product\/121788","targetHints":{"allow":["GET"]}}],"collection":[{"href":"https:\/\/gpl-love.com\/fr\/wp-json\/wp\/v2\/product"}],"about":[{"href":"https:\/\/gpl-love.com\/fr\/wp-json\/wp\/v2\/types\/product"}],"replies":[{"embeddable":true,"href":"https:\/\/gpl-love.com\/fr\/wp-json\/wp\/v2\/comments?post=121788"}],"wp:featuredmedia":[{"embeddable":true,"href":"https:\/\/gpl-love.com\/fr\/wp-json\/wp\/v2\/media\/145214"}],"wp:attachment":[{"href":"https:\/\/gpl-love.com\/fr\/wp-json\/wp\/v2\/media?parent=121788"}],"wp:term":[{"taxonomy":"product_brand","embeddable":true,"href":"https:\/\/gpl-love.com\/fr\/wp-json\/wp\/v2\/product_brand?post=121788"},{"taxonomy":"product_cat","embeddable":true,"href":"https:\/\/gpl-love.com\/fr\/wp-json\/wp\/v2\/product_cat?post=121788"},{"taxonomy":"product_tag","embeddable":true,"href":"https:\/\/gpl-love.com\/fr\/wp-json\/wp\/v2\/product_tag?post=121788"}],"curies":[{"name":"wp","href":"https:\/\/api.w.org\/{rel}","templated":true}]}}