{"id":121786,"date":"2022-02-22T00:00:00","date_gmt":"2022-02-21T23:00:00","guid":{"rendered":"https:\/\/gpl-love.com\/fr\/produit\/mythemeshop-yosemite-wordpress-theme\/"},"modified":"2026-04-10T18:33:29","modified_gmt":"2026-04-10T16:33:29","slug":"mythemeshop-yosemite-wordpress-theme","status":"publish","type":"product","link":"https:\/\/gpl-love.com\/fr\/produit\/mythemeshop-yosemite-wordpress-theme\/","title":{"rendered":"MyThemeShop Yosemite WordPress Theme 1.3.1"},"content":{"rendered":"<h3>MyThemeShop Yosemite WordPress Theme Traits<\/h3>\n<p>Le th\u00e8me WordPress Yosemite MyTheShop s&rsquo;adresse aux blogueurs et aux entreprises, leur offrant une pl\u00e9thore d&rsquo;options de personnalisation. Son design \u00e9l\u00e9gant et moderne garantit que votre site Web semble non seulement visuellement attrayant, mais fonctionne \u00e9galement de mani\u00e8re transparente sur divers appareils. De plus, le th\u00e8me est optimis\u00e9 pour les moteurs de recherche, garantissant que votre contenu est facilement d\u00e9couvrable. Sa mise en page intuitive, associ\u00e9e \u00e0 des fonctionnalit\u00e9s conviviales, simplifie le processus de cr\u00e9ation d&rsquo;un site Web d&rsquo;aspect professionnel qui repr\u00e9sente avec pr\u00e9cision votre marque et votre message. En outre, le th\u00e8me propose un \u00e9ventail d&rsquo;outils, tels que des widgets personnalis\u00e9s, des codes short, l&rsquo;int\u00e9gration des m\u00e9dias sociaux et des sch\u00e9mas de couleurs multiples, vous permettant de cr\u00e9er une pr\u00e9sence en ligne distinctive et captivante. Que vous vous lanciez dans un nouveau voyage de blogs ou que vous r\u00e9noverez un site Web existant, le th\u00e8me MyTheShop Yosemite WordPress est un choix exceptionnel, offrant \u00e0 la fois un style et une fonctionnalit\u00e9 qui donnent des r\u00e9sultats remarquables.<\/p>\n<ul>\n<li>Un th\u00e8me WordPress \u00e9l\u00e9gant et moderne con\u00e7u pour les blogueurs et les sites Web professionnels<\/li>\n<li>Enti\u00e8rement r\u00e9actif pour une visualisation optimale sur n&rsquo;importe quel appareil<\/li>\n<li>Options de mise en page polyvalentes et personnalisation facile via le personnalisateur int\u00e9gr\u00e9<\/li>\n<li>Comprend une vari\u00e9t\u00e9 de mod\u00e8les et de widgets pr\u00e9-con\u00e7us pour une cr\u00e9ation de contenu facile<\/li>\n<li>SEO optimis\u00e9 pour une visibilit\u00e9 et un trafic accrus<\/li>\n<li>Int\u00e9gration int\u00e9gr\u00e9e des m\u00e9dias sociaux pour le partage et la promotion transparents<\/li>\n<li>Panneau d&rsquo;options puissantes pour la personnalisation avanc\u00e9e et le contr\u00f4le de conception<\/li>\n<li>Mises \u00e0 jour r\u00e9guli\u00e8res et soutien d\u00e9di\u00e9 de l&rsquo;\u00e9quipe MyTheMeshop<\/li>\n<li>Compatible avec les plugins WordPress populaires pour des fonctionnalit\u00e9s et une flexibilit\u00e9 suppl\u00e9mentaires<\/li>\n<li>Rapide et l\u00e9ger pour des performances optimales et une exp\u00e9rience utilisateur.<\/li>\n<\/ul>\n","protected":false},"excerpt":{"rendered":"<p>Le th\u00e8me Yosemite WordPress, d\u00e9velopp\u00e9 par MyTheShop, poss\u00e8de un design exquis qui est remarquablement mall\u00e9able, le rendant id\u00e9al pour les personnes engag\u00e9es dans le monde des blogs, ainsi que pour les ind\u00e9pendants et quiconque d\u00e9sirant concevoir un site Web merveilleux. Avec son design sans tache et contemporain, accompagn\u00e9 d&rsquo;une disposition r\u00e9active, le th\u00e8me Yosemite rayonne un sentiment de splendeur sur n&rsquo;importe quel appareil, qu&rsquo;il s&rsquo;agisse d&rsquo;un ordinateur de bureau traditionnel ou d&rsquo;un smartphone de pointe. De plus, ce th\u00e8me profite \u00e0 une gamme d&rsquo;options de personnalisation, comprenant des widgets sur mesure, des mises en page diverses et un assortiment de sch\u00e9mas de couleurs, vous permettant d&rsquo;impr\u00e9gner votre site avec une touche personnelle. Ainsi, que vous vous lanciez dans un nouveau voyage de blogs ou entreprend la t\u00e2che de r\u00e9nover un site Web d\u00e9j\u00e0 existant, le th\u00e8me MyTheMeshop Yosemite WordPress se distingue comme une s\u00e9lection exceptionnelle et judicieuse.<\/p>\n","protected":false},"featured_media":144713,"comment_status":"open","ping_status":"open","template":"","meta":[],"product_brand":[2601],"product_cat":[1242,1212,1213],"product_tag":[1309],"class_list":{"0":"post-121786","1":"product","2":"type-product","3":"status-publish","4":"has-post-thumbnail","6":"product_brand-my-theme-shop","7":"product_cat-creatif","8":"product_cat-themes","9":"product_cat-wordpress-themes","10":"product_tag-my-theme-shop","11":"member-discount","12":"discount-restricted","14":"first","15":"instock","16":"sale","17":"downloadable","18":"virtual","19":"sold-individually","20":"purchasable","21":"product-type-simple"},"_links":{"self":[{"href":"https:\/\/gpl-love.com\/fr\/wp-json\/wp\/v2\/product\/121786","targetHints":{"allow":["GET"]}}],"collection":[{"href":"https:\/\/gpl-love.com\/fr\/wp-json\/wp\/v2\/product"}],"about":[{"href":"https:\/\/gpl-love.com\/fr\/wp-json\/wp\/v2\/types\/product"}],"replies":[{"embeddable":true,"href":"https:\/\/gpl-love.com\/fr\/wp-json\/wp\/v2\/comments?post=121786"}],"wp:featuredmedia":[{"embeddable":true,"href":"https:\/\/gpl-love.com\/fr\/wp-json\/wp\/v2\/media\/144713"}],"wp:attachment":[{"href":"https:\/\/gpl-love.com\/fr\/wp-json\/wp\/v2\/media?parent=121786"}],"wp:term":[{"taxonomy":"product_brand","embeddable":true,"href":"https:\/\/gpl-love.com\/fr\/wp-json\/wp\/v2\/product_brand?post=121786"},{"taxonomy":"product_cat","embeddable":true,"href":"https:\/\/gpl-love.com\/fr\/wp-json\/wp\/v2\/product_cat?post=121786"},{"taxonomy":"product_tag","embeddable":true,"href":"https:\/\/gpl-love.com\/fr\/wp-json\/wp\/v2\/product_tag?post=121786"}],"curies":[{"name":"wp","href":"https:\/\/api.w.org\/{rel}","templated":true}]}}