{"id":121784,"date":"2022-02-22T00:00:00","date_gmt":"2022-02-21T23:00:00","guid":{"rendered":"https:\/\/gpl-love.com\/fr\/produit\/mythemeshop-portfolio-wordpress-theme\/"},"modified":"2026-04-10T18:33:10","modified_gmt":"2026-04-10T16:33:10","slug":"mythemeshop-portfolio-wordpress-theme","status":"publish","type":"product","link":"https:\/\/gpl-love.com\/fr\/produit\/mythemeshop-portfolio-wordpress-theme\/","title":{"rendered":"MyThemeShop Portfolio WordPress Theme 1.2.11"},"content":{"rendered":"<h3>MyThemeShop Portfolio WordPress Theme Traits<\/h3>\n<p>Le th\u00e8me WordPress du portefeuille MyTheMeshop est une solution extr\u00eamement polyvalente et hautement personnalisable qui r\u00e9pond aux besoins des individus et des entreprises qui cherchent \u00e0 montrer leur travail sur Internet. Avec son design \u00e9l\u00e9gant et moderne, ce th\u00e8me offre une pl\u00e9thore de fonctionnalit\u00e9s visant \u00e0 optimiser l&rsquo;exp\u00e9rience utilisateur, englobant la conception r\u00e9active, les widgets personnalisables et les animations impeccablement lisses. Les mod\u00e8les de portefeuille int\u00e9gr\u00e9s du th\u00e8me permettent aux utilisateurs de montrer sans effort leur travail dans un assortiment de formats, de grilles couvrant, de dispositions de ma\u00e7onnerie et de carrousels captivants. De plus, le th\u00e8me poss\u00e8de un \u00e9ventail d&rsquo;options de personnalisation, offrant aux utilisateurs la possibilit\u00e9 d&rsquo;adapter m\u00e9ticuleusement l&rsquo;apparence et l&rsquo;ambiance de leur site Web pour s&rsquo;aligner sur leur marque ou leur style personnel distinctif. En r\u00e9sum\u00e9, le th\u00e8me du portefeuille MyTheMeshop est un choix commandant et convivial pour les individus qui aspirent \u00e0 construire un site Web hautement professionnel qui pr\u00e9sente efficacement leur travail pr\u00e9cieux.<\/p>\n<ul>\n<li>Conception r\u00e9active et conviviale pour une exp\u00e9rience utilisateur optimale.<\/li>\n<li>Options de disposition et de filtrage de la grille de portefeuille pour une navigation facile.<\/li>\n<li>Options personnalisables pour les polices, les couleurs et la disposition.<\/li>\n<li>Optimisation de SEO int\u00e9gr\u00e9e pour am\u00e9liorer les classements de recherche.<\/li>\n<li>Compatible avec les plugins WordPress populaires pour des fonctionnalit\u00e9s suppl\u00e9mentaires.<\/li>\n<li>Importation de d\u00e9monstration en un clic pour une configuration et une personnalisation faciles.<\/li>\n<li>Vitesse de chargement rapide pour am\u00e9liorer les performances du site.<\/li>\n<li>\u00c9quipe d&rsquo;assistance amicale et d\u00e9vou\u00e9e pour toute demande ou probl\u00e8me.<\/li>\n<li>Mises \u00e0 jour r\u00e9guli\u00e8res avec de nouvelles fonctionnalit\u00e9s et am\u00e9liorations.<\/li>\n<li>Acc\u00e8s et utilisation \u00e0 vie avec des installations illimit\u00e9es.<\/li>\n<\/ul>\n","protected":false},"excerpt":{"rendered":"<p>Le th\u00e8me WordPress du portefeuille MytheMeshop, r\u00e9put\u00e9 pour son \u00e9l\u00e9gance et sa modernit\u00e9, a \u00e9t\u00e9 ing\u00e9nieusement con\u00e7u pour montrer vos efforts cr\u00e9atifs d&rsquo;une mani\u00e8re tr\u00e8s sophistiqu\u00e9e et polie. B\u00e9n\u00e9ficiant d&rsquo;une pl\u00e9thore d&rsquo;options et de dispositions personnalisables, ce th\u00e8me exceptionnel vous permet de pr\u00e9senter sans effort votre portefeuille d&rsquo;une mani\u00e8re qui s&rsquo;aligne parfaitement sur votre style et votre vision distinctifs. De plus, sa rapidit\u00e9 louable dans le chargement et la r\u00e9activit\u00e9 in\u00e9branlable sur tous les appareils assurent une exp\u00e9rience visuelle impressionnante pour votre public. Que vous vous retrouviez immerg\u00e9 dans les domaines de la photographie, du design ou du talent artistique, le th\u00e8me WordPress du portefeuille MyTheShop est une plate-forme in\u00e9gal\u00e9e et indispensable, o\u00f9 vos chefs-d&rsquo;\u0153uvre prennent vie dans un spectacle captivant et fonctionnel.<\/p>\n","protected":false},"featured_media":144685,"comment_status":"open","ping_status":"open","template":"","meta":[],"product_brand":[2601],"product_cat":[1242,1212,1213],"product_tag":[1309],"class_list":{"0":"post-121784","1":"product","2":"type-product","3":"status-publish","4":"has-post-thumbnail","6":"product_brand-my-theme-shop","7":"product_cat-creatif","8":"product_cat-themes","9":"product_cat-wordpress-themes","10":"product_tag-my-theme-shop","11":"member-discount","12":"discount-restricted","14":"first","15":"instock","16":"sale","17":"downloadable","18":"virtual","19":"sold-individually","20":"purchasable","21":"product-type-simple"},"_links":{"self":[{"href":"https:\/\/gpl-love.com\/fr\/wp-json\/wp\/v2\/product\/121784","targetHints":{"allow":["GET"]}}],"collection":[{"href":"https:\/\/gpl-love.com\/fr\/wp-json\/wp\/v2\/product"}],"about":[{"href":"https:\/\/gpl-love.com\/fr\/wp-json\/wp\/v2\/types\/product"}],"replies":[{"embeddable":true,"href":"https:\/\/gpl-love.com\/fr\/wp-json\/wp\/v2\/comments?post=121784"}],"wp:featuredmedia":[{"embeddable":true,"href":"https:\/\/gpl-love.com\/fr\/wp-json\/wp\/v2\/media\/144685"}],"wp:attachment":[{"href":"https:\/\/gpl-love.com\/fr\/wp-json\/wp\/v2\/media?parent=121784"}],"wp:term":[{"taxonomy":"product_brand","embeddable":true,"href":"https:\/\/gpl-love.com\/fr\/wp-json\/wp\/v2\/product_brand?post=121784"},{"taxonomy":"product_cat","embeddable":true,"href":"https:\/\/gpl-love.com\/fr\/wp-json\/wp\/v2\/product_cat?post=121784"},{"taxonomy":"product_tag","embeddable":true,"href":"https:\/\/gpl-love.com\/fr\/wp-json\/wp\/v2\/product_tag?post=121784"}],"curies":[{"name":"wp","href":"https:\/\/api.w.org\/{rel}","templated":true}]}}