{"id":121774,"date":"2021-02-09T00:00:00","date_gmt":"2021-02-08T23:00:00","guid":{"rendered":"https:\/\/gpl-love.com\/fr\/produit\/userpro-dashboard\/"},"modified":"2026-04-10T18:44:48","modified_gmt":"2026-04-10T16:44:48","slug":"userpro-dashboard","status":"publish","type":"product","link":"https:\/\/gpl-love.com\/fr\/produit\/userpro-dashboard\/","title":{"rendered":"UserPro DashBoard 3.7"},"content":{"rendered":"<h3>UserPro DashBoard Traits<\/h3>\n<p>Le tableau de bord UserPro, un plugin complet pour la gestion des utilisateurs, est con\u00e7u pour \u00e9quiper votre site Web d&rsquo;un tableau de bord utilisateur qui poss\u00e8de un tableau de fonctionnalit\u00e9s impressionnantes. Ce plugin vous permet de cr\u00e9er des profils d&rsquo;utilisateurs personnalis\u00e9s, de g\u00e9rer efficacement les r\u00f4les et d&rsquo;autorisations utilisateur et de pr\u00e9senter une myriade d&rsquo;options pour l&rsquo;enregistrement et la connexion des utilisateurs. De plus, l&rsquo;interface utilisateur est non seulement conviviale, mais propose \u00e9galement une vaste gamme d&rsquo;options de personnalisation qui r\u00e9pondent \u00e0 vos besoins sp\u00e9cifiques. Gr\u00e2ce au tableau de bord UserPro, vous pouvez am\u00e9liorer de mani\u00e8re transparente l&rsquo;exp\u00e9rience de vos utilisateurs sur votre site Web en leur fournissant une plate-forme conviviale qui leur permet de g\u00e9rer sans effort leurs profils et d&rsquo;acc\u00e9der aux informations dont ils ont besoin. Peu importe que vous utilisiez un site Web WordPress, une boutique de commerce \u00e9lectronique ou un r\u00e9seau social florissant, le tableau de bord UserPro est la solution parfaite pour g\u00e9rer efficacement vos utilisateurs et offrir une exp\u00e9rience utilisateur in\u00e9gal\u00e9e.<\/p>\n<ul>\n<li>Tableau de bord utilisateur complet pour les propri\u00e9taires de sites Web et les administrateurs<\/li>\n<li>Fournit des options de gestion des comptes d&rsquo;utilisateurs d\u00e9taill\u00e9s<\/li>\n<li>Offre des fonctionnalit\u00e9s avanc\u00e9es d&rsquo;enregistrement des utilisateurs et de connexion<\/li>\n<li>Suit l&rsquo;activit\u00e9 des utilisateurs et l&rsquo;engagement sur le site Web<\/li>\n<li>Permet aux propri\u00e9taires de sites Web de g\u00e9rer facilement les r\u00f4les et les autorisations des utilisateurs<\/li>\n<li>S&rsquo;int\u00e8gre parfaitement aux plates-formes CMS populaires comme WordPress et Drupal<\/li>\n<li>Offre des profils d&rsquo;utilisateurs personnalisables pour chaque utilisateur individuel<\/li>\n<li>Fournit divers outils d&rsquo;engagement des utilisateurs tels que les notifications et la messagerie<\/li>\n<li>Permet la cr\u00e9ation et la gestion des groupes d&rsquo;utilisateurs et des communaut\u00e9s<\/li>\n<li>Offre des capacit\u00e9s de rapports et d&rsquo;analyse robustes pour les donn\u00e9es et l&rsquo;activit\u00e9 des utilisateurs<\/li>\n<\/ul>\n","protected":false},"excerpt":{"rendered":"<p>Le tableau de bord UserPro, un outil incroyablement robuste et puissant, donne aux utilisateurs la possibilit\u00e9 de superviser et de r\u00e9guler sans effort leur profil et leurs pr\u00e9f\u00e9rences sur tout site Web utilisant le plugin UserPro. B\u00e9n\u00e9ficiant d&rsquo;une interface immacul\u00e9e et intuitive, les utilisateurs peuvent sans effort apporter des modifications \u00e0 leur biographie, t\u00e9l\u00e9charger sans effort leur image de profil et administrer de mani\u00e8re transparente les d\u00e9tails de leur compte. De plus, ce tableau de bord accorde \u00e9galement le privil\u00e8ge d&rsquo;acc\u00e9der aux messages personnels, de rester \u00e0 jour sur les notifications et de g\u00e9rer facilement les connexions sur les r\u00e9seaux sociaux. Gr\u00e2ce au tableau de bord UserPro, la t\u00e2che de g\u00e9rer efficacement sa pr\u00e9sence en ligne n&rsquo;a jamais \u00e9t\u00e9 aussi sans effort!<\/p>\n","protected":false},"featured_media":145698,"comment_status":"open","ping_status":"open","template":"","meta":[],"product_brand":[2435],"product_cat":[1189,1181,1186],"product_tag":[1231],"class_list":{"0":"post-121774","1":"product","2":"type-product","3":"status-publish","4":"has-post-thumbnail","6":"product_brand-codecanyon","7":"product_cat-personnalisation","8":"product_cat-plugins","9":"product_cat-wordpress-plugins","10":"product_tag-codecanyon","11":"member-discount","12":"discount-restricted","14":"first","15":"instock","16":"sale","17":"downloadable","18":"virtual","19":"sold-individually","20":"purchasable","21":"product-type-simple"},"_links":{"self":[{"href":"https:\/\/gpl-love.com\/fr\/wp-json\/wp\/v2\/product\/121774","targetHints":{"allow":["GET"]}}],"collection":[{"href":"https:\/\/gpl-love.com\/fr\/wp-json\/wp\/v2\/product"}],"about":[{"href":"https:\/\/gpl-love.com\/fr\/wp-json\/wp\/v2\/types\/product"}],"replies":[{"embeddable":true,"href":"https:\/\/gpl-love.com\/fr\/wp-json\/wp\/v2\/comments?post=121774"}],"wp:featuredmedia":[{"embeddable":true,"href":"https:\/\/gpl-love.com\/fr\/wp-json\/wp\/v2\/media\/145698"}],"wp:attachment":[{"href":"https:\/\/gpl-love.com\/fr\/wp-json\/wp\/v2\/media?parent=121774"}],"wp:term":[{"taxonomy":"product_brand","embeddable":true,"href":"https:\/\/gpl-love.com\/fr\/wp-json\/wp\/v2\/product_brand?post=121774"},{"taxonomy":"product_cat","embeddable":true,"href":"https:\/\/gpl-love.com\/fr\/wp-json\/wp\/v2\/product_cat?post=121774"},{"taxonomy":"product_tag","embeddable":true,"href":"https:\/\/gpl-love.com\/fr\/wp-json\/wp\/v2\/product_tag?post=121774"}],"curies":[{"name":"wp","href":"https:\/\/api.w.org\/{rel}","templated":true}]}}